{"id":803,"date":"2023-09-11T14:57:59","date_gmt":"2023-09-11T14:57:59","guid":{"rendered":"https:\/\/bqeye.com\/?post_type=product&#038;p=803"},"modified":"2024-04-18T02:22:36","modified_gmt":"2024-04-18T02:22:36","slug":"bqeye-dna-taylor-purple-colored-contact-lenses","status":"publish","type":"product","link":"https:\/\/bqeye.com\/de\/bqeye-dna-taylor-purple-colored-contact-lenses\/","title":{"rendered":"BQeye DNA Taylor Lila Farbige Kontaktlinsen"},"content":{"rendered":"<div>Kanalisieren Sie k\u00f6nigliche T\u00f6ne mit den farbigen Kontaktlinsen DNA Taylor Purple von BQeye.<\/div>\n<div><\/div>\n<div>Inspiriert von der hypnotisierenden Lavendel-Lidschattenpalette der Make-up-K\u00fcnstlerin Pat McGrath, verf\u00fchrt dieser verbl\u00fcffende violette Blick mit aristokratischem Flair. Egal, ob Sie mit nat\u00fcrlichen T\u00f6nen spielen oder sich f\u00fcr einen k\u00f6niglichen Blick entscheiden, DNA Taylor Purple kr\u00f6nt Ihre Augen mit einem Look, der f\u00fcr prestigetr\u00e4chtige rote Teppiche geeignet ist.<\/div>\n<div><\/div>\n<div>Die farbigen Kontaktlinsen bestehen aus feuchtigkeitsges\u00e4ttigtem HEMA und behalten ihre individuelle Farbe rund um die Uhr bei. Ihre revolution\u00e4re Formel sch\u00fctzt die Augen auch vor Umwelteinfl\u00fcssen, damit die Mystik die Oberhand beh\u00e4lt.<\/div>\n<div><\/div>\n<div>Bei Markttests bezeichneten Bewunderer den neuen \"majest\u00e4tischen lila\" Blick als \"Kunstwerk\". Die Tr\u00e4gerinnen sprachen davon, dass sie sich \u00fcppig und m\u00e4chtig f\u00fchlten - so extravagant und fesselnd wie der legend\u00e4re Blick des K\u00fcnstlers.<\/div>\n<div><\/div>\n<div>Beherrsche die Laufstege und roten Teppiche mit den farbigen Kontaktlinsen BQeye DNA Taylor Purple. Ziehen Sie die exklusivsten Kreise Hollywoods in Ihren hypnotischen violetten Bann mit Farben, die ebenso leuchtend wie luxuri\u00f6s sind. Geben Sie jetzt Ihre Bestellung auf, um bei jeder Veranstaltung einen gro\u00dfen Auftritt hinzulegen, der den prestigetr\u00e4chtigsten violetten Herrschaften der Welt gerecht wird.<\/div>","protected":false},"excerpt":{"rendered":"<p>Channel royal tones with BQeye&#8217;s DNA Taylor Purple colored contact lenses. Inspired by makeup artist Pat McGrath&#8217;s hypnotic lavender eyeshadow palette, this arresting violet gaze seduces with aristocratic flavor. Whether playing up natural tones or opting for eye-catching royalty, DNA Taylor Purple crowns eyes with a look fit for prestigious red carpets. Crafted from moisture-infused [&#8230;]\n","protected":false},"featured_media":813,"comment_status":"open","ping_status":"closed","template":"","meta":[],"product_brand":[],"product_cat":[178,91,96,82,98],"product_tag":[],"class_list":{"0":"post-803","1":"product","2":"type-product","3":"status-publish","4":"has-post-thumbnail","6":"product_cat-dna-taylor","7":"product_cat-14-2-mm","8":"product_cat-non-prescription","9":"product_cat-purple-contact-lenses","10":"product_cat-yearly-disposable","12":"first","13":"instock","14":"sale","15":"shipping-taxable","16":"purchasable","17":"product-type-variable","18":"has-default-attributes"},"_links":{"self":[{"href":"https:\/\/bqeye.com\/de\/wp-json\/wp\/v2\/product\/803","targetHints":{"allow":["GET"]}}],"collection":[{"href":"https:\/\/bqeye.com\/de\/wp-json\/wp\/v2\/product"}],"about":[{"href":"https:\/\/bqeye.com\/de\/wp-json\/wp\/v2\/types\/product"}],"replies":[{"embeddable":true,"href":"https:\/\/bqeye.com\/de\/wp-json\/wp\/v2\/comments?post=803"}],"wp:featuredmedia":[{"embeddable":true,"href":"https:\/\/bqeye.com\/de\/wp-json\/wp\/v2\/media\/813"}],"wp:attachment":[{"href":"https:\/\/bqeye.com\/de\/wp-json\/wp\/v2\/media?parent=803"}],"wp:term":[{"taxonomy":"product_brand","embeddable":true,"href":"https:\/\/bqeye.com\/de\/wp-json\/wp\/v2\/product_brand?post=803"},{"taxonomy":"product_cat","embeddable":true,"href":"https:\/\/bqeye.com\/de\/wp-json\/wp\/v2\/product_cat?post=803"},{"taxonomy":"product_tag","embeddable":true,"href":"https:\/\/bqeye.com\/de\/wp-json\/wp\/v2\/product_tag?post=803"}],"curies":[{"name":"wp","href":"https:\/\/api.w.org\/{rel}","templated":true}]}}