{"id":884,"date":"2023-09-12T06:52:53","date_gmt":"2023-09-12T06:52:53","guid":{"rendered":"https:\/\/bqeye.com\/?post_type=product&#038;p=884"},"modified":"2024-04-18T02:22:12","modified_gmt":"2024-04-18T02:22:12","slug":"bqeye-mystery-red-colored-contact-lenses","status":"publish","type":"product","link":"https:\/\/bqeye.com\/de\/bqeye-mystery-red-colored-contact-lenses\/","title":{"rendered":"BQeye Mystery Rote Farbige Kontaktlinsen"},"content":{"rendered":"<p>Unsere neuesten farbigen Kontaktlinsen fangen einen geheimnisvollen purpurroten Blick durch eine wundersch\u00f6ne Mischung aus Scharlach- und Burgundert\u00f6nen ein. Im Gegensatz zu kr\u00e4ftigen Rott\u00f6nen erzeugt Mystery Red eine elegante Faszination, die die nat\u00fcrliche Sch\u00f6nheit beim Tragen dieser farbigen Kontaktlinsen verst\u00e4rkt.<\/p>\n<p>Als f\u00fchrender Anbieter von farbigen Kontaktlinsen widmet sich BQeye der Herstellung innovativer Linsen, die sich nahtlos an Ihre Augenfarbe anpassen. Mystery Red akzentuiert Ihre Iris auf subtile Weise f\u00fcr einen auff\u00e4lligen und doch weichen Effekt. Unsere hochmoderne, feuchtigkeitsableitende Formel verhindert ein unangenehmes Gef\u00fchl, so dass Sie mit diesen farbigen Kontaktlinsen den ganzen Tag \u00fcber Ihr neues, faszinierendes Aussehen genie\u00dfen k\u00f6nnen.<\/p>\n<p>Ganz gleich, ob Sie Ihr Selbstvertrauen st\u00e4rken oder einfach nur mit neuen Stilen experimentieren m\u00f6chten, die farbigen Kontaktlinsen von BQeye erm\u00f6glichen Ihnen, sich selbst zu verwirklichen. Mystery Red ist eine Top-Wahl f\u00fcr alle, die eine verlockende neue Farbe suchen, die die Neugierde weckt. Wie bei allen unseren farbigen Kontaktlinsen steht der Komfort im Vordergrund, damit Sie nur die Komplimente wahrnehmen!<\/p>\n<p>Entdecken Sie den Zauber der Mystery Red Kontaktlinsen von BQeye. Wir haben unz\u00e4hligen Kunden geholfen, ihre perfekten farbigen Kontaktlinsen zu finden, um ihre nat\u00fcrliche Ausstrahlung zu unterstreichen. St\u00f6bern Sie noch heute in unserem breiten Sortiment an leistungsstarken farbigen Kontaktlinsen!<\/p>","protected":false},"excerpt":{"rendered":"<p>Our latest colored contact lenses capture an enigmatic crimson gaze through a beautiful blend of scarlet and burgundy hues. Unlike stark primary reds, Mystery Red creates an elegant intrigue that amplifies natural beauty when wearing these colored contacts. As a leader in colored contacts, BQeye is devoted to crafting innovative lenses that seamlessly blend with [&#8230;]\n","protected":false},"featured_media":893,"comment_status":"open","ping_status":"closed","template":"","meta":[],"product_brand":[],"product_cat":[216,92,96,78,98],"product_tag":[],"class_list":{"0":"post-884","1":"product","2":"type-product","3":"status-publish","4":"has-post-thumbnail","6":"product_cat-mystery","7":"product_cat-14-5-mm","8":"product_cat-non-prescription","9":"product_cat-red-contact-lenses","10":"product_cat-yearly-disposable","12":"first","13":"instock","14":"sale","15":"shipping-taxable","16":"purchasable","17":"product-type-variable","18":"has-default-attributes"},"_links":{"self":[{"href":"https:\/\/bqeye.com\/de\/wp-json\/wp\/v2\/product\/884","targetHints":{"allow":["GET"]}}],"collection":[{"href":"https:\/\/bqeye.com\/de\/wp-json\/wp\/v2\/product"}],"about":[{"href":"https:\/\/bqeye.com\/de\/wp-json\/wp\/v2\/types\/product"}],"replies":[{"embeddable":true,"href":"https:\/\/bqeye.com\/de\/wp-json\/wp\/v2\/comments?post=884"}],"wp:featuredmedia":[{"embeddable":true,"href":"https:\/\/bqeye.com\/de\/wp-json\/wp\/v2\/media\/893"}],"wp:attachment":[{"href":"https:\/\/bqeye.com\/de\/wp-json\/wp\/v2\/media?parent=884"}],"wp:term":[{"taxonomy":"product_brand","embeddable":true,"href":"https:\/\/bqeye.com\/de\/wp-json\/wp\/v2\/product_brand?post=884"},{"taxonomy":"product_cat","embeddable":true,"href":"https:\/\/bqeye.com\/de\/wp-json\/wp\/v2\/product_cat?post=884"},{"taxonomy":"product_tag","embeddable":true,"href":"https:\/\/bqeye.com\/de\/wp-json\/wp\/v2\/product_tag?post=884"}],"curies":[{"name":"wp","href":"https:\/\/api.w.org\/{rel}","templated":true}]}}