{"id":912,"date":"2023-09-12T07:52:29","date_gmt":"2023-09-12T07:52:29","guid":{"rendered":"https:\/\/bqeye.com\/?post_type=product&#038;p=912"},"modified":"2024-04-18T02:22:02","modified_gmt":"2024-04-18T02:22:02","slug":"bqeye-mystery-green-colored-contact-lenses","status":"publish","type":"product","link":"https:\/\/bqeye.com\/de\/bqeye-mystery-green-colored-contact-lenses\/","title":{"rendered":"BQeye Mystery Gr\u00fcn Farbige Kontaktlinsen"},"content":{"rendered":"<p>Entdecken Sie das bezaubernde Mystery Green - unser neuestes Mitglied in der Familie der farbigen Kontaktlinsen von BQeye. Mit einer unwiderstehlichen Mischung aus Smaragd, Peridot und Waldt\u00f6nen enth\u00fcllen diese gr\u00fcnen Kontaktlinsen Augen, die fesseln und faszinieren.<\/p>\n<p>Im Gegensatz zu gew\u00f6hnlichen Gr\u00fcnt\u00f6nen erhellt Mystery Ihren Blick mit einem schwer fassbaren, mystischen Charme. Subtile Moos- und Jade-Akzente verleihen jeder Augenfarbe eine \u00e4therische Anziehungskraft. Ihre Augen ziehen auf einer tieferen Ebene in ihren Bann - doch welche Geheimnisse sich hinter ihrem Schleier verbergen, bleibt abzuwarten.<\/p>\n<p>Unsere hochmoderne Formel wurde f\u00fcr unauff\u00e4lligen Komfort entwickelt und bewegt sich unmerklich bei jedem Blick. Polymer-Kurven und -Kan\u00e4le sorgen daf\u00fcr, dass die Augen den ganzen Tag lang so frisch wie der Morgentau bleiben. Dr\u00fccken Sie Ihr Selbstvertrauen durch Make-up aus oder lassen Sie der Natur ihren Lauf - Mystery Green verst\u00e4rkt die angeborene Ausstrahlung von innen.<\/p>\n<p>Entdecken Sie eine unbekannte Facette von sich selbst mit den farbigen Kontaktlinsen BQeye Mystery Green. Entfesseln Sie authentisches Charisma, denn diese farbigen Kontaktlinsen wecken mit jedem Blick die Faszination. Unsere engagierten Produktexperten sorgen f\u00fcr eine perfekte Passform f\u00fcr einen verf\u00fchrerischen und doch unauff\u00e4lligen Look.<\/p>\n<p>Durchst\u00f6bern Sie unsere umfangreiche Auswahl an gr\u00fcnen und farbigen Kontaktlinsen. BQeye hat die Farbt\u00f6ne, die deine innere Mystik zum Vorschein bringen!<\/p>","protected":false},"excerpt":{"rendered":"<p>Reveal the enchanting Mystery Green &#8211; our latest addition to the BQeye colored contact lenses family. Infused with an irresistible blend of emerald, peridot and forest tones, these green contacts unveil eyes that captivate and intrigue. Unlike ordinary greens, Mystery enlightens your gaze with an elusive, mystical charm. Subtle swirls of mossy and jade accents [&#8230;]\n","protected":false},"featured_media":920,"comment_status":"open","ping_status":"closed","template":"","meta":[],"product_brand":[],"product_cat":[216,92,77,96,98],"product_tag":[],"class_list":{"0":"post-912","1":"product","2":"type-product","3":"status-publish","4":"has-post-thumbnail","6":"product_cat-mystery","7":"product_cat-14-5-mm","8":"product_cat-green-contact-lenses","9":"product_cat-non-prescription","10":"product_cat-yearly-disposable","12":"first","13":"instock","14":"sale","15":"shipping-taxable","16":"purchasable","17":"product-type-variable","18":"has-default-attributes"},"_links":{"self":[{"href":"https:\/\/bqeye.com\/de\/wp-json\/wp\/v2\/product\/912","targetHints":{"allow":["GET"]}}],"collection":[{"href":"https:\/\/bqeye.com\/de\/wp-json\/wp\/v2\/product"}],"about":[{"href":"https:\/\/bqeye.com\/de\/wp-json\/wp\/v2\/types\/product"}],"replies":[{"embeddable":true,"href":"https:\/\/bqeye.com\/de\/wp-json\/wp\/v2\/comments?post=912"}],"wp:featuredmedia":[{"embeddable":true,"href":"https:\/\/bqeye.com\/de\/wp-json\/wp\/v2\/media\/920"}],"wp:attachment":[{"href":"https:\/\/bqeye.com\/de\/wp-json\/wp\/v2\/media?parent=912"}],"wp:term":[{"taxonomy":"product_brand","embeddable":true,"href":"https:\/\/bqeye.com\/de\/wp-json\/wp\/v2\/product_brand?post=912"},{"taxonomy":"product_cat","embeddable":true,"href":"https:\/\/bqeye.com\/de\/wp-json\/wp\/v2\/product_cat?post=912"},{"taxonomy":"product_tag","embeddable":true,"href":"https:\/\/bqeye.com\/de\/wp-json\/wp\/v2\/product_tag?post=912"}],"curies":[{"name":"wp","href":"https:\/\/api.w.org\/{rel}","templated":true}]}}