{"id":930,"date":"2023-09-12T08:19:35","date_gmt":"2023-09-12T08:19:35","guid":{"rendered":"https:\/\/bqeye.com\/?post_type=product&#038;p=930"},"modified":"2024-04-18T02:21:55","modified_gmt":"2024-04-18T02:21:55","slug":"bqeye-mystery-yellow-colored-contact-lenses","status":"publish","type":"product","link":"https:\/\/bqeye.com\/de\/bqeye-mystery-yellow-colored-contact-lenses\/","title":{"rendered":"BQeye Mystery Gelb Farbige Kontaktlinsen"},"content":{"rendered":"<p>Lassen Sie Ihre Augen mit den BQeye Mystery Yellow farbigen Kontaktlinsen mit sonnengek\u00fcsster Faszination erstrahlen. Unsere innovative Alchemie aus Bernstein-, Honig- und Zitronent\u00f6nen enth\u00fcllt strahlende Augen, die mit einem unerkl\u00e4rlichen Charme funkeln.<\/p>\n<p>Mystery ist mehr als ein typisches Gelb und besticht durch eine bezaubernde Leuchtkraft und Tiefe. Subtile Farbverl\u00e4ufe unterstreichen die nat\u00fcrliche Sch\u00f6nheit von innen durch diese speziellen farbigen Kontaktlinsen. W\u00e4rme und Ausstrahlung h\u00fcllen den Blick in einen verf\u00fchrerischen Schleier und lassen den Betrachter staunen.<\/p>\n<p>Pr\u00e4zise Technik und fortschrittliche Hydra-Gel-Materialien sorgen daf\u00fcr, dass Mystery Yellow den ganzen Tag \u00fcber m\u00fchelos Akzente setzt. Unsere Elite-Gl\u00e4ser folgen jedem Ausdruck mit unmerklicher Klarheit und Komfort. Lassen Sie sich von Mystery zu neuen Entdeckungen von Charakter und Selbstvertrauen f\u00fchren.<\/p>\n<p>Entfesseln Sie Ihr magnetisches Selbst durch diese Mischung aus brillanten Goldt\u00f6nen. Als der beste Hersteller von farbigen Kontaktlinsen erm\u00f6glicht BQeye authentischen Selbstausdruck. Entdecken Sie Mystery Yellow - zusammen mit unserer renommierten Palette an transformativen Farbt\u00f6nen.<\/p>\n<p>Beleuchten Sie das n\u00e4chste Kapitel des Schicksals mit den sonnenverw\u00f6hnten Mystery Yellow Farbkontaktlinsen, die Ihre geheimnisvolle Ausstrahlung verst\u00e4rken. Lassen Sie BQeye Ihnen helfen, Augen zu enth\u00fcllen, die fesseln und einen Hauch von faszinierender W\u00e4rme und Charme hinzuf\u00fcgen.<\/p>","protected":false},"excerpt":{"rendered":"<p>Illuminate your eyes with sun-kissed intrigue courtesy of BQeye Mystery Yellow colored contact lenses. Our innovative alchemy of amber, honey and lemon hues unveils radiant eyes that sparkle with an inexplicable charm. More than a typical yellow, Mystery captivates with an enchanting luminosity and depth. Subtle gradients highlight natural beauty from within through these specialized [&#8230;]\n","protected":false},"featured_media":937,"comment_status":"open","ping_status":"closed","template":"","meta":[],"product_brand":[],"product_cat":[216,92,96,98,79],"product_tag":[],"class_list":{"0":"post-930","1":"product","2":"type-product","3":"status-publish","4":"has-post-thumbnail","6":"product_cat-mystery","7":"product_cat-14-5-mm","8":"product_cat-non-prescription","9":"product_cat-yearly-disposable","10":"product_cat-yellow-contact-lenses","12":"first","13":"instock","14":"sale","15":"shipping-taxable","16":"purchasable","17":"product-type-variable","18":"has-default-attributes"},"_links":{"self":[{"href":"https:\/\/bqeye.com\/de\/wp-json\/wp\/v2\/product\/930","targetHints":{"allow":["GET"]}}],"collection":[{"href":"https:\/\/bqeye.com\/de\/wp-json\/wp\/v2\/product"}],"about":[{"href":"https:\/\/bqeye.com\/de\/wp-json\/wp\/v2\/types\/product"}],"replies":[{"embeddable":true,"href":"https:\/\/bqeye.com\/de\/wp-json\/wp\/v2\/comments?post=930"}],"wp:featuredmedia":[{"embeddable":true,"href":"https:\/\/bqeye.com\/de\/wp-json\/wp\/v2\/media\/937"}],"wp:attachment":[{"href":"https:\/\/bqeye.com\/de\/wp-json\/wp\/v2\/media?parent=930"}],"wp:term":[{"taxonomy":"product_brand","embeddable":true,"href":"https:\/\/bqeye.com\/de\/wp-json\/wp\/v2\/product_brand?post=930"},{"taxonomy":"product_cat","embeddable":true,"href":"https:\/\/bqeye.com\/de\/wp-json\/wp\/v2\/product_cat?post=930"},{"taxonomy":"product_tag","embeddable":true,"href":"https:\/\/bqeye.com\/de\/wp-json\/wp\/v2\/product_tag?post=930"}],"curies":[{"name":"wp","href":"https:\/\/api.w.org\/{rel}","templated":true}]}}