{"id":981,"date":"2023-09-12T11:06:10","date_gmt":"2023-09-12T11:06:10","guid":{"rendered":"https:\/\/bqeye.com\/?post_type=product&#038;p=981"},"modified":"2024-04-18T02:21:39","modified_gmt":"2024-04-18T02:21:39","slug":"bqeye-magnificent-sahara-brown-colored-contact-lenses","status":"publish","type":"product","link":"https:\/\/bqeye.com\/de\/bqeye-magnificent-sahara-brown-colored-contact-lenses\/","title":{"rendered":"BQeye Magnificent Sahara Brown Farbige Kontaktlinsen"},"content":{"rendered":"<p>Verw\u00f6hne deine Augen mit den BQeye Magnificent Sahara Brown Farbkontaktlinsen. Unsere sonnenverw\u00f6hnte Mischung aus Sand, Kakao und Sepia l\u00e4sst deine Augen leuchten wie W\u00fcstend\u00fcnen in der Abendd\u00e4mmerung.<\/p>\n<p>Magnificent ist mehr als nur braun, sie hat feurige Untert\u00f6ne - goldene Nuancen, wenn die Sonne in den sienafarbenen Schatten versinkt. Diese speziellen farbigen Kontaktlinsen unterstreichen die nat\u00fcrliche Sch\u00f6nheit in ihrem sonnenuntergangsfarbenen Schleier.<\/p>\n<p>Magnificent wurde von Kunsthandwerkern der Linse hergestellt und bewegt sich, wenn Sie den ganzen Tag l\u00e4cheln, blinzeln und lachen. Die HEMA-Formel sorgt daf\u00fcr, dass diese Sonnenuntergangskugeln hydratisiert bleiben, egal ob Sie auf einem Kamel reiten oder die Sterne unter einem endlos sch\u00f6nen Himmel betrachten. Jetzt k\u00f6nnen innere Feuer und verborgene Einsichten f\u00fcr Sie zum Vorschein kommen.<\/p>\n<p>Lassen Sie Magnificent Ihre Ausstrahlung mit reichlich leuchtender Farbe erstrahlen. Das Fachwissen von BQeye sorgt f\u00fcr butterweiche Geschmeidigkeit, um den gl\u00fchenden Magnetismus zu unterstreichen, ob k\u00fchn flammend oder subtil verst\u00e4rkt durch warme W\u00fcstenwinde. Neue Geschichten von sonnenverw\u00f6hnter Anziehungskraft erstrahlen jetzt f\u00fcr alle sichtbar.<\/p>\n<p>Entfache dein pr\u00e4chtiges Schicksal mit farbigen Kontaktlinsen, die so grenzenlos reich und vielf\u00e4ltig sind wie die D\u00fcnen selbst. Es ist an der Zeit, Augen zu entdecken, die leuchten wie brennender Sand in der D\u00e4mmerung, der durch den herrlich w\u00e4rmenden Schleier von BQeye's feinster Kreation zu sehen ist. Deine unendlichen M\u00f6glichkeiten haben gerade erst begonnen.<\/p>","protected":false},"excerpt":{"rendered":"<p>Bask your eyes in warmth with BQeye&#8217;s Magnificent Sahara Brown colored contact lenses. Our sun-blessed blend of sand, cocoa and sepia awakens orbs aglow like desert dunes caressed at dusk. More than mere brown, Magnificent ignites fiery undertones\u2014hints of gold as the sun sinks into sienna shadows. These specialized colored contacts enhance natural beauty from [&#8230;]\n","protected":false},"featured_media":988,"comment_status":"open","ping_status":"closed","template":"","meta":[],"product_brand":[],"product_cat":[207,91,80,96,98],"product_tag":[],"class_list":{"0":"post-981","1":"product","2":"type-product","3":"status-publish","4":"has-post-thumbnail","6":"product_cat-magnificent","7":"product_cat-14-2-mm","8":"product_cat-brown-contact-lenses","9":"product_cat-non-prescription","10":"product_cat-yearly-disposable","12":"first","13":"instock","14":"sale","15":"shipping-taxable","16":"purchasable","17":"product-type-variable","18":"has-default-attributes"},"_links":{"self":[{"href":"https:\/\/bqeye.com\/de\/wp-json\/wp\/v2\/product\/981","targetHints":{"allow":["GET"]}}],"collection":[{"href":"https:\/\/bqeye.com\/de\/wp-json\/wp\/v2\/product"}],"about":[{"href":"https:\/\/bqeye.com\/de\/wp-json\/wp\/v2\/types\/product"}],"replies":[{"embeddable":true,"href":"https:\/\/bqeye.com\/de\/wp-json\/wp\/v2\/comments?post=981"}],"wp:featuredmedia":[{"embeddable":true,"href":"https:\/\/bqeye.com\/de\/wp-json\/wp\/v2\/media\/988"}],"wp:attachment":[{"href":"https:\/\/bqeye.com\/de\/wp-json\/wp\/v2\/media?parent=981"}],"wp:term":[{"taxonomy":"product_brand","embeddable":true,"href":"https:\/\/bqeye.com\/de\/wp-json\/wp\/v2\/product_brand?post=981"},{"taxonomy":"product_cat","embeddable":true,"href":"https:\/\/bqeye.com\/de\/wp-json\/wp\/v2\/product_cat?post=981"},{"taxonomy":"product_tag","embeddable":true,"href":"https:\/\/bqeye.com\/de\/wp-json\/wp\/v2\/product_tag?post=981"}],"curies":[{"name":"wp","href":"https:\/\/api.w.org\/{rel}","templated":true}]}}