{"id":993,"date":"2023-09-12T11:36:34","date_gmt":"2023-09-12T11:36:34","guid":{"rendered":"https:\/\/bqeye.com\/?post_type=product&#038;p=993"},"modified":"2024-04-18T02:21:35","modified_gmt":"2024-04-18T02:21:35","slug":"bqeye-magnificent-amazonia-green-colored-contact-lenses","status":"publish","type":"product","link":"https:\/\/bqeye.com\/de\/bqeye-magnificent-amazonia-green-colored-contact-lenses\/","title":{"rendered":"BQeye Magnificent Amazonia Green farbige Kontaktlinsen"},"content":{"rendered":"<p>Mit den Magnificent Amazonia Green Farbkontaktlinsen von BQeye bringen Sie Ihre Augen zum Leuchten. Unsere gr\u00fcne Mischung aus Smaragd, Moos und Palmwedeln erweckt die Augen mit der ungez\u00e4hmten Kraft der Natur zum Leben.<\/p>\n<p>Magnificent ist nicht nur gr\u00fcn, sondern entz\u00fcndet Untert\u00f6ne in Teal und Aqua - ein Aufblitzen von Papageienfl\u00fcgeln im Schwingen der Baumkronen. Diese speziellen farbigen Kontaktlinsen unterstreichen die nat\u00fcrliche Sch\u00f6nheit in ihrem \u00fcppigen Dschungelschleier.<\/p>\n<p>Hergestellt von Kunsthandwerkern, die in der Magie des Regenwaldes verwurzelt sind, bewegt sich Magnificent mit ungebremster Vitalit\u00e4t. HEMA h\u00e4lt diese gr\u00fcnen Sph\u00e4ren frisch, egal ob man versteckte Grotten erforscht oder hoch aufragende Gipfel erklimmt. Jetzt k\u00f6nnen die Geheimnisse des Waldes erahnt werden, wenn man die Augen hat, sie zu sehen.<\/p>\n<p>Lassen Sie Magnificent die lebendige Ausstrahlung mit satter gr\u00fcner Farbe verst\u00e4rken. Die Pr\u00e4zision von BQeye sorgt f\u00fcr ein geschmeidiges Tragegef\u00fchl, um den angeborenen Charme zu unterstreichen, egal ob er inmitten von dichtem Blattwerk gedeiht oder mit stiller Absicht beobachtet wird. Neue Geschichten \u00fcber die Faszination des Regenwaldes erstrahlen jetzt.<\/p>\n<p>Erwecken Sie Ihre wilde Seele mit Linsen, die so bl\u00fchend und vielf\u00e4ltig sind wie der Amazonas selbst. Es ist an der Zeit, Augen zu entdecken, die von der unb\u00e4ndigen Kraft der Natur leuchten, die durch den bezaubernden smaragdgr\u00fcnen Schleier von Magnificent zu sehen ist. Ihre Reise zu den endlosen Entdeckungen des Lebens hat gerade erst begonnen.<\/p>","protected":false},"excerpt":{"rendered":"<p>Unleash rainforest eyes aglow with BQeye&#8217;s Magnificent Amazonia Green colored contact lenses. Our verdant blend of emerald, moss and palm fronds awakens orbs alive with nature\u2019s untamed vigor. Beyond mere green, Magnificent ignites undertones of teal and aqua \u2014 flashes of parrot wings amid the canopy&#8217;s sway. These specialized colored contact lenses enhance natural beauty [&#8230;]\n","protected":false},"featured_media":1000,"comment_status":"open","ping_status":"closed","template":"","meta":[],"product_brand":[],"product_cat":[207,91,77,96,98],"product_tag":[],"class_list":{"0":"post-993","1":"product","2":"type-product","3":"status-publish","4":"has-post-thumbnail","6":"product_cat-magnificent","7":"product_cat-14-2-mm","8":"product_cat-green-contact-lenses","9":"product_cat-non-prescription","10":"product_cat-yearly-disposable","12":"first","13":"instock","14":"sale","15":"shipping-taxable","16":"purchasable","17":"product-type-variable","18":"has-default-attributes"},"_links":{"self":[{"href":"https:\/\/bqeye.com\/de\/wp-json\/wp\/v2\/product\/993","targetHints":{"allow":["GET"]}}],"collection":[{"href":"https:\/\/bqeye.com\/de\/wp-json\/wp\/v2\/product"}],"about":[{"href":"https:\/\/bqeye.com\/de\/wp-json\/wp\/v2\/types\/product"}],"replies":[{"embeddable":true,"href":"https:\/\/bqeye.com\/de\/wp-json\/wp\/v2\/comments?post=993"}],"wp:featuredmedia":[{"embeddable":true,"href":"https:\/\/bqeye.com\/de\/wp-json\/wp\/v2\/media\/1000"}],"wp:attachment":[{"href":"https:\/\/bqeye.com\/de\/wp-json\/wp\/v2\/media?parent=993"}],"wp:term":[{"taxonomy":"product_brand","embeddable":true,"href":"https:\/\/bqeye.com\/de\/wp-json\/wp\/v2\/product_brand?post=993"},{"taxonomy":"product_cat","embeddable":true,"href":"https:\/\/bqeye.com\/de\/wp-json\/wp\/v2\/product_cat?post=993"},{"taxonomy":"product_tag","embeddable":true,"href":"https:\/\/bqeye.com\/de\/wp-json\/wp\/v2\/product_tag?post=993"}],"curies":[{"name":"wp","href":"https:\/\/api.w.org\/{rel}","templated":true}]}}