{"id":328,"date":"2023-09-07T12:23:58","date_gmt":"2023-09-07T12:23:58","guid":{"rendered":"https:\/\/bqeye.com\/?page_id=328"},"modified":"2023-12-10T06:22:04","modified_gmt":"2023-12-10T06:22:04","slug":"about-us","status":"publish","type":"page","link":"https:\/\/bqeye.com\/es\/about-us\/","title":{"rendered":"Qui\u00e9nes somos"},"content":{"rendered":"<h3 class=\"md-end-block md-heading\"><span class=\"md-plain md-expand\">Nuestra historia<\/span><\/h3>\n<p class=\"md-end-block md-p md-focus\"><span class=\"md-plain md-expand\">Dicen que los ojos son la ventana del alma. Pero, durante demasiado tiempo, las empresas de lentes de contacto han limitado lo que podemos ver a trav\u00e9s de esas ventanas. Las grandes empresas dominan el sector, cobran demasiado por las lentes transparentes b\u00e1sicas e ignoran la demanda de m\u00e1s opciones por parte de los consumidores. Han convertido las lentes de contacto en un producto anodino, en lugar de una oportunidad para expresarse.<\/span><\/p>\n<p class=\"md-end-block md-p\"><span class=\"md-plain\">Creamos nuestra empresa para romper esos cristales empa\u00f1ados y poner un poco de color en el mundo de las lentes de contacto.<\/span><\/p>\n<h3 class=\"md-end-block md-heading\"><span class=\"md-plain\">Qui\u00e9nes somos<\/span><\/h3>\n<p class=\"md-end-block md-p\"><span class=\"md-plain\">Soy Alex y soy Alice. Somos hermanos, emprendedores y, sobre todo, optimistas implacables.<\/span><\/p>\n<p class=\"md-end-block md-p\"><span class=\"md-plain\">Cuando \u00e9ramos peque\u00f1os, los dos ten\u00edamos problemas de visi\u00f3n que nos obligaban a llevar gafas o lentillas. Cuando \u00e9ramos adolescentes, ahorramos para comprar lentillas de colores que nos permitieran cambiar el color de los ojos por diversi\u00f3n. Entonces nos dimos cuenta de lo transformador que era cambiar incluso un peque\u00f1o detalle de nuestra apariencia.<\/span><\/p>\n<p class=\"md-end-block md-p\"><span class=\"md-plain\">M\u00e1s tarde, en la universidad, habl\u00e1bamos a menudo de montar una empresa juntos alg\u00fan d\u00eda. Una noche, durante la cena, surgi\u00f3 la chispa que dio lugar a nuestra empresa actual. Nos quej\u00e1bamos del aumento del precio de las lentillas y de la falta de innovaci\u00f3n de los grandes fabricantes. Fue entonces cuando se nos ocurri\u00f3 la idea: lanzar una empresa de lentes de contacto coloridas y asequibles que permitiera a la gente hacer una declaraci\u00f3n de intenciones, no s\u00f3lo corregir su visi\u00f3n.<\/span><\/p>\n<p class=\"md-end-block md-p\"><span class=\"md-plain\">Sab\u00edamos que no ser\u00eda f\u00e1cil irrumpir en el oligopolio del sector de las lentes de contacto. Pero est\u00e1bamos decididos a aportar cambio, creatividad y ahorro a los consumidores. As\u00ed que desarrollamos un plan, nos pusimos en contacto con socios fabricantes y dimos el salto a la iniciativa empresarial.<\/span><\/p>\n<h3 class=\"md-end-block md-heading\"><span class=\"md-plain\">\u00bfPor qu\u00e9 lentes de color?<\/span><\/h3>\n<p class=\"md-end-block md-p\"><span class=\"md-plain\">Las lentes de contacto de color te permiten transformar tu mirada en un instante. \u00bfQuieres cambiar radicalmente el color de tus ojos? Pasa del marr\u00f3n al azul en un instante. \u00bfTe apetece lucir ojos de gato en una fiesta de disfraces? Ahora puedes hacerlo con lentillas de colores.<\/span><\/p>\n<p class=\"md-end-block md-p\"><span class=\"md-plain\">M\u00e1s all\u00e1 del factor diversi\u00f3n, las lentes de contacto de color tambi\u00e9n atraen a quienes buscan mejorar sutilmente el color natural de sus ojos. Por ejemplo, aclarando un marr\u00f3n oscuro a un tono miel, o a\u00f1adiendo un anillo limbal para resaltar los ojos azules.<\/span><\/p>\n<p class=\"md-end-block md-p\"><span class=\"md-plain\">Los casos de uso van mucho m\u00e1s all\u00e1 del atractivo est\u00e9tico. Las lentes de contacto de color permiten aplicaciones m\u00e9dicas como las pr\u00f3tesis oculares. Tambi\u00e9n pueden proteger los ojos de los rayos UV si se formulan con filtros protectores.<\/span><\/p>\n<p class=\"md-end-block md-p\"><span class=\"md-plain\">En general, las opciones de color de las lentes de contacto potencian la expresi\u00f3n personal, aumentan la confianza en uno mismo, responden a necesidades m\u00e9dicas y ampl\u00edan la definici\u00f3n de belleza. Las posibilidades son infinitas cuando se ven las lentes de contacto como un accesorio cosm\u00e9tico, no solo como un dispositivo m\u00e9dico.<\/span><\/p>\n<h3 class=\"md-end-block md-heading\"><span class=\"md-plain\">\u00bfPor qu\u00e9 ahora?<\/span><\/h3>\n<p class=\"md-end-block md-p\"><span class=\"md-plain\">Los avances en la tecnolog\u00eda y fabricaci\u00f3n de lentes de contacto hacen que este sea el momento perfecto para lanzar nuestra colorida visi\u00f3n.<\/span><\/p>\n<p class=\"md-end-block md-p\"><span class=\"md-plain\">Cuando empezamos a indagar en el sector de las lentes de contacto, encontramos un espacio en blanco en el mercado. Los productos disponibles estaban anticuados y carec\u00edan de inspiraci\u00f3n. Las lentillas para corregir la visi\u00f3n dominan el mercado, mientras que las lentillas de color se tratan como una novedad de nicho.<\/span><\/p>\n<p class=\"md-end-block md-p\"><span class=\"md-plain\">Pero la demanda de color y autoexpresi\u00f3n es fuerte. En una encuesta que realizamos entre j\u00f3venes de 18 a 35 a\u00f1os, m\u00e1s de 85% afirmaron que estar\u00edan interesados en lentes de contacto de color si el coste fuera comparable al de las transparentes. Adem\u00e1s, 72% quer\u00edan opciones de color m\u00e1s llamativas que simplemente realzar el color natural de sus ojos.<\/span><\/p>\n<p class=\"md-end-block md-p\"><span class=\"md-plain\">Esta desconexi\u00f3n entre la demanda de los consumidores y la falta de lentes de color asequibles y de calidad representa una gran oportunidad. Gracias a los recientes avances en la ciencia de los materiales y en los m\u00e9todos de fabricaci\u00f3n de lentes, ahora podemos ofrecer lentes de color duraderas y vibrantes directamente a los consumidores a precios revolucionarios. Por fin la tecnolog\u00eda se ha puesto a la altura de los deseos de la gente.<\/span><\/p>\n<h3 class=\"md-end-block md-heading\"><span class=\"md-plain\">Nuestra visi\u00f3n<\/span><\/h3>\n<p class=\"md-end-block md-p\"><span class=\"md-plain\">Imaginamos un futuro en el que las lentes de contacto de color sean una forma divertida y accesible de transformar tu look, no un art\u00edculo especializado de uso poco frecuente.<\/span><\/p>\n<p class=\"md-end-block md-p\"><span class=\"md-plain\">Casi como un maquillaje para tus ojos, nuestras lentes de contacto de color te permitir\u00e1n expresarte y explorar. Queremos que te sientas seguro y c\u00f3modo probando nuevos colores, sabiendo que nuestras lentillas son de alta calidad y asequibles.<\/span><\/p>\n<p class=\"md-end-block md-p\"><span class=\"md-plain\">Tanto si busca un cambio sutil como destacar entre la multitud, nuestras lentes lo permiten todo. Ofrecemos la selecci\u00f3n de colores m\u00e1s amplia del mercado, con opciones ex\u00f3ticas que van mucho m\u00e1s all\u00e1 de los marrones, azules, verdes y grises habituales. Hablamos de dise\u00f1os metalizados, pastel e incluso estampados.<\/span><\/p>\n<p class=\"md-end-block md-p\"><span class=\"md-plain\">Al tiempo que ampliamos la paleta de colores, tambi\u00e9n pretendemos reducir dr\u00e1sticamente los costes. Nuestro modelo comercial de venta directa al consumidor permite ahorrar hasta 75% en comparaci\u00f3n con las marcas tradicionales de lentes de contacto. Creemos que llegar\u00e1 un d\u00eda en que las lentillas de color cuesten lo mismo que las lentillas transparentes convencionales, lo que las convertir\u00e1 en una compra f\u00e1cil y habitual en lugar de un derroche.<\/span><\/p>\n<p class=\"md-end-block md-p\"><span class=\"md-plain\">A lo largo de nuestro r\u00e1pido crecimiento, nunca perderemos de vista nuestro compromiso con la calidad. Todas nuestras lentes se fabrican en instalaciones de \u00faltima generaci\u00f3n y se someten a rigurosas pruebas de seguridad. Porque la salud ocular nunca debe sacrificarse en pos del estilo.<\/span><\/p>\n<p class=\"md-end-block md-p\"><span class=\"md-plain\">En resumen, nuestra visi\u00f3n es un mundo en el que las lentillas de color son:<\/span><\/p>\n<p class=\"md-end-block md-p\">-<span class=\"md-plain\"> Accesible: precios asequibles, pedidos en l\u00ednea sencillos<\/span><\/p>\n<p class=\"md-end-block md-p\">-<span class=\"md-plain\"> Alta calidad: seguridad y durabilidad comprobadas rigurosamente<\/span><\/p>\n<p class=\"md-end-block md-p\">-<span class=\"md-plain\"> En tendencia: estilos que anticipan y lideran los mercados<\/span><\/p>\n<p class=\"md-end-block md-p\">-<span class=\"md-plain\"> Empoderamiento: una forma divertida de transformar tu look a tu manera<\/span><\/p>\n<p class=\"md-end-block md-p\"><span class=\"md-plain\">Nuestros progresos<\/span><\/p>\n<p class=\"md-end-block md-p\"><span class=\"md-plain\">En los dos \u00faltimos a\u00f1os hemos trabajado sin descanso para hacer realidad nuestra visi\u00f3n:<\/span><\/p>\n<p class=\"md-end-block md-p\">-<span class=\"md-plain\"> Nos hemos asociado con los principales fabricantes de lentes de contacto del mundo para producir nuestra gama de lentes desechables diarias, lentes para varias semanas y lentes prot\u00e9sicas de efectos especiales.<\/span><\/p>\n<p class=\"md-end-block md-p\">-<span class=\"md-plain\"> Contratamos a oftalm\u00f3logos e ingenieros de producto de renombre para que nos asesoraran sobre las f\u00f3rmulas de nuestras lentes, las pruebas de seguridad y la fabricaci\u00f3n.<\/span><\/p>\n<p class=\"md-end-block md-p\">-<span class=\"md-plain\"> Nos abastecemos de materiales de alta calidad, como pol\u00edmeros patentados que cambian de color y pigmentos de color personalizados para conseguir colores vibrantes y duraderos.<\/span><\/p>\n<p class=\"md-end-block md-p\">-<span class=\"md-plain\"> Hemos perfeccionado nuestras operaciones de comercio electr\u00f3nico directo al consumidor, lo que permite a los clientes seleccionar, personalizar y pedir lentes en l\u00ednea con facilidad.<\/span><\/p>\n<p class=\"md-end-block md-p\">-<span class=\"md-plain\"> Hemos desarrollado t\u00e9cnicas revolucionarias para fabricar de forma r\u00e1pida y eficaz peque\u00f1os lotes de nuevos dise\u00f1os de color en respuesta a los comentarios de los consumidores. Esta agilidad mantiene nuestros estilos frescos y emocionantes.<\/span><\/p>\n<p class=\"md-end-block md-p\">-<span class=\"md-plain\"> Hemos creado un centro de distribuci\u00f3n de primera clase para enviar las lentes directamente a los clientes en un tiempo m\u00ednimo.<\/span><\/p>\n<p class=\"md-end-block md-p\">-<span class=\"md-plain\"> Hemos ampliado nuestro equipo a m\u00e1s de 50 personas apasionadas por la tecnolog\u00eda, el marketing, las operaciones y el compromiso con la comunidad.<\/span><\/p>\n<p class=\"md-end-block md-p\">-<span class=\"md-plain\"> Hemos cerrado con \u00e9xito una ronda de financiaci\u00f3n de serie A de $7 millones para impulsar nuestros planes de expansi\u00f3n.<\/span><\/p>\n<p class=\"md-end-block md-p\">-<span class=\"md-plain\"> Y lo que es m\u00e1s importante, lanzamos nuestra tienda online hace 6 meses. Desde entonces, m\u00e1s de 20.000 clientes han descubierto la alegr\u00eda, la confianza y la libertad que ofrecen nuestras lentes de contacto de color.<\/span><\/p>\n<p class=\"md-end-block md-p\"><span class=\"md-plain\">Esto es s\u00f3lo el principio. En la siguiente fase de crecimiento, lo haremos:<\/span><\/p>\n<p class=\"md-end-block md-p\">-<span class=\"md-plain\"> Aumentar nuestra cartera de colores de 100 opciones a m\u00e1s de 500<\/span><\/p>\n<p class=\"md-end-block md-p\">-<span class=\"md-plain\"> Expansi\u00f3n internacional para atender a clientes de m\u00e1s de 15 pa\u00edses<\/span><\/p>\n<p class=\"md-end-block md-p\">-<span class=\"md-plain\"> Hacer crecer nuestra comunidad hasta superar los 500.000 clientes de lentes de contacto de color<\/span><\/p>\n<p class=\"md-end-block md-p\">-<span class=\"md-plain\"> Reducir los costes en 20% adicionales, trasladando el ahorro a los clientes.<\/span><\/p>\n<p class=\"md-end-block md-p\">-<span class=\"md-plain\"> Perfeccionar nuestras capacidades de datos y an\u00e1lisis para comprender el comportamiento y las preferencias de los compradores.<\/span><\/p>\n<p class=\"md-end-block md-p\">-<span class=\"md-plain\"> Invertir en nuevas tecnolog\u00edas, como la realidad aumentada, para mejorar la experiencia de compra en l\u00ednea.<\/span><\/p>\n<p class=\"md-end-block md-p\">-<span class=\"md-plain\"> Mantener nuestro compromiso con la sostenibilidad mediante envases y procesos de fabricaci\u00f3n respetuosos con el medio ambiente.<\/span><\/p>\n<p class=\"md-end-block md-p\"><span class=\"md-plain\">Con tu apoyo, sabemos que transformaremos el anquilosado sector de las lentes de contacto y daremos un nuevo enfoque a la vitalidad y la expresi\u00f3n personal. Acomp\u00e1\u00f1anos en este viaje.<\/span><\/p>\n<h3 class=\"md-end-block md-heading\"><span class=\"md-plain\">Nuestro equipo<\/span><\/h3>\n<p class=\"md-end-block md-p\"><span class=\"md-plain\">Aunque Alex y yo fundamos la empresa, ahora contamos con un incre\u00edble equipo de 50 empleados que hacen suya nuestra visi\u00f3n y aportan una energ\u00eda y una experiencia inestimables.<\/span><\/p>\n<p class=\"md-end-block md-p\"><span class=\"md-plain\">Nuestro personal incluye:<\/span><\/p>\n<ul class=\"ul-list\" data-mark=\"-\">\n<li class=\"md-list-item\">\n<p class=\"md-end-block md-p\">-<span class=\"md-plain\"> Oftalm\u00f3logos y optometristas: Garantizamos que nuestras lentes cumplen o superan las normas de seguridad del sector<\/span><\/p>\n<\/li>\n<li class=\"md-list-item\">\n<p class=\"md-end-block md-p\">-<span class=\"md-plain\"> Qu\u00edmicos de lentes de contacto: Desarrollo de materiales y recubrimientos de \u00faltima generaci\u00f3n para mayor comodidad y durabilidad<\/span><\/p>\n<\/li>\n<li class=\"md-list-item\">\n<p class=\"md-end-block md-p\">-<span class=\"md-plain\"> Ingenieros de fabricaci\u00f3n: Supervisi\u00f3n de los procesos de producci\u00f3n y control de calidad<\/span><\/p>\n<\/li>\n<li class=\"md-list-item\">\n<p class=\"md-end-block md-p\">-<span class=\"md-plain\"> Gur\u00fas del comercio electr\u00f3nico: Gesti\u00f3n de nuestra tienda en l\u00ednea y de la experiencia del cliente de principio a fin<\/span><\/p>\n<\/li>\n<li class=\"md-list-item\">\n<p class=\"md-end-block md-p\">-<span class=\"md-plain\"> Dise\u00f1adores gr\u00e1ficos: Conceptualizaci\u00f3n de los patrones y efectos de color de moda<\/span><\/p>\n<\/li>\n<li class=\"md-list-item\">\n<p class=\"md-end-block md-p\">-<span class=\"md-plain\"> Magos del marketing: Construir nuestra comunidad y promover nuestra misi\u00f3n<\/span><\/p>\n<\/li>\n<li class=\"md-list-item\">\n<p class=\"md-end-block md-p\">-<span class=\"md-plain\"> Ninjas del cumplimiento: Log\u00edstica de entrega r\u00e1pida de pedidos<\/span><\/p>\n<\/li>\n<li class=\"md-list-item\">\n<p class=\"md-end-block md-p\">-<span class=\"md-plain\"> Defensores de la atenci\u00f3n al cliente: Asistencia excepcional antes y despu\u00e9s de la compra<\/span><\/p>\n<\/li>\n<li class=\"md-list-item\">\n<p class=\"md-end-block md-p\">-<span class=\"md-plain\"> Profesionales de las operaciones empresariales: Dirigir las finanzas, los recursos humanos, los asuntos jur\u00eddicos y otras funciones operativas.<\/span><\/p>\n<\/li>\n<\/ul>\n<p class=\"md-end-block md-p\"><span class=\"md-plain\">Tambi\u00e9n nos hemos asociado con influencers y oftalm\u00f3logos de todo el mundo para promocionar nuestros productos y ayudar a educar sobre el uso seguro de las lentes de contacto de color.<\/span><\/p>\n<p class=\"md-end-block md-p\"><span class=\"md-plain\">Este talentoso equipo nos permite seguir innovando al tiempo que crecemos de forma responsable. Estamos muy agradecidos por su pasi\u00f3n y su talento.<\/span><\/p>\n<h3 class=\"md-end-block md-heading\"><span class=\"md-plain\">Nuestros socios fabricantes<\/span><\/h3>\n<p class=\"md-end-block md-p\"><span class=\"md-plain\">Para producir nuestra nueva generaci\u00f3n de lentes de contacto de color, colaboramos con tres socios fabricantes l\u00edderes del sector en Estados Unidos, Europa y Asia.<\/span><\/p>\n<p class=\"md-end-block md-p\"><span class=\"md-plain\">Estos socios proporcionan acceso a instalaciones de vanguardia, laboratorios de pruebas de seguridad y conocimientos t\u00e9cnicos. Su presencia mundial nos permite suministrar lentes a clientes de todo el mundo.<\/span><\/p>\n<p class=\"md-end-block md-p\"><span class=\"md-plain\">Mantenemos una estricta supervisi\u00f3n de todo el proceso de fabricaci\u00f3n mediante inspecciones de calidad in situ, auditor\u00edas de seguridad y la asignaci\u00f3n de personal a cada planta. Este enfoque pr\u00e1ctico garantiza que todas las lentes cumplan nuestros rigurosos est\u00e1ndares.<\/span><\/p>\n<p class=\"md-end-block md-p\"><span class=\"md-plain\">Nuestras relaciones con los fabricantes tambi\u00e9n nos permiten desarrollar con agilidad nuevos colores y gestionar los picos de demanda. Podemos aumentar r\u00e1pidamente la producci\u00f3n en distintas zonas geogr\u00e1ficas. Esta flexibilidad nos ayuda a mantenernos a la vanguardia de las tendencias en lentes de contacto de color.<\/span><\/p>\n<p class=\"md-end-block md-p\"><span class=\"md-plain\">Mientras que algunos competidores intentan ocultar sus socios fabricantes, nosotros compartimos con orgullo estas colaboraciones. Nuestros clientes merecen saber qui\u00e9n fabrica sus lentes y d\u00f3nde. Nos exigimos a nosotros mismos y a nuestros socios los m\u00e1s altos est\u00e1ndares de \u00e9tica, calidad y transparencia.<\/span><\/p>\n<h3 class=\"md-end-block md-heading\"><span class=\"md-plain\">El camino por recorrer<\/span><\/h3>\n<p class=\"md-end-block md-p\"><span class=\"md-plain\">Desde nuestra fundaci\u00f3n, hace dos a\u00f1os, hemos avanzado much\u00edsimo. Pero solo hemos ara\u00f1ado la superficie de lo que es posible.<\/span><\/p>\n<p class=\"md-end-block md-p\"><span class=\"md-plain md-expand\">Mirando al futuro,<\/span><\/p>","protected":false},"excerpt":{"rendered":"<p>Our Story They say eyes are the window to the soul. But for too long, contact lens companies have limited what we can see through those windows. The big players dominate the industry, overcharging for basic clear lenses while ignoring consumer demand for more options. They\u2019ve turned contact lenses into a bland commodity, rather than [&#8230;]\n","protected":false},"author":1,"featured_media":0,"parent":0,"menu_order":0,"comment_status":"closed","ping_status":"closed","template":"","meta":{"footnotes":""},"class_list":["post-328","page","type-page","status-publish","hentry"],"_links":{"self":[{"href":"https:\/\/bqeye.com\/es\/wp-json\/wp\/v2\/pages\/328","targetHints":{"allow":["GET"]}}],"collection":[{"href":"https:\/\/bqeye.com\/es\/wp-json\/wp\/v2\/pages"}],"about":[{"href":"https:\/\/bqeye.com\/es\/wp-json\/wp\/v2\/types\/page"}],"author":[{"embeddable":true,"href":"https:\/\/bqeye.com\/es\/wp-json\/wp\/v2\/users\/1"}],"replies":[{"embeddable":true,"href":"https:\/\/bqeye.com\/es\/wp-json\/wp\/v2\/comments?post=328"}],"version-history":[{"count":0,"href":"https:\/\/bqeye.com\/es\/wp-json\/wp\/v2\/pages\/328\/revisions"}],"wp:attachment":[{"href":"https:\/\/bqeye.com\/es\/wp-json\/wp\/v2\/media?parent=328"}],"curies":[{"name":"wp","href":"https:\/\/api.w.org\/{rel}","templated":true}]}}