{"id":685,"date":"2023-09-10T13:19:13","date_gmt":"2023-09-10T13:19:13","guid":{"rendered":"https:\/\/bqeye.com\/?page_id=685"},"modified":"2023-11-07T14:39:54","modified_gmt":"2023-11-07T14:39:54","slug":"contact-us","status":"publish","type":"page","link":"https:\/\/bqeye.com\/es\/contact-us\/","title":{"rendered":"Cont\u00e1ctenos"},"content":{"rendered":"<p>Valoramos sus comentarios y estamos aqu\u00ed para ayudarle. Si desea realizar un seguimiento del estado de su paquete, visite nuestro sitio web dedicado al seguimiento de paquetes en\u00a0<strong><a href=\"https:\/\/724track.com\/\" target=\"_blank\" rel=\"noopener\">https:\/\/724track.com<\/a><\/strong>. Esta plataforma le permite introducir su correo electr\u00f3nico y n\u00famero de seguimiento para comprobar el estado de su paquete. En ocasiones, los n\u00fameros de seguimiento de nuestros paquetes pueden marcarse como marketing y acabar en las carpetas de spam o papelera.<\/p>\n<p>Para consultas relacionadas con pedidos diarios, servicio posventa o cualquier asistencia general, p\u00f3ngase en contacto con nosotros por correo electr\u00f3nico en la direcci\u00f3n\u00a0<strong><a href=\"mailto:service@bqeye.com\" target=\"_blank\" rel=\"noopener\">service@bqeye.com<\/a>.<\/strong><\/p>\n<p>Si tiene alguna pregunta sobre colaboraciones con personas influyentes u oportunidades de asociaci\u00f3n, p\u00f3ngase en contacto con nosotros en <strong><a href=\"mailto:cop@bqeye.com\" target=\"_blank\" rel=\"noopener\">ins@bqeye.com<\/a>.<\/strong><\/p>\n<p>Nos esforzamos por responder a todas las consultas en un plazo de 24-48 horas. Gracias por ponerse en contacto con nosotros.<\/p>","protected":false},"excerpt":{"rendered":"<p>We value your feedback and are here to assist you. If you would like to track your package status, please visit our dedicated package tracking site at\u00a0https:\/\/724track.com. This platform allows you to input your email and tracking number to check the status of your package. Sometimes, our package tracking numbers may be flagged as marketing [&#8230;]\n","protected":false},"author":1,"featured_media":0,"parent":0,"menu_order":0,"comment_status":"closed","ping_status":"closed","template":"","meta":{"footnotes":""},"class_list":["post-685","page","type-page","status-publish","hentry"],"_links":{"self":[{"href":"https:\/\/bqeye.com\/es\/wp-json\/wp\/v2\/pages\/685","targetHints":{"allow":["GET"]}}],"collection":[{"href":"https:\/\/bqeye.com\/es\/wp-json\/wp\/v2\/pages"}],"about":[{"href":"https:\/\/bqeye.com\/es\/wp-json\/wp\/v2\/types\/page"}],"author":[{"embeddable":true,"href":"https:\/\/bqeye.com\/es\/wp-json\/wp\/v2\/users\/1"}],"replies":[{"embeddable":true,"href":"https:\/\/bqeye.com\/es\/wp-json\/wp\/v2\/comments?post=685"}],"version-history":[{"count":0,"href":"https:\/\/bqeye.com\/es\/wp-json\/wp\/v2\/pages\/685\/revisions"}],"wp:attachment":[{"href":"https:\/\/bqeye.com\/es\/wp-json\/wp\/v2\/media?parent=685"}],"curies":[{"name":"wp","href":"https:\/\/api.w.org\/{rel}","templated":true}]}}