{"id":1001,"date":"2023-09-12T11:56:58","date_gmt":"2023-09-12T11:56:58","guid":{"rendered":"https:\/\/bqeye.com\/?post_type=product&#038;p=1001"},"modified":"2024-04-18T02:21:32","modified_gmt":"2024-04-18T02:21:32","slug":"bqeye-magnificent-antarctic-blue-colored-contact-lenses","status":"publish","type":"product","link":"https:\/\/bqeye.com\/es\/bqeye-magnificent-antarctic-blue-colored-contact-lenses\/","title":{"rendered":"Lentes de Contacto BQeye Magn\u00edficas de Color Azul Ant\u00e1rtico"},"content":{"rendered":"<p>Despierta unos ojos resplandecientes de g\u00e9lido misticismo con las lentes de contacto de color Magnificent Antarctic Blue de BQeye. Nuestra mezcla cer\u00falea de b\u00edgaro, azul y cobalto desvela orbes llenos de esplendor invernal.<\/p>\n<p>M\u00e1s all\u00e1 del mero azul, Magnificent enciende matices de \u00edndigo y zafiro: destellos de auroras danzando entre las estrellas de la noche polar. Estas lentes de contacto de color especializadas realzan la belleza natural desde el interior de su resplandeciente velo helado.<\/p>\n<p>Fabricado por artesanos expertos en magia polar, Magnificent se mueve tan seguro y r\u00e1pido como los glaciares. La humedad de HEMA mantiene cristalinas estas esferas cer\u00faleas, tanto si exploran brazas heladas como si prosperan en medio de la belleza m\u00e1s dura de la naturaleza. Ahora los secretos del hielo pueden emerger, si tienes los ojos para ver de verdad.<\/p>\n<p>Deje que Magnificent amplifique el encanto fascinante con colores vivos. La precisi\u00f3n artesanal de BQeye garantiza una suavidad mantecosa para resaltar el magnetismo penetrante, ya sea floreciendo en medio de la majestuosidad glacial u observando con enfoque helado. Ahora brillan nuevas historias de maravillas invernales.<\/p>\n<p>Despierta tu verdadera naturaleza con unas lentes tan resistentes y polifac\u00e9ticas como el propio hielo. Es hora de descubrir unos ojos que brillan con infinitas posibilidades, vislumbradas a trav\u00e9s del encantador velo azul de Magnificent. Tu viaje a las infinitas vistas glaciales de la vida no ha hecho m\u00e1s que empezar.<\/p>","protected":false},"excerpt":{"rendered":"<p>Awaken eyes aglow with icy mystique via BQeye&#8217;s Magnificent Antarctic Blue colored contact lenses. Our cerulean medley of periwinkle, azure and cobalt unveils orbs alive with wintry splendor. Beyond mere blue, Magnificent ignites undertones of indigo and sapphire &#8211; glimpses of auroras dancing amid polar night&#8217;s stars. These specialized colored contact lenses enhance natural beauty [&#8230;]\n","protected":false},"featured_media":1008,"comment_status":"open","ping_status":"closed","template":"","meta":[],"product_brand":[],"product_cat":[207,91,75,96,98],"product_tag":[],"class_list":{"0":"post-1001","1":"product","2":"type-product","3":"status-publish","4":"has-post-thumbnail","6":"product_cat-magnificent","7":"product_cat-14-2-mm","8":"product_cat-blue-contact-lenses","9":"product_cat-non-prescription","10":"product_cat-yearly-disposable","12":"first","13":"instock","14":"sale","15":"shipping-taxable","16":"purchasable","17":"product-type-variable","18":"has-default-attributes"},"_links":{"self":[{"href":"https:\/\/bqeye.com\/es\/wp-json\/wp\/v2\/product\/1001","targetHints":{"allow":["GET"]}}],"collection":[{"href":"https:\/\/bqeye.com\/es\/wp-json\/wp\/v2\/product"}],"about":[{"href":"https:\/\/bqeye.com\/es\/wp-json\/wp\/v2\/types\/product"}],"replies":[{"embeddable":true,"href":"https:\/\/bqeye.com\/es\/wp-json\/wp\/v2\/comments?post=1001"}],"wp:featuredmedia":[{"embeddable":true,"href":"https:\/\/bqeye.com\/es\/wp-json\/wp\/v2\/media\/1008"}],"wp:attachment":[{"href":"https:\/\/bqeye.com\/es\/wp-json\/wp\/v2\/media?parent=1001"}],"wp:term":[{"taxonomy":"product_brand","embeddable":true,"href":"https:\/\/bqeye.com\/es\/wp-json\/wp\/v2\/product_brand?post=1001"},{"taxonomy":"product_cat","embeddable":true,"href":"https:\/\/bqeye.com\/es\/wp-json\/wp\/v2\/product_cat?post=1001"},{"taxonomy":"product_tag","embeddable":true,"href":"https:\/\/bqeye.com\/es\/wp-json\/wp\/v2\/product_tag?post=1001"}],"curies":[{"name":"wp","href":"https:\/\/api.w.org\/{rel}","templated":true}]}}