{"id":1018,"date":"2023-09-12T12:15:57","date_gmt":"2023-09-12T12:15:57","guid":{"rendered":"https:\/\/bqeye.com\/?post_type=product&#038;p=1018"},"modified":"2024-04-18T02:21:25","modified_gmt":"2024-04-18T02:21:25","slug":"bqeye-magnificent-black-colored-contact-lenses","status":"publish","type":"product","link":"https:\/\/bqeye.com\/es\/bqeye-magnificent-black-colored-contact-lenses\/","title":{"rendered":"Lentillas BQeye Magn\u00edficas de Color Negro"},"content":{"rendered":"<p>Realza unos ojos que hipnotizan con las lentes de contacto de color Magnificent Black de BQeye. Nuestra fusi\u00f3n de cobalto, \u00f3nix y \u00e9bano revela orbes que atraen a todos hacia una contemplaci\u00f3n m\u00e1s profunda.<\/p>\n<p>M\u00e1s all\u00e1 del mero negro, Magnificent enciende sutiles destellos de zafiro y medianoche, vislumbres dentro del seductor velo de las sombras. Estas lentes de contacto de color especializadas realzan la belleza natural desde el interior de su desconcertante velo oscuro.<\/p>\n<p>Forjado por artesanos empapados en la realizaci\u00f3n mejorada, Magn\u00edfico se mueve con sigilo seguro ya sea observando a otros o rumiando en privado. El fluido HEMA mantiene la suavidad de estas esferas opacas, ya sea con la luz de Luna o con un resplandor el\u00e9ctrico. Ahora pueden surgir facetas ocultas, si ves en silencio en tu interior.<\/p>\n<p>Deje que Magnificent amplifique la intriga con una profundidad insondable. La precisi\u00f3n de BQeye garantiza la comodidad para resaltar la intuici\u00f3n, ya sea penetrando en todas las superficies o velada entre los secretos de la noche. Ahora brillan nuevos misterios del encanto retiniano.<\/p>\n<p>Despierta una visi\u00f3n perspicaz a trav\u00e9s de lentes tan polifac\u00e9ticas como la propia sombra. Ha llegado el momento de encontrar unos ojos que te lleven a lo m\u00e1s profundo, vislumbrado a trav\u00e9s del seductor velo negro de Magnificent. \u00bfAd\u00f3nde te llevar\u00e1 tu iluminaci\u00f3n interior? Todo permanece velado en el interior a la espera de ser visto.<\/p>","protected":false},"excerpt":{"rendered":"<p>Enhance eyes that mesmerize with BQeye&#8217;s Magnificent Black colored contact lenses. Our inky fusion of cobalt, onyx and ebony unveils orbs that draw all into deeper contemplation. Beyond mere black, Magnificent ignites subtle glints of sapphire and midnight &#8211; glimpses within shadow&#8217;s alluring veil. These specialized colored contact lenses enhance natural beauty from within their [&#8230;]\n","protected":false},"featured_media":1025,"comment_status":"open","ping_status":"closed","template":"","meta":[],"product_brand":[],"product_cat":[207,91,73,96,98],"product_tag":[],"class_list":{"0":"post-1018","1":"product","2":"type-product","3":"status-publish","4":"has-post-thumbnail","6":"product_cat-magnificent","7":"product_cat-14-2-mm","8":"product_cat-black-contact-lenses","9":"product_cat-non-prescription","10":"product_cat-yearly-disposable","12":"first","13":"instock","14":"sale","15":"shipping-taxable","16":"purchasable","17":"product-type-variable","18":"has-default-attributes"},"_links":{"self":[{"href":"https:\/\/bqeye.com\/es\/wp-json\/wp\/v2\/product\/1018","targetHints":{"allow":["GET"]}}],"collection":[{"href":"https:\/\/bqeye.com\/es\/wp-json\/wp\/v2\/product"}],"about":[{"href":"https:\/\/bqeye.com\/es\/wp-json\/wp\/v2\/types\/product"}],"replies":[{"embeddable":true,"href":"https:\/\/bqeye.com\/es\/wp-json\/wp\/v2\/comments?post=1018"}],"wp:featuredmedia":[{"embeddable":true,"href":"https:\/\/bqeye.com\/es\/wp-json\/wp\/v2\/media\/1025"}],"wp:attachment":[{"href":"https:\/\/bqeye.com\/es\/wp-json\/wp\/v2\/media?parent=1018"}],"wp:term":[{"taxonomy":"product_brand","embeddable":true,"href":"https:\/\/bqeye.com\/es\/wp-json\/wp\/v2\/product_brand?post=1018"},{"taxonomy":"product_cat","embeddable":true,"href":"https:\/\/bqeye.com\/es\/wp-json\/wp\/v2\/product_cat?post=1018"},{"taxonomy":"product_tag","embeddable":true,"href":"https:\/\/bqeye.com\/es\/wp-json\/wp\/v2\/product_tag?post=1018"}],"curies":[{"name":"wp","href":"https:\/\/api.w.org\/{rel}","templated":true}]}}