{"id":1044,"date":"2023-09-18T03:03:14","date_gmt":"2023-09-18T03:03:14","guid":{"rendered":"https:\/\/bqeye.com\/?post_type=product&#038;p=1044"},"modified":"2024-04-18T02:21:14","modified_gmt":"2024-04-18T02:21:14","slug":"bqeye-stunna-girl-grey-colored-contact-lenses","status":"publish","type":"product","link":"https:\/\/bqeye.com\/es\/bqeye-stunna-girl-grey-colored-contact-lenses\/","title":{"rendered":"Lentes de contacto de color gris BQeye Stunna Girl"},"content":{"rendered":"<p>Marca tendencia con las lentes de contacto de color gris Stunna Girl de BQeye. Estas lentes de contacto grises, las preferidas de las influencers m\u00e1s a la moda, te permiten canalizar una sofisticaci\u00f3n urbana en un tono vers\u00e1til.<\/p>\n<p>Nuestra mezcla antracita de carb\u00f3n y humo despierta sus ojos con una chispa estoica. Gracias a sus lentes circulares y sus sutiles pigmentos, podr\u00e1 conseguir looks que van desde los m\u00e1s ardientes a los m\u00e1s atrevidos. Fabricadas con material Hydraforte, estas lentes de contacto de color mantienen la sensaci\u00f3n de lujo en los p\u00e1rpados durante todo el d\u00eda.<\/p>\n<p>Las lentes de contacto de color gris Stunna Girl se adaptan a la perfecci\u00f3n a tu visi\u00f3n del estilo callejero, ya sea para un conjunto negro o para mezclar las tendencias del a\u00f1o 2000. Duraderas y delicadas a la vez, son perfectas para postizas dram\u00e1ticas y looks de delineado gr\u00e1fico.<\/p>\n<p>Canaliza a la it girl que llevas dentro con unos ojos tan vers\u00e1tiles y modernos como los de la influencer Stunna. Completa cualquier est\u00e9tica con su mirada gris hom\u00f3nima, un toque neutro con un toque vanguardista que siempre da en el clavo.<\/p>\n<p>S\u00e9 la reina de las lentillas de BQeye. Pide hoy las lentes de contacto de color gris Stunna Girl y mantente un paso por delante de las tendencias con una comodidad duradera.<\/p>","protected":false},"excerpt":{"rendered":"<p>Channel your inner trendsetter with BQeye&#8217;s signature Stunna Girl Grey Colored Contact Lenses. As the go-to lenses for fashion-forward influencers, these cool gray contacts allow you to channel an urban sophistication in a versatile hue. Our anthracite blend of charcoal and smoke awakens your eyes with a stoic spark. Featuring circle lenses and subtle pigments, [&#8230;]\n","protected":false},"featured_media":1051,"comment_status":"open","ping_status":"closed","template":"","meta":[],"product_brand":[],"product_cat":[104,91,81,96,98],"product_tag":[],"class_list":{"0":"post-1044","1":"product","2":"type-product","3":"status-publish","4":"has-post-thumbnail","6":"product_cat-stunna-girl","7":"product_cat-14-2-mm","8":"product_cat-grey-contact-lenses","9":"product_cat-non-prescription","10":"product_cat-yearly-disposable","12":"first","13":"instock","14":"sale","15":"shipping-taxable","16":"purchasable","17":"product-type-variable","18":"has-default-attributes"},"_links":{"self":[{"href":"https:\/\/bqeye.com\/es\/wp-json\/wp\/v2\/product\/1044","targetHints":{"allow":["GET"]}}],"collection":[{"href":"https:\/\/bqeye.com\/es\/wp-json\/wp\/v2\/product"}],"about":[{"href":"https:\/\/bqeye.com\/es\/wp-json\/wp\/v2\/types\/product"}],"replies":[{"embeddable":true,"href":"https:\/\/bqeye.com\/es\/wp-json\/wp\/v2\/comments?post=1044"}],"wp:featuredmedia":[{"embeddable":true,"href":"https:\/\/bqeye.com\/es\/wp-json\/wp\/v2\/media\/1051"}],"wp:attachment":[{"href":"https:\/\/bqeye.com\/es\/wp-json\/wp\/v2\/media?parent=1044"}],"wp:term":[{"taxonomy":"product_brand","embeddable":true,"href":"https:\/\/bqeye.com\/es\/wp-json\/wp\/v2\/product_brand?post=1044"},{"taxonomy":"product_cat","embeddable":true,"href":"https:\/\/bqeye.com\/es\/wp-json\/wp\/v2\/product_cat?post=1044"},{"taxonomy":"product_tag","embeddable":true,"href":"https:\/\/bqeye.com\/es\/wp-json\/wp\/v2\/product_tag?post=1044"}],"curies":[{"name":"wp","href":"https:\/\/api.w.org\/{rel}","templated":true}]}}