{"id":1061,"date":"2023-09-18T03:36:17","date_gmt":"2023-09-18T03:36:17","guid":{"rendered":"https:\/\/bqeye.com\/?post_type=product&#038;p=1061"},"modified":"2024-04-18T02:21:07","modified_gmt":"2024-04-18T02:21:07","slug":"bqeye-stunna-girl-blue-colored-contact-lenses","status":"publish","type":"product","link":"https:\/\/bqeye.com\/es\/bqeye-stunna-girl-blue-colored-contact-lenses\/","title":{"rendered":"Lentillas BQeye Stunna Girl de color azul"},"content":{"rendered":"<p>Enciende tu armario para el buen tiempo con las lentes de contacto de color azul Stunna Girl de BQeye. Estas lentillas de color azul intenso, creadas para brillar sin parar, aportan vivaces estallidos de color.<\/p>\n<p>Nuestra mezcla de azul celeste y verde azulado despierta los ojos con una oleada refrescante. Equipada con tecnolog\u00eda ultra-curve y pigmentos excepcionales, exhibe un poderoso estilo de pavo real o un encanto femenino. El material Hydraforte mima los p\u00e1rpados durante todo el verano.<\/p>\n<p>Ya sea acentuando lisos o estampados vivos, las lentes de contacto de color azul Stunna Girl amplifican a la perfecci\u00f3n cualquier look con un estilo despreocupado de la costa. Sus lentes ligeras prosperan en climas costeros.<\/p>\n<p>Canaliza el entusiasmo de Stunna por el estilo vibrante y veraniego a trav\u00e9s de unos ojos tan frescos y atrevidos como su vestuario para el buen tiempo. Define las vibraciones veraniegas de la chica sexy con su caracter\u00edstica mirada oce\u00e1nica, el color complementario definitivo.<\/p>\n<p>Hazte con tu brillo de temporada como la reina de las tendencias con estas lentillas BQeye. P\u00eddelas ahora para canalizar la energ\u00eda vibrante del sol los 365 d\u00edas del a\u00f1o. #SummerStateofMind<\/p>","protected":false},"excerpt":{"rendered":"<p>Ignite your warm-weather wardrobe with BQeye&#8217;s signature Stunna Girl Blue Colored Contact Lenses. Crafted for seasonless sizzle, these vivid azure lenses lend vivacious pops of color. Our tropical teal and azure blend awakens eyes with a refreshing surge. Outfitted with ultra-curve technology and exceptional pigments, flaunt powerful peacock flair or girlish charm. Hydraforte material pampers [&#8230;]\n","protected":false},"featured_media":1067,"comment_status":"open","ping_status":"closed","template":"","meta":[],"product_brand":[],"product_cat":[104,91,75,96,98],"product_tag":[],"class_list":{"0":"post-1061","1":"product","2":"type-product","3":"status-publish","4":"has-post-thumbnail","6":"product_cat-stunna-girl","7":"product_cat-14-2-mm","8":"product_cat-blue-contact-lenses","9":"product_cat-non-prescription","10":"product_cat-yearly-disposable","12":"first","13":"instock","14":"sale","15":"shipping-taxable","16":"purchasable","17":"product-type-variable","18":"has-default-attributes"},"_links":{"self":[{"href":"https:\/\/bqeye.com\/es\/wp-json\/wp\/v2\/product\/1061","targetHints":{"allow":["GET"]}}],"collection":[{"href":"https:\/\/bqeye.com\/es\/wp-json\/wp\/v2\/product"}],"about":[{"href":"https:\/\/bqeye.com\/es\/wp-json\/wp\/v2\/types\/product"}],"replies":[{"embeddable":true,"href":"https:\/\/bqeye.com\/es\/wp-json\/wp\/v2\/comments?post=1061"}],"wp:featuredmedia":[{"embeddable":true,"href":"https:\/\/bqeye.com\/es\/wp-json\/wp\/v2\/media\/1067"}],"wp:attachment":[{"href":"https:\/\/bqeye.com\/es\/wp-json\/wp\/v2\/media?parent=1061"}],"wp:term":[{"taxonomy":"product_brand","embeddable":true,"href":"https:\/\/bqeye.com\/es\/wp-json\/wp\/v2\/product_brand?post=1061"},{"taxonomy":"product_cat","embeddable":true,"href":"https:\/\/bqeye.com\/es\/wp-json\/wp\/v2\/product_cat?post=1061"},{"taxonomy":"product_tag","embeddable":true,"href":"https:\/\/bqeye.com\/es\/wp-json\/wp\/v2\/product_tag?post=1061"}],"curies":[{"name":"wp","href":"https:\/\/api.w.org\/{rel}","templated":true}]}}