{"id":1202,"date":"2023-12-08T15:40:09","date_gmt":"2023-12-08T15:40:09","guid":{"rendered":"https:\/\/bqeye.com\/?post_type=product&#038;p=1202"},"modified":"2024-04-18T02:21:03","modified_gmt":"2024-04-18T02:21:03","slug":"1-day-crystal-series-clear-contacts","status":"publish","type":"product","link":"https:\/\/bqeye.com\/es\/1-day-crystal-series-clear-contacts\/","title":{"rendered":"1 DAY Crystal Series Contactos Transparentes - 10PCs"},"content":{"rendered":"<p>Experimenta la m\u00e1xima comodidad y claridad visual con nuestras lentes de contacto transparentes 1 DAY Crystal Series. Estas lentes de contacto transparentes y transpirables est\u00e1n dise\u00f1adas para proporcionarte una sensaci\u00f3n c\u00f3moda y natural durante todo el d\u00eda. Tanto si eres un usuario experimentado de lentes de contacto como si eres nuevo en el mundo de la correcci\u00f3n visual, nuestras lentes de contacto transparentes son la elecci\u00f3n perfecta para disfrutar de una experiencia perfecta y sin complicaciones.<\/p>\n<p>La comodidad es primordial cuando se trata de lentes de contacto, y nuestras Clear Contacts destacan en este aspecto. Fabricadas con una avanzada tecnolog\u00eda de bloqueo de la humedad, garantizan que tus ojos se mantengan hidratados y frescos, incluso durante largas horas de uso. Los materiales de alta calidad utilizados en su fabricaci\u00f3n permiten el m\u00e1ximo flujo de ox\u00edgeno, reduciendo la sequedad y la irritaci\u00f3n.<\/p>\n<p>Con nuestras lentes de contacto transparentes Crystal Series, puedes decir adi\u00f3s a las molestias de limpiar y guardar las lentillas. Estas lentillas desechables diarias te ofrecen la m\u00e1xima comodidad, ya que puedes desecharlas al final del d\u00eda y empezar de cero a la ma\u00f1ana siguiente. Ya no tendr\u00e1s que preocuparte del mantenimiento de las lentillas ni de cargar con voluminosos estuches.<\/p>\n<p>Las lentillas Crystal Series Clear proporcionan una agudeza visual excepcional, ofreciendo una visi\u00f3n n\u00edtida y clara durante todo el d\u00eda. Tanto si trabajas con el ordenador como si disfrutas de actividades al aire libre o simplemente realizas tu rutina diaria, estas lentes garantizan un rendimiento visual \u00f3ptimo en distintas condiciones de iluminaci\u00f3n.<\/p>\n<p>Dise\u00f1adas pensando en la salud de tus ojos, nuestras lentillas transparentes tienen una superficie lisa y ultrafina que minimiza la fricci\u00f3n y reduce el riesgo de molestias o rojeces. Tambi\u00e9n est\u00e1n equipadas con protecci\u00f3n UV, que protege tus ojos de los da\u00f1inos rayos del sol.<\/p>\n<p>En resumen, nuestras lentillas transparentes Serie Cristal de 1 d\u00eda proporcionan:<\/p>\n<ol>\n<li>Confort sin igual: Tecnolog\u00eda de bloqueo de la humedad y transpirabilidad superior para un confort durante todo el d\u00eda.<\/li>\n<li>Comodidad: Lentes desechables diarias para una experiencia sin complicaciones.<\/li>\n<li>Claridad visual excepcional: Visi\u00f3n n\u00edtida y clara en diversos entornos.<\/li>\n<li>Salud ocular: Superficie lisa y fina, que minimiza la fricci\u00f3n y ofrece protecci\u00f3n UV.<\/li>\n<\/ol>\n<p>Elige nuestras lentillas transparentes 1 DAY Crystal Series para disfrutar de una experiencia de uso c\u00f3moda, pr\u00e1ctica y visualmente impactante. Redescubre el placer de una visi\u00f3n n\u00edtida y c\u00f3moda en cada parpadeo.<\/p>","protected":false},"excerpt":{"rendered":"<ul>\n<li>Lentes por caja: 10<\/li>\n<li>Horario de sustituci\u00f3n: 1 D\u00eda<\/li>\n<li>Contenido de agua: 38%<\/li>\n<\/ul>","protected":false},"featured_media":1203,"comment_status":"open","ping_status":"closed","template":"","meta":[],"product_brand":[],"product_cat":[128,91,100,96,95],"product_tag":[352],"class_list":{"0":"post-1202","1":"product","2":"type-product","3":"status-publish","4":"has-post-thumbnail","6":"product_cat-clear-lenses","7":"product_cat-14-2-mm","8":"product_cat-daily-disposable","9":"product_cat-non-prescription","10":"product_cat-prescription","11":"product_tag-clear-contacts","13":"first","14":"instock","15":"sale","16":"shipping-taxable","17":"purchasable","18":"product-type-variable","19":"has-default-attributes"},"_links":{"self":[{"href":"https:\/\/bqeye.com\/es\/wp-json\/wp\/v2\/product\/1202","targetHints":{"allow":["GET"]}}],"collection":[{"href":"https:\/\/bqeye.com\/es\/wp-json\/wp\/v2\/product"}],"about":[{"href":"https:\/\/bqeye.com\/es\/wp-json\/wp\/v2\/types\/product"}],"replies":[{"embeddable":true,"href":"https:\/\/bqeye.com\/es\/wp-json\/wp\/v2\/comments?post=1202"}],"wp:featuredmedia":[{"embeddable":true,"href":"https:\/\/bqeye.com\/es\/wp-json\/wp\/v2\/media\/1203"}],"wp:attachment":[{"href":"https:\/\/bqeye.com\/es\/wp-json\/wp\/v2\/media?parent=1202"}],"wp:term":[{"taxonomy":"product_brand","embeddable":true,"href":"https:\/\/bqeye.com\/es\/wp-json\/wp\/v2\/product_brand?post=1202"},{"taxonomy":"product_cat","embeddable":true,"href":"https:\/\/bqeye.com\/es\/wp-json\/wp\/v2\/product_cat?post=1202"},{"taxonomy":"product_tag","embeddable":true,"href":"https:\/\/bqeye.com\/es\/wp-json\/wp\/v2\/product_tag?post=1202"}],"curies":[{"name":"wp","href":"https:\/\/api.w.org\/{rel}","templated":true}]}}