{"id":1212,"date":"2023-12-09T12:49:00","date_gmt":"2023-12-09T12:49:00","guid":{"rendered":"https:\/\/bqeye.com\/?post_type=product&#038;p=1212"},"modified":"2024-04-18T02:21:00","modified_gmt":"2024-04-18T02:21:00","slug":"ebony-bean-brown-colored-contact-lenses","status":"publish","type":"product","link":"https:\/\/bqeye.com\/es\/ebony-bean-brown-colored-contact-lenses\/","title":{"rendered":"Lentes de Contacto de Color Marr\u00f3n Ebony Bean"},"content":{"rendered":"<p>\u00bfEst\u00e1 buscando para mejorar su color de ojos natural y hacer una declaraci\u00f3n de moda audaz? \u00a1No busque m\u00e1s all\u00e1 de las lentes de contacto de color Ebony Bean Brown de BQEYE! Nuestras lentes de contacto de color premium est\u00e1n dise\u00f1ados para transformar tu look y te dan la confianza para destacar entre la multitud.<\/p>\n<p>Fabricadas con materiales de la m\u00e1s alta calidad, nuestras lentes de contacto de color marr\u00f3n Ebony Bean proporcionan una comodidad y claridad excepcionales. Tanto si tienes los ojos claros como oscuros, estas lentillas est\u00e1n dise\u00f1adas para fundirse a la perfecci\u00f3n, creando un efecto impresionante y de aspecto natural. Con un tono marr\u00f3n intenso y un sutil toque de \u00e9bano, estas lentillas a\u00f1aden profundidad y dimensi\u00f3n a tus ojos, llamando la atenci\u00f3n al instante.<\/p>\n<p>BQEYE entiende la importancia de la seguridad y la higiene cuando se trata de lentes de contacto. Es por eso que nuestras lentes de contacto de color marr\u00f3n haba de \u00e9bano se hacen a mano con el m\u00e1ximo cuidado y precisi\u00f3n. Est\u00e1n aprobados por la FDA y hechos con un material transpirable que permite el flujo \u00f3ptimo de ox\u00edgeno, asegurando que sus ojos se mantengan frescos y sanos durante todo el d\u00eda.<\/p>\n<p>Nuestras lentes de contacto de color no s\u00f3lo son est\u00e9ticas, tambi\u00e9n son incre\u00edblemente c\u00f3modas. Con un dise\u00f1o desechable mensual, puedes disfrutar de un par de lentillas nuevas cada mes sin la molestia de tener que limpiarlas y guardarlas. Cada caja de lentillas de colores Ebony Bean Brown contiene dos lentillas, proporcion\u00e1ndote un juego completo para ambos ojos.<\/p>\n<p>Destaca entre la multitud y expresa tu estilo \u00fanico con las lentes de contacto de color marr\u00f3n Ebony Bean de BQEYE. Si usted est\u00e1 asistiendo a un evento especial, ir a una cita, o simplemente quiere cambiar su aspecto cotidiano, estas lentes son el accesorio perfecto para elevar su estilo.<\/p>\n<p>Pida hoy mismo su par de Lentes de Contacto de Color Marr\u00f3n Ebony Bean de BQEYE y experimente la magia de las lentes de contacto de color. \u00a1Transforma tus ojos, transforma tu estilo!<\/p>","protected":false},"excerpt":{"rendered":"<p>Are you looking to enhance your natural eye color and make a bold fashion statement? Look no further than BQEYE&#8217;s Ebony Bean Brown Colored Contact Lenses! Our premium colored contact lenses are designed to transform your look and give you the confidence to stand out from the crowd. Made with the highest quality materials, our [&#8230;]\n","protected":false},"featured_media":1216,"comment_status":"open","ping_status":"closed","template":"","meta":[],"product_brand":[],"product_cat":[101,91,80,100,96,95],"product_tag":[],"class_list":{"0":"post-1212","1":"product","2":"type-product","3":"status-publish","4":"has-post-thumbnail","6":"product_cat-natural-contacts","7":"product_cat-14-2-mm","8":"product_cat-brown-contact-lenses","9":"product_cat-daily-disposable","10":"product_cat-non-prescription","11":"product_cat-prescription","13":"first","14":"instock","15":"sale","16":"shipping-taxable","17":"purchasable","18":"product-type-variable","19":"has-default-attributes"},"_links":{"self":[{"href":"https:\/\/bqeye.com\/es\/wp-json\/wp\/v2\/product\/1212","targetHints":{"allow":["GET"]}}],"collection":[{"href":"https:\/\/bqeye.com\/es\/wp-json\/wp\/v2\/product"}],"about":[{"href":"https:\/\/bqeye.com\/es\/wp-json\/wp\/v2\/types\/product"}],"replies":[{"embeddable":true,"href":"https:\/\/bqeye.com\/es\/wp-json\/wp\/v2\/comments?post=1212"}],"wp:featuredmedia":[{"embeddable":true,"href":"https:\/\/bqeye.com\/es\/wp-json\/wp\/v2\/media\/1216"}],"wp:attachment":[{"href":"https:\/\/bqeye.com\/es\/wp-json\/wp\/v2\/media?parent=1212"}],"wp:term":[{"taxonomy":"product_brand","embeddable":true,"href":"https:\/\/bqeye.com\/es\/wp-json\/wp\/v2\/product_brand?post=1212"},{"taxonomy":"product_cat","embeddable":true,"href":"https:\/\/bqeye.com\/es\/wp-json\/wp\/v2\/product_cat?post=1212"},{"taxonomy":"product_tag","embeddable":true,"href":"https:\/\/bqeye.com\/es\/wp-json\/wp\/v2\/product_tag?post=1212"}],"curies":[{"name":"wp","href":"https:\/\/api.w.org\/{rel}","templated":true}]}}