{"id":1217,"date":"2023-12-09T13:09:56","date_gmt":"2023-12-09T13:09:56","guid":{"rendered":"https:\/\/bqeye.com\/?post_type=product&#038;p=1217"},"modified":"2024-04-18T02:20:57","modified_gmt":"2024-04-18T02:20:57","slug":"oolong-tea-brown-colored-contacts","status":"publish","type":"product","link":"https:\/\/bqeye.com\/es\/oolong-tea-brown-colored-contacts\/","title":{"rendered":"Oolong Tea Brown Colored Contacts"},"content":{"rendered":"<p>Descubre tu artista interior: una nueva forma de ver la belleza con las lentillas de colores BQEYE<\/p>\n<p>Todos llevamos un artista dentro que anhela expresarse. Para muchos, el color de ojos es una forma sencilla pero impactante de mostrar nuestro esp\u00edritu creativo. Te presentamos la \u00faltima innovaci\u00f3n de BQEYE para alimentar tu musa interior: las lentillas de color marr\u00f3n t\u00e9 Oolong.<\/p>\n<p>Bautizadas con el delicado tono del t\u00e9 oolong reci\u00e9n hecho, estas lentes despiertan la calidez y profundidad de su mirada. Fabricadas con el m\u00e1ximo cuidado y con materiales hipoalerg\u00e9nicos de primera calidad, combinan comodidad y expresi\u00f3n personal.<\/p>\n<p>P\u00f3ntelas y descubre una nueva forma de ver la belleza, en ti misma y en el mundo que te rodea. El sutil tono marr\u00f3n aporta motas de color a su iris, haciendo que cada mirada se sienta como una obra de arte privada. Y lo mejor de todo es que permiten que tu personalidad y energ\u00eda naturales brillen para que aflore tu aut\u00e9ntico yo.<\/p>\n<p>Expresa tu individualidad al tiempo que mantienes unos ojos felices y sanos, gracias a la innovadora tecnolog\u00eda de lentes permeables al ox\u00edgeno. A un precio asequible y f\u00e1ciles de pedir online y recibir en todo el mundo, BQEYE hace que el placer del autodescubrimiento est\u00e9 al alcance de todos.<\/p>\n<p>Libera al artista que llevas dentro y ve tu verdadera belleza reflejada en los ojos de los dem\u00e1s. BQEYE Oolong Tea Brown Colored Contacts - encendiendo la creatividad un par a la vez. Empieza tu viaje en BQEYE.com hoy mismo.<\/p>","protected":false},"excerpt":{"rendered":"<p>Discovering Your Inner Artist &#8211; A New Way to See Beauty with BQEYE Colored Contacts We all have an artist inside longing to express themselves. For many, eye color is a simple yet impactful way to showcase our creative spirit. Introducing BQEYE&#8217;s latest innovation to fuel your inner muse &#8211; Oolong Tea Brown Colored Contacts. [&#8230;]\n","protected":false},"featured_media":1219,"comment_status":"open","ping_status":"closed","template":"","meta":[],"product_brand":[],"product_cat":[101,91,80,100,96,95],"product_tag":[],"class_list":{"0":"post-1217","1":"product","2":"type-product","3":"status-publish","4":"has-post-thumbnail","6":"product_cat-natural-contacts","7":"product_cat-14-2-mm","8":"product_cat-brown-contact-lenses","9":"product_cat-daily-disposable","10":"product_cat-non-prescription","11":"product_cat-prescription","13":"first","14":"instock","15":"sale","16":"shipping-taxable","17":"purchasable","18":"product-type-variable","19":"has-default-attributes"},"_links":{"self":[{"href":"https:\/\/bqeye.com\/es\/wp-json\/wp\/v2\/product\/1217","targetHints":{"allow":["GET"]}}],"collection":[{"href":"https:\/\/bqeye.com\/es\/wp-json\/wp\/v2\/product"}],"about":[{"href":"https:\/\/bqeye.com\/es\/wp-json\/wp\/v2\/types\/product"}],"replies":[{"embeddable":true,"href":"https:\/\/bqeye.com\/es\/wp-json\/wp\/v2\/comments?post=1217"}],"wp:featuredmedia":[{"embeddable":true,"href":"https:\/\/bqeye.com\/es\/wp-json\/wp\/v2\/media\/1219"}],"wp:attachment":[{"href":"https:\/\/bqeye.com\/es\/wp-json\/wp\/v2\/media?parent=1217"}],"wp:term":[{"taxonomy":"product_brand","embeddable":true,"href":"https:\/\/bqeye.com\/es\/wp-json\/wp\/v2\/product_brand?post=1217"},{"taxonomy":"product_cat","embeddable":true,"href":"https:\/\/bqeye.com\/es\/wp-json\/wp\/v2\/product_cat?post=1217"},{"taxonomy":"product_tag","embeddable":true,"href":"https:\/\/bqeye.com\/es\/wp-json\/wp\/v2\/product_tag?post=1217"}],"curies":[{"name":"wp","href":"https:\/\/api.w.org\/{rel}","templated":true}]}}