{"id":1220,"date":"2023-12-09T15:02:13","date_gmt":"2023-12-09T15:02:13","guid":{"rendered":"https:\/\/bqeye.com\/?post_type=product&#038;p=1220"},"modified":"2024-04-18T02:20:53","modified_gmt":"2024-04-18T02:20:53","slug":"midnight-mirage-black-colored-contacts","status":"publish","type":"product","link":"https:\/\/bqeye.com\/es\/midnight-mirage-black-colored-contacts\/","title":{"rendered":"Midnight Mirage Negro Lentillas de Colores"},"content":{"rendered":"<p>Mirando tras el velo: un viaje de autodescubrimiento con lentillas de colores de BQEYE<\/p>\n<p>Todos tenemos capas en nuestro interior que piden a gritos ser reveladas. Para muchos, las lentes de contacto de color son una puerta no s\u00f3lo a la expresi\u00f3n de su estilo y creatividad, sino tambi\u00e9n a facetas inexploradas de nuestro ser. En BQEYE, creemos que las lentes de contacto de color y la expresi\u00f3n deben ser accesibles para todos. Con esta visi\u00f3n, nos enorgullece presentar nuestra \u00faltima innovaci\u00f3n: las lentes de contacto de color Midnight Mirage Black.<\/p>\n<p>Llamadas as\u00ed por el encanto de la noche, estas lentes envuelven los ojos en un tono oscuro y profundo que despierta la intriga interior. Fabricadas por artesanos con el m\u00e1ximo cuidado y utilizando \u00fanicamente materiales hipoalerg\u00e9nicos de primera calidad, la comodidad se une a la m\u00edstica. P\u00f3ngaselas para mirar detr\u00e1s del velo y descubrir un mundo m\u00e1s all\u00e1 de lo que parece a primera vista.<\/p>\n<p>El tono negro tinta aporta un aire de seducci\u00f3n y peligro, un vistazo a un lado de ti mismo que no sab\u00edas que exist\u00eda. Pero no son unas \"lentillas de colores\" cualquiera. En sus oscuras profundidades hay un mundo oculto esperando a ser explorado. M\u00edrelas m\u00e1s de cerca y las motas de azul noche, morado y gris emerger\u00e1n como estrellas que cobran vida al anochecer.<\/p>\n<p>Es un paisaje en el que perderse, que permite que tu verdadero car\u00e1cter brille bajo el manto de la noche. Tu mirada se convierte en una ventana no s\u00f3lo a las almas de los dem\u00e1s, sino a territorios de tu propio ser con los que antes s\u00f3lo hab\u00edas so\u00f1ado. Hay una libertad, una liberaci\u00f3n, en arrojar luz sobre estos reinos largamente ocultos.<\/p>\n<p>La comodidad y el cuidado han sido lo m\u00e1s importante a la hora de crear lentes que potencien la revelaci\u00f3n de uno mismo, no que la obstaculicen. Los materiales hipoalerg\u00e9nicos y la tecnolog\u00eda innovadora mantienen los ojos felices y sanos durante todo tu viaje interior. Con un precio asequible y accesibles en todo el mundo, BQEYE pone al alcance de todos los que buscan \"lentes de contacto de color\" la posibilidad de revelar su aut\u00e9ntico yo.<\/p>\n<p>Sum\u00e9rjase en el Espejismo de Medianoche. Deja que las lentillas te envuelvan en misterio mientras gu\u00edan tu alma hacia una nueva comprensi\u00f3n de qui\u00e9n eres. Lentes de contacto de color negro BQEYE: liberan la intriga que hay dentro de una mirada hipnotizadora a la vez. Comienza esta noche a explorar las profundidades de tu verdadera naturaleza en BQEYE.com. Detr\u00e1s del velo te espera el descubrimiento de tu vida.<\/p>","protected":false},"excerpt":{"rendered":"<p>Peering Behind the Veil: A Journey of Self-Discovery with Colored Contacts from BQEYE We all have layers within crying out to be revealed. For so many, colored contacts are a gateway not only to expressing your style and creativity, but to untapped facets of our being. At BQEYE, we believe uniquely colored contacts and expression [&#8230;]\n","protected":false},"featured_media":1222,"comment_status":"open","ping_status":"closed","template":"","meta":[],"product_brand":[],"product_cat":[101,91,73,100,96,95],"product_tag":[],"class_list":{"0":"post-1220","1":"product","2":"type-product","3":"status-publish","4":"has-post-thumbnail","6":"product_cat-natural-contacts","7":"product_cat-14-2-mm","8":"product_cat-black-contact-lenses","9":"product_cat-daily-disposable","10":"product_cat-non-prescription","11":"product_cat-prescription","13":"first","14":"instock","15":"sale","16":"shipping-taxable","17":"purchasable","18":"product-type-variable","19":"has-default-attributes"},"_links":{"self":[{"href":"https:\/\/bqeye.com\/es\/wp-json\/wp\/v2\/product\/1220","targetHints":{"allow":["GET"]}}],"collection":[{"href":"https:\/\/bqeye.com\/es\/wp-json\/wp\/v2\/product"}],"about":[{"href":"https:\/\/bqeye.com\/es\/wp-json\/wp\/v2\/types\/product"}],"replies":[{"embeddable":true,"href":"https:\/\/bqeye.com\/es\/wp-json\/wp\/v2\/comments?post=1220"}],"wp:featuredmedia":[{"embeddable":true,"href":"https:\/\/bqeye.com\/es\/wp-json\/wp\/v2\/media\/1222"}],"wp:attachment":[{"href":"https:\/\/bqeye.com\/es\/wp-json\/wp\/v2\/media?parent=1220"}],"wp:term":[{"taxonomy":"product_brand","embeddable":true,"href":"https:\/\/bqeye.com\/es\/wp-json\/wp\/v2\/product_brand?post=1220"},{"taxonomy":"product_cat","embeddable":true,"href":"https:\/\/bqeye.com\/es\/wp-json\/wp\/v2\/product_cat?post=1220"},{"taxonomy":"product_tag","embeddable":true,"href":"https:\/\/bqeye.com\/es\/wp-json\/wp\/v2\/product_tag?post=1220"}],"curies":[{"name":"wp","href":"https:\/\/api.w.org\/{rel}","templated":true}]}}