{"id":1223,"date":"2023-12-09T15:17:37","date_gmt":"2023-12-09T15:17:37","guid":{"rendered":"https:\/\/bqeye.com\/?post_type=product&#038;p=1223"},"modified":"2024-04-18T02:20:50","modified_gmt":"2024-04-18T02:20:50","slug":"hollywood-gray-contact-lenses","status":"publish","type":"product","link":"https:\/\/bqeye.com\/es\/hollywood-gray-contact-lenses\/","title":{"rendered":"Lentillas Hollywood Grises"},"content":{"rendered":"<p>\"\u00bfBuscas una forma sutil de cambiar tu look sin pasarte? Saluda a tus nuevas mejores amigas: las lentes de contacto Hollywood Gray de BQEYE.<\/p>\n<p>Estas lentes grises suaves son como un filtro de luz para tus ojos. Realzar\u00e1n sutilmente el color de tu iris sin suponer un cambio demasiado dr\u00e1stico. P\u00f3ntelas y ver\u00e1s c\u00f3mo tus ojos adquieren un tono ahumado de ensue\u00f1o. Atr\u00e1s quedaron los d\u00edas de colores superbrillantes que gritan \"\u00a1llevo lentillas!\". Las Hollywood Gray se funden con el color natural de tus ojos para una transformaci\u00f3n apenas perceptible.<\/p>\n<p>El tono gris suave a\u00f1ade profundidad y dimensi\u00f3n para resaltar las motas de color que no sab\u00edas que se escond\u00edan en tus ojos. Los azules, verdes y avellanas adquieren un aspecto misterioso y tenebroso que hace que la gente se pregunte si realmente est\u00e1 viendo un cambio de color o si es s\u00f3lo un truco de la luz. Incluso los ojos marrones adquieren una hermosa dimensi\u00f3n e intriga con Hollywood Grays.<\/p>\n<p>Como su nombre indica, estas lentillas grises son perfectas para conseguir ese codiciado look glamuroso de Hollywood sin la molestia de tintes o extensiones. P\u00f3ntelas y estar\u00e1s lista para la alfombra roja sin pasar horas pein\u00e1ndote y maquill\u00e1ndote. Adem\u00e1s, su sutil realce hace que los ojos destaquen en la c\u00e1mara, por lo que te encantar\u00e1 el resultado de las fotos.<\/p>\n<p>Las Hollywood Gray de BQEYE est\u00e1n fabricadas con nuestro material ultrac\u00f3modo Hydraclear para conseguir unas lentes pr\u00e1cticamente invisibles. Se olvidar\u00e1 de que las lleva puestas. Hydraclear es transpirable y se mueve con el ojo para que no experimentes esa molesta sensaci\u00f3n de \"lente de contacto\". Diga adi\u00f3s tambi\u00e9n a la sequedad ocular: el material est\u00e1 dise\u00f1ado para mantener la humedad adecuada en la superficie del ojo y evitar molestias.<\/p>\n<p>Como l\u00edder mundial en lentillas de moda y de color, BQEYE antepone la calidad y la seguridad a cada producto. Las Hollywood Gray se someten a rigurosas pruebas para cumplir o superar todas las normas de la FDA sobre biocompatibilidad y transmisibilidad de ox\u00edgeno. Puede sentirse bien con los materiales que tocan sus ojos cada d\u00eda. Y con un ciclo de sustituci\u00f3n de 14 d\u00edas, le encantar\u00e1 lo que dura cada par antes de que llegue el momento de cambiarlas por unas nuevas.<\/p>\n<p>Tanto si buscas una mejora sutil para el d\u00eda a d\u00eda, como si quieres experimentar con un nuevo look o necesitas lentes de contacto que se fotograf\u00eden de maravilla, Hollywood Gray de BQEYE te cubre las espaldas. Pida las suyas hoy sin riesgo con nuestra garant\u00eda de satisfacci\u00f3n 100%. Pru\u00e9beselas en casa y vea c\u00f3mo transforman sutilmente sus ojos sin opacar su belleza natural. Estamos seguros de que se enamorar\u00e1 de sus nuevos ojos grises favoritos\".<\/p>","protected":false},"excerpt":{"rendered":"<p>&#8220;Looking for a subtle way to change up your look without going over the top? Say hello to your new BFFs &#8211; Hollywood Gray Contact Lenses by BQEYE. These soft gray lenses are like a light filter for your eyes. They&#8217;ll subtly enhance the color of your iris without being too drastic of a change. [&#8230;]\n","protected":false},"featured_media":1225,"comment_status":"open","ping_status":"closed","template":"","meta":[],"product_brand":[],"product_cat":[101,91,100,81,96,95],"product_tag":[],"class_list":{"0":"post-1223","1":"product","2":"type-product","3":"status-publish","4":"has-post-thumbnail","6":"product_cat-natural-contacts","7":"product_cat-14-2-mm","8":"product_cat-daily-disposable","9":"product_cat-grey-contact-lenses","10":"product_cat-non-prescription","11":"product_cat-prescription","13":"first","14":"instock","15":"sale","16":"shipping-taxable","17":"purchasable","18":"product-type-variable","19":"has-default-attributes"},"_links":{"self":[{"href":"https:\/\/bqeye.com\/es\/wp-json\/wp\/v2\/product\/1223","targetHints":{"allow":["GET"]}}],"collection":[{"href":"https:\/\/bqeye.com\/es\/wp-json\/wp\/v2\/product"}],"about":[{"href":"https:\/\/bqeye.com\/es\/wp-json\/wp\/v2\/types\/product"}],"replies":[{"embeddable":true,"href":"https:\/\/bqeye.com\/es\/wp-json\/wp\/v2\/comments?post=1223"}],"wp:featuredmedia":[{"embeddable":true,"href":"https:\/\/bqeye.com\/es\/wp-json\/wp\/v2\/media\/1225"}],"wp:attachment":[{"href":"https:\/\/bqeye.com\/es\/wp-json\/wp\/v2\/media?parent=1223"}],"wp:term":[{"taxonomy":"product_brand","embeddable":true,"href":"https:\/\/bqeye.com\/es\/wp-json\/wp\/v2\/product_brand?post=1223"},{"taxonomy":"product_cat","embeddable":true,"href":"https:\/\/bqeye.com\/es\/wp-json\/wp\/v2\/product_cat?post=1223"},{"taxonomy":"product_tag","embeddable":true,"href":"https:\/\/bqeye.com\/es\/wp-json\/wp\/v2\/product_tag?post=1223"}],"curies":[{"name":"wp","href":"https:\/\/api.w.org\/{rel}","templated":true}]}}