{"id":1226,"date":"2023-12-09T15:24:46","date_gmt":"2023-12-09T15:24:46","guid":{"rendered":"https:\/\/bqeye.com\/?post_type=product&#038;p=1226"},"modified":"2024-04-18T02:20:47","modified_gmt":"2024-04-18T02:20:47","slug":"hollywood-brown-contact-lenses","status":"publish","type":"product","link":"https:\/\/bqeye.com\/es\/hollywood-brown-contact-lenses\/","title":{"rendered":"Lentes de contacto marr\u00f3n Hollywood"},"content":{"rendered":"<p>\"\u00bfListo para dar calidez a tu mirada con un toque de intriga? Te presentamos las lentes de contacto Hollywood Brown de BQEYE.<\/p>\n<p>Estas suaves lentillas marrones dan a los ojos una hermosa dimensi\u00f3n y profundidad sin necesidad de mucho mantenimiento. P\u00f3ntelas y observa c\u00f3mo tu iris adquiere un tono chocolate intenso que hace que tus ojos destaquen. Se acabaron los d\u00edas de los ojos unidimensionales: las Hollywood Brown realzan cualquier color natural que tengas con motas y capas de marr\u00f3n c\u00e1lido para unos ojos que exigen una segunda mirada.<\/p>\n<p>El sutil tono marr\u00f3n resalta los tonos dorados, verdes y avellana ocultos que no sab\u00edas que se escond\u00edan en tus ojos. Los azules y grises adquieren un tono terroso, caf\u00e9 con leche, que hace que la gente se pregunte cu\u00e1l es tu \"verdadero\" color de ojos. Incluso los marrones profundos adquieren una definici\u00f3n sexy y dimensional con Hollywood Browns.<\/p>\n<p>Como su nombre indica, estas lentillas marrones son perfectas para conseguir ese look relajado de Hollywood que todos envidiamos. P\u00f3ntelas y estar\u00e1s lista para la c\u00e1mara y la alfombra roja sin pasar horas en la silla del glamour. Adem\u00e1s, su aspecto natural hace que los ojos destaquen en las fotos, as\u00ed que te encantar\u00e1 el resultado, ya sea para las redes sociales o para una noche en la ciudad.<\/p>\n<p>Los Hollywood Browns de BQEYE est\u00e1n fabricados con nuestro material ultrac\u00f3modo Hydraclear, que te har\u00e1 sentir como si no llevaras nada. Se olvidar\u00e1 de que las lleva puestas. Hydraclear es transpirable y se mueve con el flujo natural del ojo para evitar esa molesta sensaci\u00f3n de llevar las lentillas puestas. Desp\u00eddete tambi\u00e9n de los ojos secos e irritados: el material est\u00e1 dise\u00f1ado para mantener tus ojos hidratados durante todo el d\u00eda.<\/p>\n<p>Como l\u00edder mundial en lentillas que cambian de color, BQEYE antepone la calidad, la seguridad y la comodidad a cada producto. Whispering Smoke se somete a pruebas exhaustivas para cumplir o superar todas las normas de la FDA sobre biocompatibilidad de materiales y permeabilidad al ox\u00edgeno. Puede sentirse bien con lo que toca sus ojos cada d\u00eda. Y con su programa de sustituci\u00f3n recomendado de 14 d\u00edas, le encantar\u00e1 lo que dura cada par antes de que llegue el momento de un nuevo juego.<\/p>\n<p>Tanto si quieres dar un toque de calidez a tu look todos los d\u00edas, como si quieres experimentar con algo nuevo o necesitas unas lentillas que te hagan unas fotos preciosas, Hollywood Brown tiene lo que necesitas. Pida hoy mismo las suyas sin riesgos y con nuestra garant\u00eda de satisfacci\u00f3n 100%. Comprueba c\u00f3mo transforman sutilmente tus ojos sin opacar tu belleza natural: \u00a1creemos que te enamorar\u00e1s perdidamente de tu nuevo tono marr\u00f3n favorito!\"<\/p>","protected":false},"excerpt":{"rendered":"<p>&#8220;Ready to warm up your look with a hint of intrigue? Introducing Hollywood Brown Contact Lenses by BQEYE. These soft brown lenses give eyes beautiful dimension and depth without being high maintenance. Slip them in and watch as your iris takes on a rich, chocolatey tone that makes peepers really pop. Gone are the days [&#8230;]\n","protected":false},"featured_media":1228,"comment_status":"open","ping_status":"closed","template":"","meta":[],"product_brand":[],"product_cat":[101,91,80,100,96,95],"product_tag":[],"class_list":{"0":"post-1226","1":"product","2":"type-product","3":"status-publish","4":"has-post-thumbnail","6":"product_cat-natural-contacts","7":"product_cat-14-2-mm","8":"product_cat-brown-contact-lenses","9":"product_cat-daily-disposable","10":"product_cat-non-prescription","11":"product_cat-prescription","13":"first","14":"instock","15":"sale","16":"shipping-taxable","17":"purchasable","18":"product-type-variable","19":"has-default-attributes"},"_links":{"self":[{"href":"https:\/\/bqeye.com\/es\/wp-json\/wp\/v2\/product\/1226","targetHints":{"allow":["GET"]}}],"collection":[{"href":"https:\/\/bqeye.com\/es\/wp-json\/wp\/v2\/product"}],"about":[{"href":"https:\/\/bqeye.com\/es\/wp-json\/wp\/v2\/types\/product"}],"replies":[{"embeddable":true,"href":"https:\/\/bqeye.com\/es\/wp-json\/wp\/v2\/comments?post=1226"}],"wp:featuredmedia":[{"embeddable":true,"href":"https:\/\/bqeye.com\/es\/wp-json\/wp\/v2\/media\/1228"}],"wp:attachment":[{"href":"https:\/\/bqeye.com\/es\/wp-json\/wp\/v2\/media?parent=1226"}],"wp:term":[{"taxonomy":"product_brand","embeddable":true,"href":"https:\/\/bqeye.com\/es\/wp-json\/wp\/v2\/product_brand?post=1226"},{"taxonomy":"product_cat","embeddable":true,"href":"https:\/\/bqeye.com\/es\/wp-json\/wp\/v2\/product_cat?post=1226"},{"taxonomy":"product_tag","embeddable":true,"href":"https:\/\/bqeye.com\/es\/wp-json\/wp\/v2\/product_tag?post=1226"}],"curies":[{"name":"wp","href":"https:\/\/api.w.org\/{rel}","templated":true}]}}