{"id":1229,"date":"2023-12-09T15:32:57","date_gmt":"2023-12-09T15:32:57","guid":{"rendered":"https:\/\/bqeye.com\/?post_type=product&#038;p=1229"},"modified":"2024-04-18T02:20:44","modified_gmt":"2024-04-18T02:20:44","slug":"tangerine-brown-contact-lenses","status":"publish","type":"product","link":"https:\/\/bqeye.com\/es\/tangerine-brown-contact-lenses\/","title":{"rendered":"Lentillas Marr\u00f3n Mandarina"},"content":{"rendered":"<p>\"Dale vida a tu look con un toque de sol: saluda a las lentes de contacto marr\u00f3n mandarina de BQEYE.<\/p>\n<p>Estas vibrantes lentillas marrones mezclan matices c\u00e1lidos de mandarina en su iris para un look que es cualquier cosa menos aburrido. P\u00f3ntelas y observa c\u00f3mo tus ojos se iluminan con motas de marr\u00f3n dorado que resaltan tus ojos sin opacar tu belleza natural. Se acabaron los ojos apagados y unidimensionales: los Tangerine Browns realzan cualquier color que tengas con una viva dimensi\u00f3n marr\u00f3n dorada.<\/p>\n<p>El tono mandarina soleado resalta los tonos dorados y oliva ocultos que no sab\u00edas que exist\u00edan en tus ojos. Los azules y los verdes adquieren un toque c\u00edtrico que har\u00e1 que la gente se quede boquiabierta. Incluso los marrones profundos adquieren una definici\u00f3n sexy y bronceada con el tono Tangerine Browns.<\/p>\n<p>Como su nombre indica, estas lentillas con un toque de mandarina son perfectas para canalizar ese aire despreocupado de chica californiana que todas envidiamos. P\u00f3ntelas y estar\u00e1s lista al instante para salir a almorzar, ir a la playa o salir por la noche sin tener que pasar horas arregl\u00e1ndote. Adem\u00e1s, su realce natural hace que los ojos destaquen en las fotos, as\u00ed que te encantar\u00e1 el resultado, ya sea para la galer\u00eda o para tu perfil de Tinder.<\/p>\n<p>Whispering Smoke de BQEYE est\u00e1 fabricado con nuestro material ultrac\u00f3modo Hydraclear, que te har\u00e1 sentir como si no llevaras nada. Se olvidar\u00e1 de que las lleva puestas. Hydraclear es transpirable y se mueve con el flujo natural del ojo para evitar la irritaci\u00f3n y la sequedad. Diga adi\u00f3s tambi\u00e9n a los ojos cansados: el material est\u00e1 dise\u00f1ado para mantener sus ojos adecuadamente hidratados durante todo el d\u00eda.<\/p>\n<p>Como l\u00edder mundial en lentillas que cambian de color, BQEYE antepone la calidad, la seguridad y la comodidad a cada producto. Whispering Smoke se somete a pruebas exhaustivas para cumplir o superar todas las normas de la FDA sobre biocompatibilidad de materiales y permeabilidad al ox\u00edgeno. Puede sentirse bien con lo que toca sus ojos cada d\u00eda. Y con su programa de sustituci\u00f3n recomendado de 14 d\u00edas, le encantar\u00e1 lo que dura cada par antes de que llegue el momento de un nuevo juego.<\/p>\n<p>Tanto si quieres lucir un look soleado todos los d\u00edas, como si quieres experimentar con algo nuevo o necesitas unas lentillas que resalten tus ojos en las fotos, Tangerine Brown te lo ofrece. Pide las tuyas hoy mismo sin riesgos y con nuestra garant\u00eda de satisfacci\u00f3n 100%. Comprueba c\u00f3mo transforman sutilmente tus ojos con un estallido de vitalidad soleada: \u00a1creemos que te enamorar\u00e1s perdidamente de tu nuevo tono favorito!\"<\/p>","protected":false},"excerpt":{"rendered":"<p>&#8220;Spice up your look with a burst of sunshine &#8211; say hello to Tangerine Brown Contact Lenses by BQEYE. These vibrant brown lenses blend warm undertones of tangerine into your iris for a look that&#8217;s anything but boring. Slip them in and watch as your eyes light up with flecks of golden brown that make [&#8230;]\n","protected":false},"featured_media":1231,"comment_status":"open","ping_status":"closed","template":"","meta":[],"product_brand":[],"product_cat":[101,91,80,100,96,95],"product_tag":[],"class_list":{"0":"post-1229","1":"product","2":"type-product","3":"status-publish","4":"has-post-thumbnail","6":"product_cat-natural-contacts","7":"product_cat-14-2-mm","8":"product_cat-brown-contact-lenses","9":"product_cat-daily-disposable","10":"product_cat-non-prescription","11":"product_cat-prescription","13":"first","14":"instock","15":"sale","16":"shipping-taxable","17":"purchasable","18":"product-type-variable","19":"has-default-attributes"},"_links":{"self":[{"href":"https:\/\/bqeye.com\/es\/wp-json\/wp\/v2\/product\/1229","targetHints":{"allow":["GET"]}}],"collection":[{"href":"https:\/\/bqeye.com\/es\/wp-json\/wp\/v2\/product"}],"about":[{"href":"https:\/\/bqeye.com\/es\/wp-json\/wp\/v2\/types\/product"}],"replies":[{"embeddable":true,"href":"https:\/\/bqeye.com\/es\/wp-json\/wp\/v2\/comments?post=1229"}],"wp:featuredmedia":[{"embeddable":true,"href":"https:\/\/bqeye.com\/es\/wp-json\/wp\/v2\/media\/1231"}],"wp:attachment":[{"href":"https:\/\/bqeye.com\/es\/wp-json\/wp\/v2\/media?parent=1229"}],"wp:term":[{"taxonomy":"product_brand","embeddable":true,"href":"https:\/\/bqeye.com\/es\/wp-json\/wp\/v2\/product_brand?post=1229"},{"taxonomy":"product_cat","embeddable":true,"href":"https:\/\/bqeye.com\/es\/wp-json\/wp\/v2\/product_cat?post=1229"},{"taxonomy":"product_tag","embeddable":true,"href":"https:\/\/bqeye.com\/es\/wp-json\/wp\/v2\/product_tag?post=1229"}],"curies":[{"name":"wp","href":"https:\/\/api.w.org\/{rel}","templated":true}]}}