{"id":1232,"date":"2023-12-09T15:35:21","date_gmt":"2023-12-09T15:35:21","guid":{"rendered":"https:\/\/bqeye.com\/?post_type=product&#038;p=1232"},"modified":"2024-04-18T02:20:40","modified_gmt":"2024-04-18T02:20:40","slug":"whispering-smoke-grey-contact-lenses","status":"publish","type":"product","link":"https:\/\/bqeye.com\/es\/whispering-smoke-grey-contact-lenses\/","title":{"rendered":"Lentes de contacto Whispering Smoke Grey"},"content":{"rendered":"<p>\"A\u00f1ade un toque de misterio a tu look con las Lentes de Contacto Gris Humo Susurrante de BQEYE.<\/p>\n<p>Estas suaves lentes de color gris ahumado dan a los ojos una hermosa dimensi\u00f3n y profundidad sin ser exageradas. P\u00f3ntelas y observa c\u00f3mo tu iris adquiere un et\u00e9reo mech\u00f3n de gris p\u00e1lido que hace que las miradas ardan de verdad. Se acabaron los ojos mon\u00f3tonos: Whispering Smoke realza cualquier color natural que tengas con motas y capas de gris ceniza para unos ojos que intrigan desde el otro lado de la habitaci\u00f3n.<\/p>\n<p>El sutil tono ahumado resalta los tonos azules, verdes y avellana ocultos que no sab\u00eda que se escond\u00edan en sus ojos. Los azules y grises adquieren un aspecto de otro mundo, como de nube, que hace que la gente se pregunte cu\u00e1l es el \"verdadero\" color de tus ojos. Incluso los marrones profundos adquieren una definici\u00f3n sexy y misteriosa con Whispering Smoke.<\/p>\n<p>Como su nombre indica, estas lentillas de color gris humo son perfectas para conseguir ese evasivo look de cine negro n\u00f3rdico que todos envidiamos. P\u00f3ntelas y estar\u00e1s lista al instante para interpretar al melanc\u00f3lico y enigm\u00e1tico protagonista sin pasar horas en la silla de maquillaje. El realce de aspecto natural hace que los ojos destaquen tambi\u00e9n en la c\u00e1mara, as\u00ed que te encantar\u00e1 el resultado de las fotos, ya sea para tu carpeta de actor o para una noche en la ciudad.<\/p>\n<p>Whispering Smoke de BQEYE est\u00e1 fabricado con nuestro material ultrac\u00f3modo Hydraclear, que te har\u00e1 sentir como si no llevaras nada. Se olvidar\u00e1 de que las lleva puestas. Hydraclear es transpirable y se mueve con el flujo natural del ojo para evitar la irritaci\u00f3n y la sequedad. Diga adi\u00f3s tambi\u00e9n a los ojos cansados: el material est\u00e1 dise\u00f1ado para mantener sus ojos adecuadamente hidratados durante todo el d\u00eda.<\/p>\n<p>Como l\u00edder mundial en lentillas que cambian de color, BQEYE antepone la calidad, la seguridad y la comodidad a cada producto. Whispering Smoke se somete a pruebas exhaustivas para cumplir o superar todas las normas de la FDA sobre biocompatibilidad de materiales y permeabilidad al ox\u00edgeno. Puede sentirse bien con lo que toca sus ojos cada d\u00eda. Y con su programa de sustituci\u00f3n recomendado de 14 d\u00edas, le encantar\u00e1 lo que dura cada par antes de que llegue el momento de un nuevo juego.<\/p>\n<p>Tanto si quieres a\u00f1adir un aire de misterio a tu d\u00eda a d\u00eda, como si quieres experimentar con algo nuevo o necesitas unas lentes de contacto que realmente hagan arder los ojos, Whispering Smoke Grey tiene lo que necesitas. Pida las suyas hoy mismo sin riesgos y con nuestra garant\u00eda de satisfacci\u00f3n 100%. Vea c\u00f3mo transforman sutilmente sus ojos con destellos de intriga cenicienta: \u00a1creemos que caer\u00e1 bajo su hechizo!\"<\/p>","protected":false},"excerpt":{"rendered":"<p>&#8220;Add a touch of mystery to your look with Whispering Smoke Grey Contact Lenses from BQEYE. These soft smoke grey lenses give eyes beautiful dimension and depth without being over-the-top. Slip them in and watch as your iris takes on an ethereal wisp of pale grey that makes peepers really smoulder. Gone are one-note eyes [&#8230;]\n","protected":false},"featured_media":1234,"comment_status":"open","ping_status":"closed","template":"","meta":[],"product_brand":[],"product_cat":[101,92,100,81,96,95],"product_tag":[],"class_list":{"0":"post-1232","1":"product","2":"type-product","3":"status-publish","4":"has-post-thumbnail","6":"product_cat-natural-contacts","7":"product_cat-14-5-mm","8":"product_cat-daily-disposable","9":"product_cat-grey-contact-lenses","10":"product_cat-non-prescription","11":"product_cat-prescription","13":"first","14":"instock","15":"sale","16":"shipping-taxable","17":"purchasable","18":"product-type-variable","19":"has-default-attributes"},"_links":{"self":[{"href":"https:\/\/bqeye.com\/es\/wp-json\/wp\/v2\/product\/1232","targetHints":{"allow":["GET"]}}],"collection":[{"href":"https:\/\/bqeye.com\/es\/wp-json\/wp\/v2\/product"}],"about":[{"href":"https:\/\/bqeye.com\/es\/wp-json\/wp\/v2\/types\/product"}],"replies":[{"embeddable":true,"href":"https:\/\/bqeye.com\/es\/wp-json\/wp\/v2\/comments?post=1232"}],"wp:featuredmedia":[{"embeddable":true,"href":"https:\/\/bqeye.com\/es\/wp-json\/wp\/v2\/media\/1234"}],"wp:attachment":[{"href":"https:\/\/bqeye.com\/es\/wp-json\/wp\/v2\/media?parent=1232"}],"wp:term":[{"taxonomy":"product_brand","embeddable":true,"href":"https:\/\/bqeye.com\/es\/wp-json\/wp\/v2\/product_brand?post=1232"},{"taxonomy":"product_cat","embeddable":true,"href":"https:\/\/bqeye.com\/es\/wp-json\/wp\/v2\/product_cat?post=1232"},{"taxonomy":"product_tag","embeddable":true,"href":"https:\/\/bqeye.com\/es\/wp-json\/wp\/v2\/product_tag?post=1232"}],"curies":[{"name":"wp","href":"https:\/\/api.w.org\/{rel}","templated":true}]}}