{"id":1235,"date":"2023-12-09T15:40:37","date_gmt":"2023-12-09T15:40:37","guid":{"rendered":"https:\/\/bqeye.com\/?post_type=product&#038;p=1235"},"modified":"2024-04-18T02:20:37","modified_gmt":"2024-04-18T02:20:37","slug":"glass-candy-brown-contact-lenses","status":"publish","type":"product","link":"https:\/\/bqeye.com\/es\/glass-candy-brown-contact-lenses\/","title":{"rendered":"Lentes de contacto de cristal marr\u00f3n caramelo"},"content":{"rendered":"<p>\"\u00bfBuscas a\u00f1adir un toque de magia a tu look diario? Te presentamos las lentes de contacto Glass Candy Brown de BQEYE.<\/p>\n<p>Estas fant\u00e1sticas lentes de contacto marrones mezclan sutiles toques de rosa pastel y menta en tu iris para conseguir un look de lo m\u00e1s original. P\u00f3ntelas y observa c\u00f3mo tus ojos se iluminan con m\u00e1gicas motas de marr\u00f3n algod\u00f3n de az\u00facar. Se acabaron los ojos marrones apagados y unidimensionales: las Glass Candy Brown realzan con una definici\u00f3n dimensional llena de vida.<\/p>\n<p>Los dulces tonos pastel resaltan las tonalidades doradas y verdes ocultas, a\u00f1adiendo un toque juguet\u00f3n. Los azules y avellanas adquieren un brillo encantador y acaramelado. Incluso los marrones intensos adquieren un toque m\u00e1gico y colorido sin resultar exagerados.<\/p>\n<p>Fabricadas con el material ultrac\u00f3modo Hydraclear, te olvidar\u00e1s de que llevas lentillas marrones. Hydraclear se mueve de forma natural con tus ojos para evitar la sequedad o la irritaci\u00f3n, manteniendo tus ojos hidratados todo el d\u00eda.<\/p>\n<p>Como l\u00edder mundial en lentes de contacto marrones, BQEYE garantiza calidad, seguridad y comodidad. Las Candy Brown de vidrio se someten a exhaustivas pruebas de biocompatibilidad y permeabilidad al ox\u00edgeno para cumplir o superar las normas de la FDA. Puedes sentirte bien con lo que toca tus ojos a diario.<\/p>\n<p>Las lentes de contacto Glass Candy Brown son perfectas para a\u00f1adir fantas\u00eda a tu d\u00eda a d\u00eda, experimentar con el color o dar vida a tus sue\u00f1os m\u00e1gicos en las fotos. Pide las tuyas hoy mismo sin riesgo y con la garant\u00eda de satisfacci\u00f3n 100%. Comprueba c\u00f3mo transforman sutilmente los ojos con estallidos de colores pastel: \u00a1estamos seguros de que te enamorar\u00e1s de tu nuevo tono favorito de lentes de contacto marrones!<\/p>\n<p>\u00bfQuiere destacar entre la multitud? Las Glass Candy Brown tambi\u00e9n son perfectas para ocasiones especiales. Saca el duendecillo que llevas dentro en el pr\u00f3ximo festival o fiesta de disfraces. El realce de aspecto natural hace que los ojos brillen en las fotos.<\/p>\n<p>Haz que buscar lentillas marrones sea divertido con BQEYE. Nuestra selecci\u00f3n de tonos \u00fanicos como Glass Candy aporta color y magia al d\u00eda a d\u00eda. Pide las tuyas hoy mismo para repartir alegr\u00eda esta temporada y m\u00e1s all\u00e1\".<\/p>","protected":false},"excerpt":{"rendered":"<p>&#8220;Looking to add a touch of magic to your everyday look? Introducing Glass Candy Brown Contact Lenses from BQEYE. These whimsical brown contact lenses blend subtle hints of soft pastel pink and mint into your iris for a look that&#8217;s anything but ordinary. Slip them in and watch as your eyes light up with magical [&#8230;]\n","protected":false},"featured_media":1237,"comment_status":"open","ping_status":"closed","template":"","meta":[],"product_brand":[],"product_cat":[101,91,80,100,96,95],"product_tag":[],"class_list":{"0":"post-1235","1":"product","2":"type-product","3":"status-publish","4":"has-post-thumbnail","6":"product_cat-natural-contacts","7":"product_cat-14-2-mm","8":"product_cat-brown-contact-lenses","9":"product_cat-daily-disposable","10":"product_cat-non-prescription","11":"product_cat-prescription","13":"first","14":"instock","15":"sale","16":"shipping-taxable","17":"purchasable","18":"product-type-variable","19":"has-default-attributes"},"_links":{"self":[{"href":"https:\/\/bqeye.com\/es\/wp-json\/wp\/v2\/product\/1235","targetHints":{"allow":["GET"]}}],"collection":[{"href":"https:\/\/bqeye.com\/es\/wp-json\/wp\/v2\/product"}],"about":[{"href":"https:\/\/bqeye.com\/es\/wp-json\/wp\/v2\/types\/product"}],"replies":[{"embeddable":true,"href":"https:\/\/bqeye.com\/es\/wp-json\/wp\/v2\/comments?post=1235"}],"wp:featuredmedia":[{"embeddable":true,"href":"https:\/\/bqeye.com\/es\/wp-json\/wp\/v2\/media\/1237"}],"wp:attachment":[{"href":"https:\/\/bqeye.com\/es\/wp-json\/wp\/v2\/media?parent=1235"}],"wp:term":[{"taxonomy":"product_brand","embeddable":true,"href":"https:\/\/bqeye.com\/es\/wp-json\/wp\/v2\/product_brand?post=1235"},{"taxonomy":"product_cat","embeddable":true,"href":"https:\/\/bqeye.com\/es\/wp-json\/wp\/v2\/product_cat?post=1235"},{"taxonomy":"product_tag","embeddable":true,"href":"https:\/\/bqeye.com\/es\/wp-json\/wp\/v2\/product_tag?post=1235"}],"curies":[{"name":"wp","href":"https:\/\/api.w.org\/{rel}","templated":true}]}}