{"id":1238,"date":"2023-12-09T15:51:03","date_gmt":"2023-12-09T15:51:03","guid":{"rendered":"https:\/\/bqeye.com\/?post_type=product&#038;p=1238"},"modified":"2024-04-18T02:20:33","modified_gmt":"2024-04-18T02:20:33","slug":"black-pearl-contact-lenses","status":"publish","type":"product","link":"https:\/\/bqeye.com\/es\/black-pearl-contact-lenses\/","title":{"rendered":"Lentes de contacto Black Pearl"},"content":{"rendered":"<p>Lentes de contacto Mesmerizing Black Pearl<\/p>\n<p>A\u00f1ade un toque de intriga a tu mirada con las lentillas Black Pearl de BQEYE. Estas lentillas, con tonos iridiscentes, aportan a tus ojos una profundidad cautivadora sin precedentes.<\/p>\n<p>Ponte Black Pearls y observa c\u00f3mo tu iris adquiere un fascinante tono medianoche salpicado de motas de tinta brillante. Se acabaron los ojos apagados y unidimensionales: Black Pearls realza con una dimensi\u00f3n m\u00edstica.<\/p>\n<p>La base de cuervo resalta los colores ocultos como nunca antes se hab\u00eda visto. Los azules brillan con un resplandor oce\u00e1nico, mientras que los verdes adquieren una chispa esmeralda. Incluso los ojos marrones se transforman con una seductora cualidad de gema.<\/p>\n<p>Fabricadas con el material ultrac\u00f3modo Hydraclear, te olvidar\u00e1s de que llevas lentillas. Hydraclear se mueve sin esfuerzo para que los ojos est\u00e9n hidratados todo el d\u00eda sin irritaci\u00f3n.<\/p>\n<p>Tanto si necesitas un look destacado para las noches en la ciudad como para las alfombras rojas, las Perlas Negras te cubren. Adem\u00e1s, su sutil realce hace que los ojos destaquen en las fotos.<\/p>\n<p>Como l\u00edder en lentillas innovadoras, BQEYE garantiza que las lentillas Black Pearls cumplen las normas de seguridad m\u00e1s estrictas de la FDA. Su f\u00f3rmula vanguardista a\u00f1ade intriga sin comprometer la comodidad.<\/p>\n<p>Desl\u00edzate con Black Pearls y consigue una mirada hipnotizadora que reclama atenci\u00f3n. Pida las suyas hoy mismo y pru\u00e9belas sin riesgo. Comprueba c\u00f3mo transforman sutilmente los ojos en joyas cautivadoras: \u00a1sabemos que caer\u00e1s bajo su hechizo!<\/p>\n<p>Haz que navegar sea divertido con la gama de tonos \u00fanicos de BQEYE. Perlas negras y m\u00e1s aportan nuevas dimensiones de color a tu vida. Haga su pedido sin riesgos para encontrar su combinaci\u00f3n perfecta.<\/p>","protected":false},"excerpt":{"rendered":"<p>Mesmerizing Black Pearl Contact Lenses Add a touch of intrigue to your look with BQEYE&#8217;s Black Pearl contacts. Infused with iridescent undertones, these lenses give eyes captivating depth unlike anything before. Slip Black Pearls on and watch as your iris takes on a mesmerizing midnight hue dotted with flecks of shimmering ink. Gone are dull, [&#8230;]\n","protected":false},"featured_media":1240,"comment_status":"open","ping_status":"closed","template":"","meta":[],"product_brand":[],"product_cat":[101,91,73,100,96,95],"product_tag":[],"class_list":{"0":"post-1238","1":"product","2":"type-product","3":"status-publish","4":"has-post-thumbnail","6":"product_cat-natural-contacts","7":"product_cat-14-2-mm","8":"product_cat-black-contact-lenses","9":"product_cat-daily-disposable","10":"product_cat-non-prescription","11":"product_cat-prescription","13":"first","14":"instock","15":"sale","16":"shipping-taxable","17":"purchasable","18":"product-type-variable","19":"has-default-attributes"},"_links":{"self":[{"href":"https:\/\/bqeye.com\/es\/wp-json\/wp\/v2\/product\/1238","targetHints":{"allow":["GET"]}}],"collection":[{"href":"https:\/\/bqeye.com\/es\/wp-json\/wp\/v2\/product"}],"about":[{"href":"https:\/\/bqeye.com\/es\/wp-json\/wp\/v2\/types\/product"}],"replies":[{"embeddable":true,"href":"https:\/\/bqeye.com\/es\/wp-json\/wp\/v2\/comments?post=1238"}],"wp:featuredmedia":[{"embeddable":true,"href":"https:\/\/bqeye.com\/es\/wp-json\/wp\/v2\/media\/1240"}],"wp:attachment":[{"href":"https:\/\/bqeye.com\/es\/wp-json\/wp\/v2\/media?parent=1238"}],"wp:term":[{"taxonomy":"product_brand","embeddable":true,"href":"https:\/\/bqeye.com\/es\/wp-json\/wp\/v2\/product_brand?post=1238"},{"taxonomy":"product_cat","embeddable":true,"href":"https:\/\/bqeye.com\/es\/wp-json\/wp\/v2\/product_cat?post=1238"},{"taxonomy":"product_tag","embeddable":true,"href":"https:\/\/bqeye.com\/es\/wp-json\/wp\/v2\/product_tag?post=1238"}],"curies":[{"name":"wp","href":"https:\/\/api.w.org\/{rel}","templated":true}]}}