{"id":1241,"date":"2023-12-09T15:59:36","date_gmt":"2023-12-09T15:59:36","guid":{"rendered":"https:\/\/bqeye.com\/?post_type=product&#038;p=1241"},"modified":"2024-04-18T02:20:30","modified_gmt":"2024-04-18T02:20:30","slug":"elf-ring-black-contact-lenses","status":"publish","type":"product","link":"https:\/\/bqeye.com\/es\/elf-ring-black-contact-lenses\/","title":{"rendered":"Lentillas Elf Ring Negras"},"content":{"rendered":"<p>Encante sus ojos con las lentes de contacto negras Elf Ring<\/p>\n<p>A\u00f1ade un toque de misterio m\u00e1gico a tu look con las lentillas Elf Ring Black de BQEYE. Infundidas con halos iridiscentes, estas lentillas dan a los ojos un brillo de otro mundo como nunca antes.<\/p>\n<p>Ponte los Anillos de los Elfos y observa c\u00f3mo tu iris adquiere un fascinante tono ennegrecido rodeado de brillantes anillos de color. Se acabaron los ojos apagados y ordinarios: los Anillos Elf realzan la intriga \u00e9lfica.<\/p>\n<p>La base de cuervo resalta los colores ocultos en los anillos que bailan alrededor de su pupila. Los azules brillan con un resplandor helado, mientras que los verdes resplandecen como la aurora boreal. Incluso los ojos marrones adquieren un aspecto fascinante y m\u00edstico.<\/p>\n<p>Fabricadas con el material ultrac\u00f3modo Hydraclear, te olvidar\u00e1s de que llevas lentillas. Hydraclear se mueve sin esfuerzo para que los ojos est\u00e9n hidratados todo el d\u00eda sin irritaci\u00f3n.<\/p>\n<p>Tanto si necesitas un look llamativo para fiestas de disfraces como para ferias renacentistas, los Anillos de Duende te ayudar\u00e1n. El sutil realce hace que los colores de tus ojos destaquen de verdad.<\/p>\n<p>Como l\u00edder en lentillas innovadoras, BQEYE garantiza que los Anillos Elf cumplen las normas de seguridad m\u00e1s estrictas de la FDA. Su f\u00f3rmula de vanguardia a\u00f1ade la magia de las hadas sin comprometer la comodidad.<\/p>\n<p>Ponte los Anillos Elf y consigue una mirada hechizante que har\u00e1 que la gente se pregunte si eres realmente humana. Pida el suyo hoy mismo y pru\u00e9belo sin riesgos. Comprueba c\u00f3mo transforman sutilmente los ojos en portales a lo fant\u00e1stico: \u00a1sabemos que te hechizar\u00e1n!<\/p>\n<p>Haz que navegar sea divertido con la gama de tonos \u00fanicos de BQEYE. Los Anillos Elf y mucho m\u00e1s aportan nuevas dimensiones de color a tu vida. Haz tu pedido sin riesgos para encontrar tu pareja perfecta.<\/p>","protected":false},"excerpt":{"rendered":"<p>Enchant Your Eyes with Elf Ring Black Contact Lenses Add a touch of magical mystery to your look with BQEYE&#8217;s Elf Ring Black contacts. Infused with iridescent halos, these lenses give eyes an otherworldly glow unlike anything before. Slip Elf Rings on and watch as your iris takes on a mesmerizing blackened hue encircled with [&#8230;]\n","protected":false},"featured_media":1243,"comment_status":"open","ping_status":"closed","template":"","meta":[],"product_brand":[],"product_cat":[101,90,73,100,96,95],"product_tag":[],"class_list":{"0":"post-1241","1":"product","2":"type-product","3":"status-publish","4":"has-post-thumbnail","6":"product_cat-natural-contacts","7":"product_cat-14-0-mm","8":"product_cat-black-contact-lenses","9":"product_cat-daily-disposable","10":"product_cat-non-prescription","11":"product_cat-prescription","13":"first","14":"instock","15":"sale","16":"shipping-taxable","17":"purchasable","18":"product-type-variable","19":"has-default-attributes"},"_links":{"self":[{"href":"https:\/\/bqeye.com\/es\/wp-json\/wp\/v2\/product\/1241","targetHints":{"allow":["GET"]}}],"collection":[{"href":"https:\/\/bqeye.com\/es\/wp-json\/wp\/v2\/product"}],"about":[{"href":"https:\/\/bqeye.com\/es\/wp-json\/wp\/v2\/types\/product"}],"replies":[{"embeddable":true,"href":"https:\/\/bqeye.com\/es\/wp-json\/wp\/v2\/comments?post=1241"}],"wp:featuredmedia":[{"embeddable":true,"href":"https:\/\/bqeye.com\/es\/wp-json\/wp\/v2\/media\/1243"}],"wp:attachment":[{"href":"https:\/\/bqeye.com\/es\/wp-json\/wp\/v2\/media?parent=1241"}],"wp:term":[{"taxonomy":"product_brand","embeddable":true,"href":"https:\/\/bqeye.com\/es\/wp-json\/wp\/v2\/product_brand?post=1241"},{"taxonomy":"product_cat","embeddable":true,"href":"https:\/\/bqeye.com\/es\/wp-json\/wp\/v2\/product_cat?post=1241"},{"taxonomy":"product_tag","embeddable":true,"href":"https:\/\/bqeye.com\/es\/wp-json\/wp\/v2\/product_tag?post=1241"}],"curies":[{"name":"wp","href":"https:\/\/api.w.org\/{rel}","templated":true}]}}