{"id":1246,"date":"2023-12-09T16:06:22","date_gmt":"2023-12-09T16:06:22","guid":{"rendered":"https:\/\/bqeye.com\/?post_type=product&#038;p=1246"},"modified":"2024-04-18T02:20:27","modified_gmt":"2024-04-18T02:20:27","slug":"crystal-blue-mirage-contact-lenses","status":"publish","type":"product","link":"https:\/\/bqeye.com\/es\/crystal-blue-mirage-contact-lenses\/","title":{"rendered":"Lentes de contacto Crystal Blue Mirage"},"content":{"rendered":"<p>Sumerja sus ojos con las lentes de contacto Crystal Blue Mirage<\/p>\n<p>Transporta tu mirada con las lentes de contacto Crystal Blue Mirage de BQEYE. Elaboradas con copos de cristal multidimensionales, estas lentillas hacen que los ojos cobren vida como ninguna otra lente de contacto antes.<\/p>\n<p>P\u00f3ngase Mirages y vea c\u00f3mo su iris se envuelve en un fascinante abismo azul salpicado de fragmentos brillantes de luz. Se acabaron las lentes de contacto corrientes: Mirages sumergen con profundidad m\u00edstica.<\/p>\n<p>La base de zafiro te atrae mientras las motas de cristal bailan a su alrededor, a\u00f1adiendo un movimiento et\u00e9reo. Los azules brillan con una luminosidad de otro mundo, mientras que los verdes resplandecen como joyas. Incluso los ojos marrones adquieren cualidades m\u00e1gicas, similares a las de las piedras preciosas.<\/p>\n<p>Fabricadas con el material ultrac\u00f3modo Hydraclear, te olvidar\u00e1s de que llevas lentillas. Hydraclear se mueve a la perfecci\u00f3n para mantener los ojos hidratados sin irritar, por lo que la ilusi\u00f3n nunca se rompe.<\/p>\n<p>Tanto si necesitas un look destacado para eventos o cosplay, las lentes de contacto Crystal Blue Mirage te transportan a un nuevo reino. La sutil mejora resalta dimensiones de color ocultas que realmente cautivan tambi\u00e9n en las fotos.<\/p>\n<p>Como l\u00edder en lentes de contacto innovadoras, BQEYE garantiza que Mirages cumple las normas de seguridad m\u00e1s estrictas de la FDA. Su f\u00f3rmula de cristal de \u00faltima generaci\u00f3n a\u00f1ade maravilla sin comprometer la comodidad.<\/p>\n<p>P\u00f3ngase Mirages y d\u00e9jese sorprender por sus ojos. Pida hoy mismo las suyas y pruebe sin riesgos estas lentes de contacto. Comprueba c\u00f3mo transforman tus ojos en brillantes portales a un mundo m\u00e1s all\u00e1.<\/p>\n<p>Haz que navegar sea divertido con la gama de lentes de contacto de otro mundo de BQEYE. Crystal Blue Mirages te ofrece nuevas formas de realzar tu mirada. Haz tu pedido sin riesgos para encontrar el look que te atraiga.<\/p>","protected":false},"excerpt":{"rendered":"<p>Immerse Your Eyes with Crystal Blue Mirage Contact Lenses Transport your look with BQEYE&#8217;s Crystal Blue Mirage contact lenses. Crafted with multidimensional crystal flakes, these lenses make eyes come alive like no other contact lenses before. Slip Mirages on and watch as your iris is enveloped in a mesmerizing blue abyss flecked with glittering fragments [&#8230;]\n","protected":false},"featured_media":1248,"comment_status":"open","ping_status":"closed","template":"","meta":[],"product_brand":[],"product_cat":[101,91,75,100,96,95],"product_tag":[],"class_list":{"0":"post-1246","1":"product","2":"type-product","3":"status-publish","4":"has-post-thumbnail","6":"product_cat-natural-contacts","7":"product_cat-14-2-mm","8":"product_cat-blue-contact-lenses","9":"product_cat-daily-disposable","10":"product_cat-non-prescription","11":"product_cat-prescription","13":"first","14":"instock","15":"sale","16":"shipping-taxable","17":"purchasable","18":"product-type-variable","19":"has-default-attributes"},"_links":{"self":[{"href":"https:\/\/bqeye.com\/es\/wp-json\/wp\/v2\/product\/1246","targetHints":{"allow":["GET"]}}],"collection":[{"href":"https:\/\/bqeye.com\/es\/wp-json\/wp\/v2\/product"}],"about":[{"href":"https:\/\/bqeye.com\/es\/wp-json\/wp\/v2\/types\/product"}],"replies":[{"embeddable":true,"href":"https:\/\/bqeye.com\/es\/wp-json\/wp\/v2\/comments?post=1246"}],"wp:featuredmedia":[{"embeddable":true,"href":"https:\/\/bqeye.com\/es\/wp-json\/wp\/v2\/media\/1248"}],"wp:attachment":[{"href":"https:\/\/bqeye.com\/es\/wp-json\/wp\/v2\/media?parent=1246"}],"wp:term":[{"taxonomy":"product_brand","embeddable":true,"href":"https:\/\/bqeye.com\/es\/wp-json\/wp\/v2\/product_brand?post=1246"},{"taxonomy":"product_cat","embeddable":true,"href":"https:\/\/bqeye.com\/es\/wp-json\/wp\/v2\/product_cat?post=1246"},{"taxonomy":"product_tag","embeddable":true,"href":"https:\/\/bqeye.com\/es\/wp-json\/wp\/v2\/product_tag?post=1246"}],"curies":[{"name":"wp","href":"https:\/\/api.w.org\/{rel}","templated":true}]}}