{"id":1249,"date":"2023-12-09T16:16:12","date_gmt":"2023-12-09T16:16:12","guid":{"rendered":"https:\/\/bqeye.com\/?post_type=product&#038;p=1249"},"modified":"2024-04-18T02:20:23","modified_gmt":"2024-04-18T02:20:23","slug":"shining-star-brown-contact-lenses","status":"publish","type":"product","link":"https:\/\/bqeye.com\/es\/shining-star-brown-contact-lenses\/","title":{"rendered":"Lentes de contacto marrones Shining Star"},"content":{"rendered":"<p>Saca a relucir las estrellas con unas brillantes lentes de contacto marrones<\/p>\n<p>A\u00f1ade una pizca de polvo de estrellas a tu mirada con las lentes de contacto Shining Star Brown de BQEYE. Con una infusi\u00f3n de destellos dorados, estas lentillas hacen que los ojos brillen m\u00e1s que con cualquier otra lente de contacto.<\/p>\n<p>Ponte Stars y observa c\u00f3mo tu iris brilla con un radiante tono \u00e1mbar salpicado de motas de luz. Di adi\u00f3s a las lentes de contacto aburridas: Stars ilumina los ojos con una maravilla celestial.<\/p>\n<p>La base marr\u00f3n dorado atrae la atenci\u00f3n, mientras que las motas centelleantes realzan los colores ocultos alrededor de la pupila. Los azules brillan como el cielo nocturno y los verdes como las estrellas. Incluso los ojos marrones adquieren un brillo luminoso y c\u00f3smico como ninguna otra lente de contacto.<\/p>\n<p>Fabricadas con el material ultrac\u00f3modo Hydraclear, te olvidar\u00e1s de que llevas lentillas. Hydraclear se mueve a la perfecci\u00f3n para mantener los ojos hidratados sin irritar, para que el espect\u00e1culo de luz dure todo el d\u00eda.<\/p>\n<p>Tanto si necesitas un look destacado para la noche como para eventos especiales, Shining Stars te cubre mejor que cualquier otra lente de contacto del mercado. Su sutil realce hace que los colores tambi\u00e9n deslumbren en las fotos.<\/p>\n<p>Como l\u00edder en lentes de contacto innovadoras, BQEYE garantiza que las Stars cumplen las normas de seguridad m\u00e1s estrictas de la FDA. Su f\u00f3rmula de vanguardia a\u00f1ade magia celestial sin comprometer la comodidad.<\/p>\n<p>Ponte Stars y brilla m\u00e1s que nadie a tu alrededor. Pida hoy mismo las suyas y pruebe sin riesgos estas lentes de contacto iluminadoras. Comprueba c\u00f3mo transforman los ojos en faros luminosos: \u00a1sabemos que quedar\u00e1s hipnotizado!<\/p>\n<p>Haz que navegar sea divertido con la gama de lentes de contacto centelleantes de BQEYE. Estrellas brillantes y mucho m\u00e1s te ofrecen nuevas formas de iluminar tu vida. Haz tu pedido sin riesgos para encontrar el look que te haga brillar.<\/p>","protected":false},"excerpt":{"rendered":"<p>Bring Out the Stars with Shining Brown Contact Lenses Add a dash of stardust to your look with BQEYE&#8217;s Shining Star Brown contact lenses. Infused with twinkling flecks of gold, these lenses make eyes shine brighter than any other contact lenses. Slip Stars on and watch as your iris glows with a radiant amber hue [&#8230;]\n","protected":false},"featured_media":1251,"comment_status":"open","ping_status":"closed","template":"","meta":[],"product_brand":[],"product_cat":[101,92,80,100,96,95],"product_tag":[],"class_list":{"0":"post-1249","1":"product","2":"type-product","3":"status-publish","4":"has-post-thumbnail","6":"product_cat-natural-contacts","7":"product_cat-14-5-mm","8":"product_cat-brown-contact-lenses","9":"product_cat-daily-disposable","10":"product_cat-non-prescription","11":"product_cat-prescription","13":"first","14":"instock","15":"sale","16":"shipping-taxable","17":"purchasable","18":"product-type-variable","19":"has-default-attributes"},"_links":{"self":[{"href":"https:\/\/bqeye.com\/es\/wp-json\/wp\/v2\/product\/1249","targetHints":{"allow":["GET"]}}],"collection":[{"href":"https:\/\/bqeye.com\/es\/wp-json\/wp\/v2\/product"}],"about":[{"href":"https:\/\/bqeye.com\/es\/wp-json\/wp\/v2\/types\/product"}],"replies":[{"embeddable":true,"href":"https:\/\/bqeye.com\/es\/wp-json\/wp\/v2\/comments?post=1249"}],"wp:featuredmedia":[{"embeddable":true,"href":"https:\/\/bqeye.com\/es\/wp-json\/wp\/v2\/media\/1251"}],"wp:attachment":[{"href":"https:\/\/bqeye.com\/es\/wp-json\/wp\/v2\/media?parent=1249"}],"wp:term":[{"taxonomy":"product_brand","embeddable":true,"href":"https:\/\/bqeye.com\/es\/wp-json\/wp\/v2\/product_brand?post=1249"},{"taxonomy":"product_cat","embeddable":true,"href":"https:\/\/bqeye.com\/es\/wp-json\/wp\/v2\/product_cat?post=1249"},{"taxonomy":"product_tag","embeddable":true,"href":"https:\/\/bqeye.com\/es\/wp-json\/wp\/v2\/product_tag?post=1249"}],"curies":[{"name":"wp","href":"https:\/\/api.w.org\/{rel}","templated":true}]}}