{"id":1264,"date":"2023-12-12T08:07:17","date_gmt":"2023-12-12T08:07:17","guid":{"rendered":"https:\/\/bqeye.com\/?post_type=product&#038;p=1264"},"modified":"2024-04-18T02:20:20","modified_gmt":"2024-04-18T02:20:20","slug":"pixie-blue-contact-lenses","status":"publish","type":"product","link":"https:\/\/bqeye.com\/es\/pixie-blue-contact-lenses\/","title":{"rendered":"Lentes de contacto Pixie Blue"},"content":{"rendered":"<p>A\u00f1ade un toque de magia a tu mirada con las lentillas Pixie Blue de BQEYE. Sus tonos iridiscentes brillan en el interior de estas lentillas, haciendo que los ojos brillen m\u00e1s que con cualquier otra lente de contacto del mercado.<\/p>\n<p>Ponte Pixies y observa c\u00f3mo tu iris se ilumina con un alegre tono azul salpicado de motas de brillo arco iris. Se acabaron las lentes de contacto aburridas: Pixies realzan los ojos con una maravilla caprichosa.<\/p>\n<p>La base de zafiro te atrae, mientras que los tonos brillantes resaltan la esmeralda oculta y los toques dorados alrededor de la pupila. Blues irradia un resplandor de otro mundo como ninguna otra lente de contacto.<\/p>\n<p>Fabricadas con el material ultrac\u00f3modo Hydraclear, te olvidar\u00e1s de que llevas lentillas. Hydraclear se mueve sin esfuerzo para mantener las miradas hidratadas todo el d\u00eda sin irritaci\u00f3n, para que el brillo nunca se detenga.<\/p>\n<p>Tanto si necesitas magia para d\u00edas de disfraces como para festivales, las lentes de contacto Pixie Blue te cubren mejor que otras opciones del mercado. Su sutil realce hace que los colores tambi\u00e9n deslumbren en las fotos.<\/p>\n<p>Como l\u00edder en lentes de contacto innovadoras, BQEYE garantiza que las Pixies cumplen las normas de seguridad m\u00e1s estrictas de la FDA. Su f\u00f3rmula avanzada a\u00f1ade un brillo de color pixie que realza los ojos sin comprometer la comodidad.<\/p>\n<p>Ponte Pixies y brilla m\u00e1s que un claro de campanillas. Pide las tuyas hoy mismo y prueba sin riesgos estas encantadoras lentes de contacto. Comprueba c\u00f3mo transforman tus ojos en puertas resplandecientes a una tierra m\u00e1gica: \u00a1sabemos que te hechizar\u00e1n!<\/p>\n<p>Encuentra tu tono favorito entre la gama de lentillas m\u00edsticas de BQEYE. Pixie Blue y muchas m\u00e1s te ofrecen nuevas formas de realzar tu mirada. Haz tu pedido hoy y descubre el hada que llevas dentro.<\/p>","protected":false},"excerpt":{"rendered":"<p>Add a touch of fairy magic to your look with BQEYE&#8217;s Pixie Blue contact lenses. Iridescent undertones glow within these lenses, making eyes sparkle more than any other contact lenses on the market. Slip Pixies on and watch as your iris lights up with a lively azure hue dotted with flecks of rainbow shine. Gone [&#8230;]\n","protected":false},"featured_media":1266,"comment_status":"open","ping_status":"closed","template":"","meta":[],"product_brand":[],"product_cat":[205,91,75,96,95,98],"product_tag":[],"class_list":{"0":"post-1264","1":"product","2":"type-product","3":"status-publish","4":"has-post-thumbnail","6":"product_cat-pixie","7":"product_cat-14-2-mm","8":"product_cat-blue-contact-lenses","9":"product_cat-non-prescription","10":"product_cat-prescription","11":"product_cat-yearly-disposable","13":"first","14":"instock","15":"sale","16":"shipping-taxable","17":"purchasable","18":"product-type-variable","19":"has-default-attributes"},"_links":{"self":[{"href":"https:\/\/bqeye.com\/es\/wp-json\/wp\/v2\/product\/1264","targetHints":{"allow":["GET"]}}],"collection":[{"href":"https:\/\/bqeye.com\/es\/wp-json\/wp\/v2\/product"}],"about":[{"href":"https:\/\/bqeye.com\/es\/wp-json\/wp\/v2\/types\/product"}],"replies":[{"embeddable":true,"href":"https:\/\/bqeye.com\/es\/wp-json\/wp\/v2\/comments?post=1264"}],"wp:featuredmedia":[{"embeddable":true,"href":"https:\/\/bqeye.com\/es\/wp-json\/wp\/v2\/media\/1266"}],"wp:attachment":[{"href":"https:\/\/bqeye.com\/es\/wp-json\/wp\/v2\/media?parent=1264"}],"wp:term":[{"taxonomy":"product_brand","embeddable":true,"href":"https:\/\/bqeye.com\/es\/wp-json\/wp\/v2\/product_brand?post=1264"},{"taxonomy":"product_cat","embeddable":true,"href":"https:\/\/bqeye.com\/es\/wp-json\/wp\/v2\/product_cat?post=1264"},{"taxonomy":"product_tag","embeddable":true,"href":"https:\/\/bqeye.com\/es\/wp-json\/wp\/v2\/product_tag?post=1264"}],"curies":[{"name":"wp","href":"https:\/\/api.w.org\/{rel}","templated":true}]}}