{"id":1273,"date":"2023-12-12T08:10:55","date_gmt":"2023-12-12T08:10:55","guid":{"rendered":"https:\/\/bqeye.com\/?post_type=product&#038;p=1273"},"modified":"2024-04-18T02:20:17","modified_gmt":"2024-04-18T02:20:17","slug":"pixie-green-contact-lenses","status":"publish","type":"product","link":"https:\/\/bqeye.com\/es\/pixie-green-contact-lenses\/","title":{"rendered":"Lentes de contacto Pixie Green"},"content":{"rendered":"<p>Ilumina tus ojos con las lentillas Pixie Green<\/p>\n<p>A\u00f1ade un toque de magia del bosque a tu mirada con las lentes de contacto Pixie Green de BQEYE. Estas lentillas brillan con matices resplandecientes, haciendo que los ojos brillen m\u00e1s que con cualquier otra lente de contacto del mercado.<\/p>\n<p>Ponte Pixies y observa c\u00f3mo tu iris se ilumina con un vivo tono esmeralda salpicado de motas de brillo dorado. Di adi\u00f3s a las lentes de contacto aburridas: Pixies realza los ojos con un encanto caprichoso.<\/p>\n<p>La base verde bosque te atrae, mientras que las motas centelleantes resaltan los toques ocultos de verde azulado y marr\u00f3n alrededor de la pupila. Los verdes brillan con un resplandor m\u00e1gico que no se ve en ninguna otra lente de contacto.<\/p>\n<p>Fabricadas con el material ultrac\u00f3modo Hydraclear, te olvidar\u00e1s de que llevas lentillas. Hydraclear se mueve a la perfecci\u00f3n para mantener las miradas hidratadas todo el d\u00eda sin irritarlas, para que el brillo cautive hasta el anochecer.<\/p>\n<p>Tanto si necesitas magia para noches de disfraces como para ferias renacentistas, las lentes de contacto Pixie Green te cubren mejor que otras opciones. Su sutil realce hace que los colores tambi\u00e9n deslumbren en las fotos.<\/p>\n<p>Como l\u00edder en lentes de contacto innovadoras, BQEYE garantiza que las Pixies cumplen las normas de seguridad m\u00e1s estrictas de la FDA. Su f\u00f3rmula avanzada a\u00f1ade un brillo de color pixie que realza los ojos sin comprometer la comodidad.<\/p>\n<p>Ponte las Pixies y brilla m\u00e1s verde que un claro encantado. Pide las tuyas hoy mismo y prueba sin riesgos estas lentes de contacto iluminadoras. Ver\u00e1s c\u00f3mo transforman tus ojos en brillantes puertas a una tierra m\u00e1gica... \u00a1te hechizar\u00e1n!<\/p>\n<p>Encuentra tu tono favorito entre la gama de lentillas m\u00edsticas de BQEYE. Pixie Green y otras nuevas formas de realzar tu mirada. Haz tu pedido hoy y descubre el esp\u00edritu del bosque que llevas dentro.<\/p>","protected":false},"excerpt":{"rendered":"<p>Illuminate Your Eyes with Pixie Green Contact Lenses Add a touch of forest magic to your look with BQEYE&#8217;s Pixie Green contact lenses. Shimmering undertones glow within these lenses, making eyes sparkle brighter than any other contact lenses on the market. Slip Pixies on and watch as your iris lights up with a lively emerald [&#8230;]\n","protected":false},"featured_media":1278,"comment_status":"open","ping_status":"closed","template":"","meta":[],"product_brand":[],"product_cat":[205,91,77,96,95,98],"product_tag":[],"class_list":{"0":"post-1273","1":"product","2":"type-product","3":"status-publish","4":"has-post-thumbnail","6":"product_cat-pixie","7":"product_cat-14-2-mm","8":"product_cat-green-contact-lenses","9":"product_cat-non-prescription","10":"product_cat-prescription","11":"product_cat-yearly-disposable","13":"first","14":"instock","15":"sale","16":"shipping-taxable","17":"purchasable","18":"product-type-variable","19":"has-default-attributes"},"_links":{"self":[{"href":"https:\/\/bqeye.com\/es\/wp-json\/wp\/v2\/product\/1273","targetHints":{"allow":["GET"]}}],"collection":[{"href":"https:\/\/bqeye.com\/es\/wp-json\/wp\/v2\/product"}],"about":[{"href":"https:\/\/bqeye.com\/es\/wp-json\/wp\/v2\/types\/product"}],"replies":[{"embeddable":true,"href":"https:\/\/bqeye.com\/es\/wp-json\/wp\/v2\/comments?post=1273"}],"wp:featuredmedia":[{"embeddable":true,"href":"https:\/\/bqeye.com\/es\/wp-json\/wp\/v2\/media\/1278"}],"wp:attachment":[{"href":"https:\/\/bqeye.com\/es\/wp-json\/wp\/v2\/media?parent=1273"}],"wp:term":[{"taxonomy":"product_brand","embeddable":true,"href":"https:\/\/bqeye.com\/es\/wp-json\/wp\/v2\/product_brand?post=1273"},{"taxonomy":"product_cat","embeddable":true,"href":"https:\/\/bqeye.com\/es\/wp-json\/wp\/v2\/product_cat?post=1273"},{"taxonomy":"product_tag","embeddable":true,"href":"https:\/\/bqeye.com\/es\/wp-json\/wp\/v2\/product_tag?post=1273"}],"curies":[{"name":"wp","href":"https:\/\/api.w.org\/{rel}","templated":true}]}}