{"id":1279,"date":"2023-12-12T11:07:03","date_gmt":"2023-12-12T11:07:03","guid":{"rendered":"https:\/\/bqeye.com\/?post_type=product&#038;p=1279"},"modified":"2024-04-18T02:20:14","modified_gmt":"2024-04-18T02:20:14","slug":"pixie-brown-contact-lenses","status":"publish","type":"product","link":"https:\/\/bqeye.com\/es\/pixie-brown-contact-lenses\/","title":{"rendered":"Lentes de contacto Pixie Brown"},"content":{"rendered":"<p>Saca el duendecillo que llevas dentro con lentillas marrones<\/p>\n<p>A\u00f1ade un toque terrenal de magia a tu mirada con las lentes de contacto Pixie Brown de BQEYE. Las motas iridiscentes se arremolinan dentro de estas lentillas, haciendo que los ojos brillen m\u00e1s que con cualquier otra lente de contacto marr\u00f3n del mercado.<\/p>\n<p>Ponte Pixies y observa c\u00f3mo tu iris resplandece con un radiante tono avellana salpicado de motas de brillo dorado. Olv\u00eddate de las aburridas lentillas marrones: Pixies realza los ojos con un toque encantador.<\/p>\n<p>La base marr\u00f3n chocolate te atrae, mientras que las motas brillantes resaltan el verde y el dorado ocultos alrededor de la pupila. Las Browns irradian una calidez de otro mundo como no se ha visto con ninguna otra lente de contacto marr\u00f3n.<\/p>\n<p>Fabricadas con el material ultrac\u00f3modo Hydraclear, te olvidar\u00e1s de que llevas lentillas. Hydraclear se mueve a la perfecci\u00f3n para mantener las miradas hidratadas todo el d\u00eda sin irritarlas, para que el brillo cautive hasta el anochecer.<\/p>\n<p>Tanto si necesitas magia para noches de disfraces como para festivales renacentistas, las lentes de contacto Pixie Brown te cubren mejor que otras opciones marrones. El sutil realce hace que los colores tambi\u00e9n deslumbren en las fotos.<\/p>\n<p>Como l\u00edder en lentes de contacto innovadoras, BQEYE garantiza que las Pixies cumplen las normas de seguridad m\u00e1s estrictas de la FDA. Su f\u00f3rmula avanzada a\u00f1ade un brillo de color pixie que realza los ojos sin comprometer la comodidad.<\/p>\n<p>Ponte las Pixies y brilla m\u00e1s que un claro de oto\u00f1o. Pide las tuyas hoy mismo y prueba sin riesgos estas lentillas marrones iluminadoras. Ver\u00e1s c\u00f3mo transforman tus ojos en brillantes puertas a una tierra de magia terrenal: \u00a1te hechizar\u00e1n!<\/p>\n<p>Encuentra tu tono favorito entre la gama de lentillas m\u00edsticas de BQEYE. Pixie Brown y m\u00e1s te ofrecen nuevas formas de realzar tu mirada morena. P\u00eddelas hoy mismo para dar rienda suelta a tu duendecillo del bosque interior.<\/p>","protected":false},"excerpt":{"rendered":"<p>Bring Out Your Inner Pixie with Brown Contact Lenses Add an earthy touch of magic to your look with BQEYE&#8217;s Pixie Brown contact lenses. Iridescent flecks swirl within these lenses, making eyes sparkle more than any other brown contact lenses on the market. Slip Pixies on and watch as your iris glows with a radiant [&#8230;]\n","protected":false},"featured_media":1281,"comment_status":"open","ping_status":"closed","template":"","meta":[],"product_brand":[],"product_cat":[205,91,80,96,95,98],"product_tag":[354],"class_list":{"0":"post-1279","1":"product","2":"type-product","3":"status-publish","4":"has-post-thumbnail","6":"product_cat-pixie","7":"product_cat-14-2-mm","8":"product_cat-brown-contact-lenses","9":"product_cat-non-prescription","10":"product_cat-prescription","11":"product_cat-yearly-disposable","12":"product_tag-brown-contact-lenses","14":"first","15":"instock","16":"sale","17":"shipping-taxable","18":"purchasable","19":"product-type-variable","20":"has-default-attributes"},"_links":{"self":[{"href":"https:\/\/bqeye.com\/es\/wp-json\/wp\/v2\/product\/1279","targetHints":{"allow":["GET"]}}],"collection":[{"href":"https:\/\/bqeye.com\/es\/wp-json\/wp\/v2\/product"}],"about":[{"href":"https:\/\/bqeye.com\/es\/wp-json\/wp\/v2\/types\/product"}],"replies":[{"embeddable":true,"href":"https:\/\/bqeye.com\/es\/wp-json\/wp\/v2\/comments?post=1279"}],"wp:featuredmedia":[{"embeddable":true,"href":"https:\/\/bqeye.com\/es\/wp-json\/wp\/v2\/media\/1281"}],"wp:attachment":[{"href":"https:\/\/bqeye.com\/es\/wp-json\/wp\/v2\/media?parent=1279"}],"wp:term":[{"taxonomy":"product_brand","embeddable":true,"href":"https:\/\/bqeye.com\/es\/wp-json\/wp\/v2\/product_brand?post=1279"},{"taxonomy":"product_cat","embeddable":true,"href":"https:\/\/bqeye.com\/es\/wp-json\/wp\/v2\/product_cat?post=1279"},{"taxonomy":"product_tag","embeddable":true,"href":"https:\/\/bqeye.com\/es\/wp-json\/wp\/v2\/product_tag?post=1279"}],"curies":[{"name":"wp","href":"https:\/\/api.w.org\/{rel}","templated":true}]}}