{"id":1287,"date":"2023-12-12T11:20:32","date_gmt":"2023-12-12T11:20:32","guid":{"rendered":"https:\/\/bqeye.com\/?post_type=product&#038;p=1287"},"modified":"2024-04-18T02:20:10","modified_gmt":"2024-04-18T02:20:10","slug":"pixie-grey-contact-lenses","status":"publish","type":"product","link":"https:\/\/bqeye.com\/es\/pixie-grey-contact-lenses\/","title":{"rendered":"Lentes de contacto Pixie Grey"},"content":{"rendered":"<p>A\u00f1ade intriga con las lentes de contacto Pixie Grey<\/p>\n<p>A\u00f1ade un aire de misterio a tu mirada con las lentes de contacto Pixie Grey de BQEYE. Las motas brillantes se arremolinan en el interior de estas lentillas, haciendo que los ojos brillen m\u00e1s que con cualquier otra lente de contacto gris.<\/p>\n<p>Ponte Pixies y observa c\u00f3mo tu iris adquiere un tono ahumado salpicado de motas de brillo plateado. Olv\u00eddate de las aburridas lentillas grises: Pixies realzan los ojos con un brillo encantador.<\/p>\n<p>La base gunmetal te atrae, mientras que las motas brillantes resaltan los verdes y verdes ocultos alrededor de la pupila. Los grises brillan con un resplandor seductor que no se ve en ninguna otra lente de contacto gris.<\/p>\n<p>Fabricadas con el material ultrac\u00f3modo Hydraclear, te olvidar\u00e1s de que llevas lentillas. Hydraclear se mueve a la perfecci\u00f3n para mantener las miradas hidratadas todo el d\u00eda sin irritarlas, para que el brillo cautive hasta el anochecer.<\/p>\n<p>Tanto si necesitas misterio para las noches de disfraces como para las sesiones de fotos, las lentes de contacto Pixie Grey te cubren mejor que otras opciones grises. El sutil realce hace que los colores tambi\u00e9n deslumbren en las fotos.<\/p>\n<p>Como l\u00edder en lentes de contacto innovadoras, BQEYE garantiza que las Pixies cumplen las normas de seguridad m\u00e1s estrictas de la FDA. Su f\u00f3rmula avanzada a\u00f1ade un brillo de color pixie que realza los ojos sin comprometer la comodidad.<\/p>\n<p>Ponte Pixies e intriga desde el otro lado de la habitaci\u00f3n. Pide las tuyas hoy mismo para probar sin riesgos estas cautivadoras lentes de contacto grises. Ver\u00e1s c\u00f3mo transforman tus ojos en fascinantes puertas a un mundo de magia... \u00a1te hechizar\u00e1n!<\/p>\n<p>Encuentra tu tono favorito entre la gama de lentes de contacto hechizantes de BQEYE. Pixie Grey y muchas m\u00e1s te ayudar\u00e1n a tejer tu hechizo. Haz tu pedido hoy mismo para lanzar tu magia.<\/p>","protected":false},"excerpt":{"rendered":"<p>Add Intrigue with Pixie Grey Contact Lenses Add an air of mystery to your look with BQEYE&#8217;s Pixie Grey contact lenses. Glittering flecks swirl within these lenses, making eyes alluringly sparkle more than any other grey contact lenses. Slip Pixies on and watch as your iris takes on a smoky hue dotted with specks of [&#8230;]\n","protected":false},"featured_media":1293,"comment_status":"open","ping_status":"closed","template":"","meta":[],"product_brand":[],"product_cat":[205,91,81,96,95,98],"product_tag":[354],"class_list":{"0":"post-1287","1":"product","2":"type-product","3":"status-publish","4":"has-post-thumbnail","6":"product_cat-pixie","7":"product_cat-14-2-mm","8":"product_cat-grey-contact-lenses","9":"product_cat-non-prescription","10":"product_cat-prescription","11":"product_cat-yearly-disposable","12":"product_tag-brown-contact-lenses","14":"first","15":"instock","16":"sale","17":"shipping-taxable","18":"purchasable","19":"product-type-variable","20":"has-default-attributes"},"_links":{"self":[{"href":"https:\/\/bqeye.com\/es\/wp-json\/wp\/v2\/product\/1287","targetHints":{"allow":["GET"]}}],"collection":[{"href":"https:\/\/bqeye.com\/es\/wp-json\/wp\/v2\/product"}],"about":[{"href":"https:\/\/bqeye.com\/es\/wp-json\/wp\/v2\/types\/product"}],"replies":[{"embeddable":true,"href":"https:\/\/bqeye.com\/es\/wp-json\/wp\/v2\/comments?post=1287"}],"wp:featuredmedia":[{"embeddable":true,"href":"https:\/\/bqeye.com\/es\/wp-json\/wp\/v2\/media\/1293"}],"wp:attachment":[{"href":"https:\/\/bqeye.com\/es\/wp-json\/wp\/v2\/media?parent=1287"}],"wp:term":[{"taxonomy":"product_brand","embeddable":true,"href":"https:\/\/bqeye.com\/es\/wp-json\/wp\/v2\/product_brand?post=1287"},{"taxonomy":"product_cat","embeddable":true,"href":"https:\/\/bqeye.com\/es\/wp-json\/wp\/v2\/product_cat?post=1287"},{"taxonomy":"product_tag","embeddable":true,"href":"https:\/\/bqeye.com\/es\/wp-json\/wp\/v2\/product_tag?post=1287"}],"curies":[{"name":"wp","href":"https:\/\/api.w.org\/{rel}","templated":true}]}}