{"id":1297,"date":"2023-12-22T02:02:07","date_gmt":"2023-12-22T02:02:07","guid":{"rendered":"https:\/\/bqeye.com\/?post_type=product&#038;p=1297"},"modified":"2024-04-18T02:20:06","modified_gmt":"2024-04-18T02:20:06","slug":"maria-green-contact-lenses","status":"publish","type":"product","link":"https:\/\/bqeye.com\/es\/maria-green-contact-lenses\/","title":{"rendered":"Lentillas Maria Green"},"content":{"rendered":"<p>Encuentra tu brillo interior con las lentes de contacto Maria Green<\/p>\n<p>Las lentillas Maria Green est\u00e1n revolucionando el mundo de las lentes de contacto de color, aportando una sensaci\u00f3n de realce natural y belleza interior. Mientras que en el pasado muchas lentillas de color se basaban en tonos dram\u00e1ticos y poco naturales, Maria Green se centra en resaltar los rasgos naturales de cada persona con un sutil y elegante toque de esmeralda.<\/p>\n<p>Las lentillas Maria Green est\u00e1n dise\u00f1adas para que los ojos verdes o avellana brillen con luz propia y parezcan completamente naturales. Su material de hidrogel ultrafino se mueve con los ojos para conseguir un efecto c\u00f3modo e invisible. Encapsuladas con agentes hidratantes, son transpirables y el color dura todo el d\u00eda sin desvanecerse ni irritarse.<\/p>\n<p>En lugar de colores llamativos, las lentes de contacto Maria Green realzan la luz y la calidez interiores de una persona con un tono verde llamativo pero discreto. Acent\u00faan el pigmento natural al tiempo que realzan la claridad y la vivacidad. Los ojos cobran protagonismo de una forma que transmite confianza y modestia.<\/p>\n<p>Las lentillas Maria Green se han hecho especialmente populares entre los profesionales que buscan un look elegante. Su sutileza permite a quienes las llevan sentirse conjuntados sin preocuparse de que las lentes de color puedan parecer poco profesionales o carentes de credibilidad. Las personas se sienten capaces de mostrar m\u00e1s personalidad en el trabajo sin dejar de imponer respeto. Los ojos atraen la atenci\u00f3n durante presentaciones o reuniones sin intimidar a los dem\u00e1s.<\/p>\n<p>Para los creativos, las lentillas Maria Green han encontrado un p\u00fablico fiel. Artistas, int\u00e9rpretes y personas influyentes conf\u00edan en ellas para irradiar pasi\u00f3n e inspiraci\u00f3n desde su interior. Aportan un mayor enfoque a las personalidades fogosas sin exigir demasiada atenci\u00f3n. Los ojos, las ventanas del alma, pueden expresar sue\u00f1os y visiones audaces a trav\u00e9s de un lavado de esmeralda relajado.<\/p>\n<p>Las lentillas Maria Green son ideales para quienes buscan una mejora natural en lugar de una alteraci\u00f3n dr\u00e1stica. Tanto los estudiantes como los ejecutivos aprecian su capacidad para resaltar la confianza desde un lugar de autenticidad y aplomo. En lugar de colores llamativos, difunden una calidez y un resplandor que elevan su car\u00e1cter en cualquier entorno.<\/p>\n<p>Para la mujer que desea sentirse c\u00f3moda en su propia piel y acentuar su belleza, las lentillas Maria Green son ideales. Celebran la feminidad desde un lugar de serenidad interior m\u00e1s que de validaci\u00f3n externa. Su verde abrazador realza los ojos como rasgo central sin cosificar a su portadora ni distraer de forma antinatural de otros dones naturales.<\/p>\n<p>Si busca unas lentes de contacto que potencien sus mejores atributos a trav\u00e9s de un resplandor sutil en lugar de una transformaci\u00f3n superficial, Maria Green es para usted. Descubre c\u00f3mo los ojos verdes pueden significar crecimiento, renovaci\u00f3n y la luz interior que brilla al mirar de dentro hacia fuera. Deja que las lentillas Maria Green hagan brillar tu yo m\u00e1s aut\u00e9ntico y vibrante.<\/p>","protected":false},"excerpt":{"rendered":"<p>Finding Your Inner Glow with Maria Green Contact Lenses Maria Green contact lenses are revolutionizing the world of colored contacts by bringing a sense of natural enhancement and inner beauty to the forefront. Where many colored lenses in the past relied on dramatic, unnatural hues, Maria Green focuses on highlighting one&#8217;s natural features with a [&#8230;]\n","protected":false},"featured_media":1303,"comment_status":"open","ping_status":"closed","template":"","meta":[],"product_brand":[],"product_cat":[105,91,77,96,95,98],"product_tag":[354],"class_list":{"0":"post-1297","1":"product","2":"type-product","3":"status-publish","4":"has-post-thumbnail","6":"product_cat-maria","7":"product_cat-14-2-mm","8":"product_cat-green-contact-lenses","9":"product_cat-non-prescription","10":"product_cat-prescription","11":"product_cat-yearly-disposable","12":"product_tag-brown-contact-lenses","14":"first","15":"instock","16":"sale","17":"shipping-taxable","18":"purchasable","19":"product-type-variable","20":"has-default-attributes"},"_links":{"self":[{"href":"https:\/\/bqeye.com\/es\/wp-json\/wp\/v2\/product\/1297","targetHints":{"allow":["GET"]}}],"collection":[{"href":"https:\/\/bqeye.com\/es\/wp-json\/wp\/v2\/product"}],"about":[{"href":"https:\/\/bqeye.com\/es\/wp-json\/wp\/v2\/types\/product"}],"replies":[{"embeddable":true,"href":"https:\/\/bqeye.com\/es\/wp-json\/wp\/v2\/comments?post=1297"}],"wp:featuredmedia":[{"embeddable":true,"href":"https:\/\/bqeye.com\/es\/wp-json\/wp\/v2\/media\/1303"}],"wp:attachment":[{"href":"https:\/\/bqeye.com\/es\/wp-json\/wp\/v2\/media?parent=1297"}],"wp:term":[{"taxonomy":"product_brand","embeddable":true,"href":"https:\/\/bqeye.com\/es\/wp-json\/wp\/v2\/product_brand?post=1297"},{"taxonomy":"product_cat","embeddable":true,"href":"https:\/\/bqeye.com\/es\/wp-json\/wp\/v2\/product_cat?post=1297"},{"taxonomy":"product_tag","embeddable":true,"href":"https:\/\/bqeye.com\/es\/wp-json\/wp\/v2\/product_tag?post=1297"}],"curies":[{"name":"wp","href":"https:\/\/api.w.org\/{rel}","templated":true}]}}