{"id":1304,"date":"2023-12-22T02:23:09","date_gmt":"2023-12-22T02:23:09","guid":{"rendered":"https:\/\/bqeye.com\/?post_type=product&#038;p=1304"},"modified":"2024-04-18T02:19:59","modified_gmt":"2024-04-18T02:19:59","slug":"maria-purple-contact-lenses","status":"publish","type":"product","link":"https:\/\/bqeye.com\/es\/maria-purple-contact-lenses\/","title":{"rendered":"Lentes de contacto moradas Maria"},"content":{"rendered":"<p>Encuentra tu gracia interior con las lentillas moradas BQEYE Maria<\/p>\n<p>Las lentillas Maria Purple de BQEYE se han convertido en la opci\u00f3n preferida de quienes buscan un toque de sutil sofisticaci\u00f3n. Mientras que muchas lentillas de color se basan en el impacto dram\u00e1tico, Maria Purple realza la belleza a trav\u00e9s de una elegancia discreta.<\/p>\n<p>Fabricadas con la innovadora f\u00f3rmula transpirable de BQEYE, las lentillas Maria Purple est\u00e1n dise\u00f1adas para ofrecer una comodidad suprema y fijar el color durante todo el d\u00eda. Su fino material de hidrogel de silicona se adapta perfectamente a los ojos para parecer invisibles y, a la vez, muy llamativas. Gracias a su f\u00f3rmula hidratante, no se secan ni causan molestias.<\/p>\n<p>En lugar de p\u00farpuras brillantes, el Violeta Mar\u00eda refleja un delicado tono gris lavanda lo suficientemente perceptible como para llamar la atenci\u00f3n. Resalta los ojos como un rasgo cautivador sin anular otros atributos naturales. Las usuarias se sienten refinadas, pero conservan un encanto accesible que emana de su interior.<\/p>\n<p>Las lentillas BQEYE han encontrado devotos fans entre j\u00f3venes creativos y profesionales por igual. Para artistas y personas influyentes, el sutil resplandor de Maria Purple transmite mensajes elocuentes a trav\u00e9s de una mirada firme. Los ojos captan la atenci\u00f3n del p\u00fablico de forma significativa durante charlas o actuaciones sin necesidad de concentrarse.<\/p>\n<p>En el lugar de trabajo, las personas se sienten autorizadas a mostrar su personalidad a trav\u00e9s de unos ojos rebosantes de encanto real. Su tono favorece la mirada, ya sea en presentaciones en salas de juntas o en reuniones con clientes, sin distorsionar la percepci\u00f3n de competencia. Con Maria Purple, quienes lo llevan irradian autoridad basada en la autenticidad y la gracia.<\/p>\n<p>Si buscas realzar tus cualidades m\u00e1s refinadas, Maria Purple de BQEYE est\u00e1 hecho para ti. Su f\u00f3rmula nutritiva y su regio color p\u00farpura activan un resplandor interior, realzando los rasgos naturales desde un lugar de aplomo interior. Experimenta c\u00f3mo la lavanda resalta tus cualidades magn\u00e9ticas sin distracciones ni alteraciones.<\/p>\n<p>Deja que las lentillas Maria Purple revelen tu yo m\u00e1s elegante y multidimensional. BQEYE cree que la verdadera belleza emana de aceptar y acentuar qui\u00e9n eres, y sus lentillas potencian el amor propio a trav\u00e9s de una luminosidad matizada. Descubre c\u00f3mo un sutil toque de lavanda puede encender tu luz interior y reflejar una confianza radiante desde dentro hacia fuera.<\/p>","protected":false},"excerpt":{"rendered":"<p>Finding Your Inner Grace with BQEYE Maria Purple Lenses BQEYE&#8217;s Maria Purple contact lenses have become a go-to for those seeking a touch of subtle sophistication. Where many colored lenses rely on dramatic impact, Maria Purple enhances beauty through understated elegance. Made from BQEYE&#8217;s innovative breathable formula, Maria Purple lenses are designed for supreme comfort [&#8230;]\n","protected":false},"featured_media":1310,"comment_status":"open","ping_status":"closed","template":"","meta":[],"product_brand":[],"product_cat":[105,91,96,95,82,98],"product_tag":[354],"class_list":{"0":"post-1304","1":"product","2":"type-product","3":"status-publish","4":"has-post-thumbnail","6":"product_cat-maria","7":"product_cat-14-2-mm","8":"product_cat-non-prescription","9":"product_cat-prescription","10":"product_cat-purple-contact-lenses","11":"product_cat-yearly-disposable","12":"product_tag-brown-contact-lenses","14":"first","15":"instock","16":"sale","17":"shipping-taxable","18":"purchasable","19":"product-type-variable","20":"has-default-attributes"},"_links":{"self":[{"href":"https:\/\/bqeye.com\/es\/wp-json\/wp\/v2\/product\/1304","targetHints":{"allow":["GET"]}}],"collection":[{"href":"https:\/\/bqeye.com\/es\/wp-json\/wp\/v2\/product"}],"about":[{"href":"https:\/\/bqeye.com\/es\/wp-json\/wp\/v2\/types\/product"}],"replies":[{"embeddable":true,"href":"https:\/\/bqeye.com\/es\/wp-json\/wp\/v2\/comments?post=1304"}],"wp:featuredmedia":[{"embeddable":true,"href":"https:\/\/bqeye.com\/es\/wp-json\/wp\/v2\/media\/1310"}],"wp:attachment":[{"href":"https:\/\/bqeye.com\/es\/wp-json\/wp\/v2\/media?parent=1304"}],"wp:term":[{"taxonomy":"product_brand","embeddable":true,"href":"https:\/\/bqeye.com\/es\/wp-json\/wp\/v2\/product_brand?post=1304"},{"taxonomy":"product_cat","embeddable":true,"href":"https:\/\/bqeye.com\/es\/wp-json\/wp\/v2\/product_cat?post=1304"},{"taxonomy":"product_tag","embeddable":true,"href":"https:\/\/bqeye.com\/es\/wp-json\/wp\/v2\/product_tag?post=1304"}],"curies":[{"name":"wp","href":"https:\/\/api.w.org\/{rel}","templated":true}]}}