{"id":1311,"date":"2023-12-22T02:35:32","date_gmt":"2023-12-22T02:35:32","guid":{"rendered":"https:\/\/bqeye.com\/?post_type=product&#038;p=1311"},"modified":"2024-04-18T02:19:56","modified_gmt":"2024-04-18T02:19:56","slug":"maria-blue-contact-lenses","status":"publish","type":"product","link":"https:\/\/bqeye.com\/es\/maria-blue-contact-lenses\/","title":{"rendered":"Lentes de contacto Maria Blue"},"content":{"rendered":"<p>Despertar la sabidur\u00eda interior con las lentes BQEYE Maria Blue<\/p>\n<p>Las lentillas Maria Blue de BQEYE son muy codiciadas por su capacidad para resaltar el intelecto y su sutil vivacidad. Mientras que muchas lentillas de colores se basan en el brillo, Maria Blue realza la profundidad y la perspicacia a trav\u00e9s de un discreto tono azul marino.<\/p>\n<p>Elaboradas con la innovadora f\u00f3rmula de hidrogel de silicona de BQEYE, las lentillas Maria Blue est\u00e1n dise\u00f1adas para ofrecer una comodidad y una retenci\u00f3n del color supremas. Su material flexible se mueve sin esfuerzo con los ojos para parecer invisibles pero intensamente cautivadoras. Con agentes hidratantes, no se secan ni causan irritaciones a lo largo del d\u00eda.<\/p>\n<p>M\u00e1s que los azules reales o celestes, el Azul Mar\u00eda encarna un azul marino intenso que recuerda a las aguas tranquilas y los cielos nocturnos. Despierta la mirada como un rasgo pensativo pero vivo, sin eclipsar la belleza natural. Las usuarias se sienten conjuntadas con un aire de relajada sofisticaci\u00f3n que emana de su interior.<\/p>\n<p>Las lentes de contacto Maria Blue han encontrado fieles seguidores entre los creativos y profesionales que buscan un look que inspire intelectualismo. Para acad\u00e9micos e investigadores, su tono subraya la atenci\u00f3n durante conferencias o debates. Los artistas conf\u00edan en Maria Blue para encender unos ojos rebosantes de introspecci\u00f3n y visiones de sublime perspicacia.<\/p>\n<p>En el lugar de trabajo, las personas se sienten autorizadas a mostrar su personalidad a trav\u00e9s de unos ojos que reflejan una profunda sabidur\u00eda y aplomo. Su tono azul marino favorece el aspecto, ya sea para establecer contactos o dirigir presentaciones, sin desvirtuar la percepci\u00f3n de competencia. Con Maria Blue, los usuarios irradian seguridad basada en la comprensi\u00f3n y los matices.<\/p>\n<p>Si busca una mejora que realce sus cualidades m\u00e1s exigentes, las lentillas Maria Blue son ideales. La f\u00f3rmula hidratante de BQEYE y su cuidada tonalidad acent\u00faan los rasgos naturales desde un lugar de concentraci\u00f3n interior. Experimente c\u00f3mo el azul marino estimula los ojos como ventanas a su esp\u00edritu agudo pero tranquilizador.<\/p>\n<p>Deja que las lentillas Maria Blue iluminen tu yo perceptivo y multidimensional. BQEYE cree que la belleza encuentra su poder en la aceptaci\u00f3n y el realce de nuestros atributos m\u00e1s aut\u00e9nticos, y sus lentes potencian la confianza en uno mismo a trav\u00e9s de una discreta luminiscencia interior. Descubre c\u00f3mo un sutil toque de azul marino puede encender tu autoconciencia y tu brillo reflexivo.<\/p>","protected":false},"excerpt":{"rendered":"<p>Awakening Inner Wisdom with BQEYE Maria Blue Lenses BQEYE&#8217;s Maria Blue contact lenses have become coveted for their ability to highlight intellect and subtle vibrancy. While many colored lenses rely on brightness, Maria Blue enhances depth and insight through an understated navy shade. Crafted from BQEYE&#8217;s innovative silicone hydrogel formula, Maria Blue lenses are designed [&#8230;]\n","protected":false},"featured_media":1316,"comment_status":"open","ping_status":"closed","template":"","meta":[],"product_brand":[],"product_cat":[105,91,75,96,95,98],"product_tag":[354],"class_list":{"0":"post-1311","1":"product","2":"type-product","3":"status-publish","4":"has-post-thumbnail","6":"product_cat-maria","7":"product_cat-14-2-mm","8":"product_cat-blue-contact-lenses","9":"product_cat-non-prescription","10":"product_cat-prescription","11":"product_cat-yearly-disposable","12":"product_tag-brown-contact-lenses","14":"first","15":"instock","16":"sale","17":"shipping-taxable","18":"purchasable","19":"product-type-variable","20":"has-default-attributes"},"_links":{"self":[{"href":"https:\/\/bqeye.com\/es\/wp-json\/wp\/v2\/product\/1311","targetHints":{"allow":["GET"]}}],"collection":[{"href":"https:\/\/bqeye.com\/es\/wp-json\/wp\/v2\/product"}],"about":[{"href":"https:\/\/bqeye.com\/es\/wp-json\/wp\/v2\/types\/product"}],"replies":[{"embeddable":true,"href":"https:\/\/bqeye.com\/es\/wp-json\/wp\/v2\/comments?post=1311"}],"wp:featuredmedia":[{"embeddable":true,"href":"https:\/\/bqeye.com\/es\/wp-json\/wp\/v2\/media\/1316"}],"wp:attachment":[{"href":"https:\/\/bqeye.com\/es\/wp-json\/wp\/v2\/media?parent=1311"}],"wp:term":[{"taxonomy":"product_brand","embeddable":true,"href":"https:\/\/bqeye.com\/es\/wp-json\/wp\/v2\/product_brand?post=1311"},{"taxonomy":"product_cat","embeddable":true,"href":"https:\/\/bqeye.com\/es\/wp-json\/wp\/v2\/product_cat?post=1311"},{"taxonomy":"product_tag","embeddable":true,"href":"https:\/\/bqeye.com\/es\/wp-json\/wp\/v2\/product_tag?post=1311"}],"curies":[{"name":"wp","href":"https:\/\/api.w.org\/{rel}","templated":true}]}}