{"id":1318,"date":"2023-12-22T02:49:53","date_gmt":"2023-12-22T02:49:53","guid":{"rendered":"https:\/\/bqeye.com\/?post_type=product&#038;p=1318"},"modified":"2024-04-18T02:19:52","modified_gmt":"2024-04-18T02:19:52","slug":"maria-brown-contact-lenses","status":"publish","type":"product","link":"https:\/\/bqeye.com\/es\/maria-brown-contact-lenses\/","title":{"rendered":"Lentes de contacto Maria Brown"},"content":{"rendered":"<p>Encontrar la calidez interior con las lentes BQEYE Maria Brown<\/p>\n<p>Las lentillas Maria Brown de BQEYE se han convertido en un b\u00e1sico para quienes buscan un toque de discreta comodidad. Mientras que muchas lentillas de color son atrevidas, Maria Brown realza el confort con un suave resplandor casta\u00f1o.<\/p>\n<p>Elaboradas con la f\u00f3rmula transpirable de hidrogel de silicona de BQEYE, las lentillas Maria Brown est\u00e1n dise\u00f1adas para ofrecer comodidad durante todo el d\u00eda y conservar el color. Su material delgado pero flexible se mueve de forma natural con los ojos para pasar desapercibidas y a la vez cautivar. Con una infusi\u00f3n de humectantes, se mantienen hidratadas sin molestias.<\/p>\n<p>En lugar de marrones duros, Maria Brown adopta un suave tono caramelo lo suficientemente marcado como para intrigar. Resalta los ojos como un rasgo reconfortante pero vivo, sin eclipsar otros atributos. Las usuarias se sienten envueltas en una calidez accesible que emana hacia el interior.<\/p>\n<p>Los particulares han adoptado las lentes Maria Brown buscando un estilo discreto que refleje su car\u00e1cter afable. Para los nuevos estudiantes o compa\u00f1eros, su toque de marr\u00f3n subraya una presencia acogedora pero con los pies en la tierra. Los profesores conf\u00edan en el brillo de Maria Brown para dinamizar las aulas a trav\u00e9s de una mirada firme pero emp\u00e1tica.<\/p>\n<p>En cualquier entorno, las lentes de contacto Maria Brown potencian la expresi\u00f3n de la personalidad a trav\u00e9s de unos ojos que irradian una atenci\u00f3n sincera. Su tono discreto favorece las miradas, ya sea dirigiendo conversaciones o fomentando contactos, sin comprometer la percepci\u00f3n de competencia o capacidad. Los usuarios brillan con una seguridad arraigada en la amabilidad y la resistencia interior.<\/p>\n<p>Si busca realzar sus cualidades m\u00e1s amables a trav\u00e9s de un brillo nutritivo, las lentillas Maria Brown de BQEYE son ideales. Experimente c\u00f3mo su tono rico pero suave da vida a sus ojos como una ventana a su esp\u00edritu bondadoso. Acepte la invitaci\u00f3n de BQEYE para brillar con aut\u00e9ntica calidez.<\/p>\n<p>Deja que las lentillas Maria Brown revelen tu yo genuinamente compasivo. BQEYE cree que abrazarnos a nosotros mismos incluye resaltar nuestros atributos m\u00e1s graciosos, y sus lentillas iluminan el amor propio a trav\u00e9s de un discreto pero agradable toque de luminosidad casta\u00f1a desde el interior hacia el exterior.<\/p>","protected":false},"excerpt":{"rendered":"<p>Finding Inner Warmth with BQEYE Maria Brown Lenses BQEYE&#8217;s Maria Brown contact lenses have become a staple for those seeking a touch of understated coziness. While many colored lenses make bold statements, Maria Brown enhances comfort through gentle chestnut radiance. Crafted from BQEYE&#8217;s breathable silicone hydrogel formula, Maria Brown lenses are designed for all-day comfort [&#8230;]\n","protected":false},"featured_media":1322,"comment_status":"open","ping_status":"closed","template":"","meta":[],"product_brand":[],"product_cat":[105,91,80,96,95,98],"product_tag":[354],"class_list":{"0":"post-1318","1":"product","2":"type-product","3":"status-publish","4":"has-post-thumbnail","6":"product_cat-maria","7":"product_cat-14-2-mm","8":"product_cat-brown-contact-lenses","9":"product_cat-non-prescription","10":"product_cat-prescription","11":"product_cat-yearly-disposable","12":"product_tag-brown-contact-lenses","14":"first","15":"instock","16":"sale","17":"shipping-taxable","18":"purchasable","19":"product-type-variable","20":"has-default-attributes"},"_links":{"self":[{"href":"https:\/\/bqeye.com\/es\/wp-json\/wp\/v2\/product\/1318","targetHints":{"allow":["GET"]}}],"collection":[{"href":"https:\/\/bqeye.com\/es\/wp-json\/wp\/v2\/product"}],"about":[{"href":"https:\/\/bqeye.com\/es\/wp-json\/wp\/v2\/types\/product"}],"replies":[{"embeddable":true,"href":"https:\/\/bqeye.com\/es\/wp-json\/wp\/v2\/comments?post=1318"}],"wp:featuredmedia":[{"embeddable":true,"href":"https:\/\/bqeye.com\/es\/wp-json\/wp\/v2\/media\/1322"}],"wp:attachment":[{"href":"https:\/\/bqeye.com\/es\/wp-json\/wp\/v2\/media?parent=1318"}],"wp:term":[{"taxonomy":"product_brand","embeddable":true,"href":"https:\/\/bqeye.com\/es\/wp-json\/wp\/v2\/product_brand?post=1318"},{"taxonomy":"product_cat","embeddable":true,"href":"https:\/\/bqeye.com\/es\/wp-json\/wp\/v2\/product_cat?post=1318"},{"taxonomy":"product_tag","embeddable":true,"href":"https:\/\/bqeye.com\/es\/wp-json\/wp\/v2\/product_tag?post=1318"}],"curies":[{"name":"wp","href":"https:\/\/api.w.org\/{rel}","templated":true}]}}