{"id":1327,"date":"2023-12-22T03:11:33","date_gmt":"2023-12-22T03:11:33","guid":{"rendered":"https:\/\/bqeye.com\/?post_type=product&#038;p=1327"},"modified":"2024-04-18T02:19:49","modified_gmt":"2024-04-18T02:19:49","slug":"frosty-wonderland-blue-contact-lenses","status":"publish","type":"product","link":"https:\/\/bqeye.com\/es\/frosty-wonderland-blue-contact-lenses\/","title":{"rendered":"Lentes de contacto azules Frosty Wonderland"},"content":{"rendered":"<h3>Enciende tu esp\u00edritu invernal con BQEYE Frosty Wonderland Blues<\/h3>\n<p>Con la llegada del fr\u00edo, BQEYE te invita a iluminar tus ojos con sus divertidas lentillas Frosty Wonderland Blue. Estas lentillas, que forman parte de la l\u00ednea BZeauty para los amantes de los looks coloridos, despiertan el asombro invernal.<\/p>\n<p>Elaboradas a partir de la innovadora f\u00f3rmula de hidrogel de silicona de BQEYE, las Frosty Wonderland Blues ofrecen una comodidad suprema tanto si se llevan a diario como para las fiestas de la temporada. Su material transpirable se mueve sin esfuerzo con los ojos para parecer invisible, pero sorprendentemente fascinante a la vista. Gracias a sus agentes hidratantes, no se secan ni en los d\u00edas m\u00e1s fr\u00edos.<\/p>\n<p>A diferencia de los azules brillantes ordinarios, las lentes Frosty Wonderland est\u00e1n encantadas con motas de plata centelleante que confieren a los ojos un destello g\u00e9lido y cristalino. El resultado es un azul animado que recuerda a los copos de nieve, las aguas glaciales y las ma\u00f1anas heladas. Los usuarios se sienten transportados en medio de la magia natural del invierno, dondequiera que les lleven sus aventuras.<\/p>\n<p>Con Frosty Wonderland Blues, el estilo navide\u00f1o nunca ha sido tan alegremente festivo. Su efecto de brillo animado proyecta los ojos como ventanas a la frivolidad y el encanto interior. Los solteros que busquen causar una impresi\u00f3n duradera encontrar\u00e1n en estas lentillas un accesorio ideal para las citas nocturnas, que encender\u00e1 las conexiones a trav\u00e9s de miradas alegremente animadas.<\/p>\n<p>Para las familias, las lentes Frosty Wonderland permiten compartir la nostalgia y el placer de las estaciones con los m\u00e1s peque\u00f1os. Su animado brillo azul inspira la imaginaci\u00f3n entre historias de \u00e1ngeles de nieve, copos de nieve y travesuras en d\u00edas de nieve. Las fiestas navide\u00f1as dan la bienvenida a los usuarios que irradian encanto festivo y buen humor a trav\u00e9s de unos ojos que brillan con esp\u00edritu invernal.<\/p>\n<p>Si buscas encender la alegr\u00eda infantil que llevas dentro durante los meses m\u00e1s fr\u00edos, las Frosty Wonderland Blues de BQEYE est\u00e1n hechas a medida para tu colecci\u00f3n. Su centelleante tono cian estimula visiones de pa\u00edses de las maravillas al alcance de la mano a trav\u00e9s de un discreto cambio de lentes. Experimente c\u00f3mo el azul resplandeciente enciende facetas expresivas durante las celebraciones con los seres queridos cercanos.<\/p>\n<p>Este invierno, deja que las lentillas Frosty Wonderland insuflen magia a tus d\u00edas y tus noches. BQEYE te invita a descubrir las delicias de la temporada a trav\u00e9s de unos ojos encantadores, ventanas a juguetonas aventuras que esperan a desplegarse lente a lente.<\/p>","protected":false},"excerpt":{"rendered":"<p>Ignite Your Winter Spirit with BQEYE Frosty Wonderland Blues As the seasons turn to chillier months, BQEYE invites you to light up your eyes with their playful Frosty Wonderland Blue contact lenses. Part of their BZeauty line catering to those who love rotating colorful looks, these vivid yet whimsical lenses awaken winter wonder within. Crafted [&#8230;]\n","protected":false},"featured_media":1333,"comment_status":"open","ping_status":"closed","template":"","meta":[],"product_brand":[],"product_cat":[103,91,75,96,95,98],"product_tag":[354],"class_list":{"0":"post-1327","1":"product","2":"type-product","3":"status-publish","4":"has-post-thumbnail","6":"product_cat-love-story","7":"product_cat-14-2-mm","8":"product_cat-blue-contact-lenses","9":"product_cat-non-prescription","10":"product_cat-prescription","11":"product_cat-yearly-disposable","12":"product_tag-brown-contact-lenses","14":"first","15":"instock","16":"sale","17":"shipping-taxable","18":"purchasable","19":"product-type-variable","20":"has-default-attributes"},"_links":{"self":[{"href":"https:\/\/bqeye.com\/es\/wp-json\/wp\/v2\/product\/1327","targetHints":{"allow":["GET"]}}],"collection":[{"href":"https:\/\/bqeye.com\/es\/wp-json\/wp\/v2\/product"}],"about":[{"href":"https:\/\/bqeye.com\/es\/wp-json\/wp\/v2\/types\/product"}],"replies":[{"embeddable":true,"href":"https:\/\/bqeye.com\/es\/wp-json\/wp\/v2\/comments?post=1327"}],"wp:featuredmedia":[{"embeddable":true,"href":"https:\/\/bqeye.com\/es\/wp-json\/wp\/v2\/media\/1333"}],"wp:attachment":[{"href":"https:\/\/bqeye.com\/es\/wp-json\/wp\/v2\/media?parent=1327"}],"wp:term":[{"taxonomy":"product_brand","embeddable":true,"href":"https:\/\/bqeye.com\/es\/wp-json\/wp\/v2\/product_brand?post=1327"},{"taxonomy":"product_cat","embeddable":true,"href":"https:\/\/bqeye.com\/es\/wp-json\/wp\/v2\/product_cat?post=1327"},{"taxonomy":"product_tag","embeddable":true,"href":"https:\/\/bqeye.com\/es\/wp-json\/wp\/v2\/product_tag?post=1327"}],"curies":[{"name":"wp","href":"https:\/\/api.w.org\/{rel}","templated":true}]}}