{"id":1335,"date":"2023-12-22T03:47:10","date_gmt":"2023-12-22T03:47:10","guid":{"rendered":"https:\/\/bqeye.com\/?post_type=product&#038;p=1335"},"modified":"2024-05-03T05:05:01","modified_gmt":"2024-05-03T05:05:01","slug":"frosty-wonderland-brown-contact-lenses","status":"publish","type":"product","link":"https:\/\/bqeye.com\/es\/frosty-wonderland-brown-contact-lenses\/","title":{"rendered":"Lentes de contacto marrones Frosty Wonderland"},"content":{"rendered":"<h3>Presentamos las lentes de contacto marrones Frosty Wonderland: Color de ojos encantador para una mirada m\u00e1gica<\/h3>\n<div><\/div>\n<div>Experimenta el cautivador encanto del invierno con nuestras lentes de contacto Frosty Wonderland Brown. Estas impresionantes lentes de contacto est\u00e1n dise\u00f1adas para transformar tus ojos en un fascinante tono marr\u00f3n, que recuerda a los tonos c\u00e1lidos y acogedores que se encuentran en una acogedora caba\u00f1a de invierno. Perfectas para ocasiones especiales, cosplay o para llevar a diario, estas lentillas a\u00f1adir\u00e1n un toque de magia a tu aspecto.<\/div>\n<div><\/div>\n<div>Fabricadas con materiales de alta calidad y tecnolog\u00eda avanzada, nuestras lentes de contacto Frosty Wonderland Brown dan prioridad tanto a la comodidad como al atractivo visual. Las lentes est\u00e1n fabricadas con un material suave y transpirable que permite el paso del ox\u00edgeno, garantizando que tus ojos se mantengan sanos y c\u00f3modos durante todo el d\u00eda. Su dise\u00f1o ultrafino proporciona un ajuste natural, por lo que son f\u00e1ciles de llevar y quitar, incluso para los que no conocen las lentes de contacto.<\/div>\n<div><\/div>\n<div>El encantador color marr\u00f3n de estas lentillas es el resultado de un dise\u00f1o meticuloso y una gran atenci\u00f3n al detalle. Los tonos ricos y c\u00e1lidos se combinan a la perfecci\u00f3n para crear un aspecto natural que realza la belleza de sus ojos. Las sutiles motas doradas y \u00e1mbar del tono marr\u00f3n captan la luz, a\u00f1adiendo profundidad y dimensi\u00f3n a su mirada, como el brillo de la nieve reci\u00e9n ca\u00edda bajo el sol invernal.<\/div>\n<div><\/div>\n<div>Tanto si buscas crear un look cautivador inspirado en el invierno para un evento tem\u00e1tico, como si simplemente quieres realzar el color natural de tus ojos, nuestras lentes de contacto Frosty Wonderland Brown son la elecci\u00f3n perfecta. Estas lentillas son adecuadas para una amplia gama de ocasiones, desde fiestas de disfraces y representaciones teatrales hasta el uso diario, permiti\u00e9ndote abrazar la magia del invierno siempre que lo desees.<\/div>\n<div><\/div>\n<div>Pero no te quedes s\u00f3lo con nuestra palabra; mira lo que nuestros encantados clientes tienen que decir sobre su experiencia con estas lentes de contacto. Sophia, de Nueva York, dice: \"\u00a1Me encantan mis lentes de contacto Frosty Wonderland Brown! El color es tan rico y c\u00e1lido, y son incre\u00edblemente c\u00f3modas de llevar\". Oliver, de Londres, a\u00f1ade: \"Estas lentillas se han convertido en mis favoritas para crear looks encantadores inspirados en el invierno. El tono marr\u00f3n es impresionante, y las lentillas se sienten tan naturales en mis ojos\".<\/div>\n<div><\/div>\n<div>Eleve el color de sus ojos y abrace el cautivador encanto del invierno con nuestras lentes de contacto Frosty Wonderland Brown. Estas impresionantes lentillas combinan comodidad, calidad y un color fascinante, lo que las convierte en el accesorio perfecto para cualquiera que busque a\u00f1adir un toque de magia a su aspecto. \u00bfA qu\u00e9 esperas? Sum\u00e9rgete en el encantador mundo de los tonos marrones escarchados y descubre hoy mismo el poder transformador de nuestras lentes de contacto Frosty Wonderland Brown.<\/div>\n<div><\/div>\n<div>Experimente la combinaci\u00f3n perfecta de comodidad y estilo m\u00e1gico con las lentes de contacto Frosty Wonderland Brown: la elecci\u00f3n definitiva para quienes desean cautivar y encantar con la mirada. \u00a1Tus ojos (y tu sentido de la maravilla) te lo agradecer\u00e1n!<\/div>","protected":false},"excerpt":{"rendered":"<p>Introducing Frosty Wonderland Brown Contact Lenses: Enchanting Eye Color for a Magical Look Experience the captivating allure of winter&#8217;s frosty charm with our Frosty Wonderland Brown Contact Lenses. These stunning contact lenses are designed to transform your eyes into a mesmerizing shade of brown, reminiscent of the warm, inviting hues found in a cozy winter [&#8230;]\n","protected":false},"featured_media":1573,"comment_status":"open","ping_status":"closed","template":"","meta":[],"product_brand":[],"product_cat":[103,91,80,96,95,98],"product_tag":[354],"class_list":{"0":"post-1335","1":"product","2":"type-product","3":"status-publish","4":"has-post-thumbnail","6":"product_cat-love-story","7":"product_cat-14-2-mm","8":"product_cat-brown-contact-lenses","9":"product_cat-non-prescription","10":"product_cat-prescription","11":"product_cat-yearly-disposable","12":"product_tag-brown-contact-lenses","14":"first","15":"instock","16":"sale","17":"shipping-taxable","18":"purchasable","19":"product-type-variable","20":"has-default-attributes"},"_links":{"self":[{"href":"https:\/\/bqeye.com\/es\/wp-json\/wp\/v2\/product\/1335","targetHints":{"allow":["GET"]}}],"collection":[{"href":"https:\/\/bqeye.com\/es\/wp-json\/wp\/v2\/product"}],"about":[{"href":"https:\/\/bqeye.com\/es\/wp-json\/wp\/v2\/types\/product"}],"replies":[{"embeddable":true,"href":"https:\/\/bqeye.com\/es\/wp-json\/wp\/v2\/comments?post=1335"}],"wp:featuredmedia":[{"embeddable":true,"href":"https:\/\/bqeye.com\/es\/wp-json\/wp\/v2\/media\/1573"}],"wp:attachment":[{"href":"https:\/\/bqeye.com\/es\/wp-json\/wp\/v2\/media?parent=1335"}],"wp:term":[{"taxonomy":"product_brand","embeddable":true,"href":"https:\/\/bqeye.com\/es\/wp-json\/wp\/v2\/product_brand?post=1335"},{"taxonomy":"product_cat","embeddable":true,"href":"https:\/\/bqeye.com\/es\/wp-json\/wp\/v2\/product_cat?post=1335"},{"taxonomy":"product_tag","embeddable":true,"href":"https:\/\/bqeye.com\/es\/wp-json\/wp\/v2\/product_tag?post=1335"}],"curies":[{"name":"wp","href":"https:\/\/api.w.org\/{rel}","templated":true}]}}