{"id":1578,"date":"2024-04-18T02:30:42","date_gmt":"2024-04-18T02:30:42","guid":{"rendered":"https:\/\/bqeye.com\/?post_type=product&#038;p=1578"},"modified":"2024-04-18T03:42:48","modified_gmt":"2024-04-18T03:42:48","slug":"circle-block-black-contact-lenses","status":"publish","type":"product","link":"https:\/\/bqeye.com\/es\/circle-block-black-contact-lenses\/","title":{"rendered":"Lentes de Contacto Circle Block Negras"},"content":{"rendered":"<h3>Redefine tus ojos, desvela un encanto extraordinario - Lentes de contacto BQEYE Circle Block Negras<\/h3>\n<div><\/div>\n<div>Cada mirada, cada contacto visual, es una conversaci\u00f3n entre almas. Y tus ojos son los protagonistas de este di\u00e1logo. Ahora, deja que las lentes de contacto BQEYE Circle Block Black desencadenen una transformaci\u00f3n revolucionaria para tus ojos, interpretando la naturaleza salvaje y el esp\u00edritu libre que hay en ti a trav\u00e9s del negro definitivo.<\/div>\n<div><\/div>\n<div>Estas lentes de contacto negras presentan un innovador dise\u00f1o Circle Block, que crea un profundo e impactante anillo negro alrededor de tu iris con el patr\u00f3n de rayas negras. Tu mirada se vuelve m\u00e1s atractiva, m\u00e1s poderosa, emanando un encanto irresistible dif\u00edcil de ignorar. Ya sea en la vida diaria, en actuaciones sobre el escenario o en ocasiones especiales, las lentes de contacto negras BQEYE Circle Block le garantizan convertirse en el centro de atenci\u00f3n.<\/div>\n<div><\/div>\n<div>Entendemos que la belleza nunca debe ir en detrimento de la comodidad. Por eso, las lentes de contacto negras BQEYE Circle Block est\u00e1n fabricadas con materiales de alta permeabilidad al ox\u00edgeno, lo que garantiza que sus ojos permanezcan c\u00f3modos incluso despu\u00e9s de un uso prolongado. Adem\u00e1s, nuestro modelo DTC (Directo al Consumidor) elimina a los intermediarios, lo que nos permite ofrecerle estas lentes de contacto negras de primera calidad a un precio incre\u00edblemente asequible.<\/div>\n<div><\/div>\n<div>Disfrute de la confianza que proporcionan las lentes de contacto BQEYE Circle Block Black. Deja que el profundo y cautivador color negro acent\u00fae tu belleza natural, haciendo que tus ojos parezcan m\u00e1s llenos, brillantes y expresivos. Estas lentes no son s\u00f3lo un accesorio; son una extensi\u00f3n de su personalidad \u00fanica, una declaraci\u00f3n de su actitud audaz y valiente.<\/div>\n<div><\/div>\n<div>En BQEYE, nos dedicamos a ofrecerte lentes de contacto negras de la m\u00e1s alta calidad sin comprometer el estilo ni la comodidad. Cada lente se somete a rigurosas pruebas y controles de calidad para garantizar un ajuste perfecto y una apariencia impecable. Con un cuidado y mantenimiento adecuados, podr\u00e1 disfrutar de los impresionantes efectos de las lentes de contacto negras BQEYE Circle Block durante un largo periodo de tiempo.<\/div>\n<div><\/div>\n<div>Entra en un mundo donde tus ojos hablan m\u00e1s que las palabras. Deje que las lentes de contacto negras BQEYE Circle Block sean su arma secreta para cautivar, encantar y dejar una impresi\u00f3n inolvidable. Abrace el poder del negro y deje que sus ojos cuenten su historia.<\/div>\n<div><\/div>\n<div>Experimente la diferencia BQEYE hoy mismo. Pida sus Lentes de Contacto Circle Block Negras ahora y libere el extraordinario encanto que yace dentro de usted. Tus ojos se merecen lo mejor, y BQEYE est\u00e1 aqu\u00ed para proporcion\u00e1rtelo.<\/div>\n<div><\/div>\n<div>#BlackContactLenses #CircleBlockDesign #EyeFashion #BoldAndFearless #UnleashYourAllure<\/div>","protected":false},"excerpt":{"rendered":"<p>Redefine Your Eyes, Unveil Extraordinary Allure &#8211; BQEYE Circle Block Black Contact Lenses Every glance, every eye contact, is a conversation between souls. And your eyes are the protagonists of this dialogue. Now, let BQEYE Circle Block Black Contact Lenses unleash a revolutionary transformation for your eyes, interpreting the wildness and free spirit within you [&#8230;]\n","protected":false},"featured_media":1585,"comment_status":"open","ping_status":"closed","template":"","meta":[],"product_brand":[],"product_cat":[223,91,73,96,95,98],"product_tag":[354],"class_list":{"0":"post-1578","1":"product","2":"type-product","3":"status-publish","4":"has-post-thumbnail","6":"product_cat-circle-block","7":"product_cat-14-2-mm","8":"product_cat-black-contact-lenses","9":"product_cat-non-prescription","10":"product_cat-prescription","11":"product_cat-yearly-disposable","12":"product_tag-brown-contact-lenses","14":"first","15":"instock","16":"sale","17":"shipping-taxable","18":"purchasable","19":"product-type-variable","20":"has-default-attributes"},"_links":{"self":[{"href":"https:\/\/bqeye.com\/es\/wp-json\/wp\/v2\/product\/1578","targetHints":{"allow":["GET"]}}],"collection":[{"href":"https:\/\/bqeye.com\/es\/wp-json\/wp\/v2\/product"}],"about":[{"href":"https:\/\/bqeye.com\/es\/wp-json\/wp\/v2\/types\/product"}],"replies":[{"embeddable":true,"href":"https:\/\/bqeye.com\/es\/wp-json\/wp\/v2\/comments?post=1578"}],"wp:featuredmedia":[{"embeddable":true,"href":"https:\/\/bqeye.com\/es\/wp-json\/wp\/v2\/media\/1585"}],"wp:attachment":[{"href":"https:\/\/bqeye.com\/es\/wp-json\/wp\/v2\/media?parent=1578"}],"wp:term":[{"taxonomy":"product_brand","embeddable":true,"href":"https:\/\/bqeye.com\/es\/wp-json\/wp\/v2\/product_brand?post=1578"},{"taxonomy":"product_cat","embeddable":true,"href":"https:\/\/bqeye.com\/es\/wp-json\/wp\/v2\/product_cat?post=1578"},{"taxonomy":"product_tag","embeddable":true,"href":"https:\/\/bqeye.com\/es\/wp-json\/wp\/v2\/product_tag?post=1578"}],"curies":[{"name":"wp","href":"https:\/\/api.w.org\/{rel}","templated":true}]}}