{"id":1607,"date":"2024-04-19T01:41:10","date_gmt":"2024-04-19T01:41:10","guid":{"rendered":"https:\/\/bqeye.com\/?post_type=product&#038;p=1607"},"modified":"2024-04-19T01:56:03","modified_gmt":"2024-04-19T01:56:03","slug":"wildness-blue-colored-contact-lenses","status":"publish","type":"product","link":"https:\/\/bqeye.com\/es\/wildness-blue-colored-contact-lenses\/","title":{"rendered":"Lentes de contacto de color azul Wildness"},"content":{"rendered":"<h3>Sum\u00e9rgete en profundidades fascinantes con las lentes de contacto de color azul BQEYE Wildness<\/h3>\n<div><\/div>\n<div>Prep\u00e1rate para sumergirte en un mundo de cautivadoras tonalidades azules con las lentes de contacto de color azul BQEYE Wildness. Estas lentillas est\u00e1n dise\u00f1adas para transformar tus ojos en un impresionante tono azul, que recuerda a las profundas y misteriosas aguas del oc\u00e9ano. Tanto si quieres ir a la moda como si simplemente quieres realzar el color natural de tus ojos, estas lentillas son la elecci\u00f3n perfecta.<\/div>\n<div><\/div>\n<div>Las lentes de contacto de color Wildness Blue presentan una mezcla \u00fanica de tonos azules, creando un efecto multidimensional que imita la profundidad e intensidad del mar. El intrincado patr\u00f3n y la pigmentaci\u00f3n de estas lentes garantizan un aspecto asombrosamente realista, haciendo que parezca que has nacido con este fascinante color de ojos.<\/div>\n<div><\/div>\n<div>En BQEYE, damos prioridad tanto al estilo como a la comodidad. Nuestras lentes de contacto de color azul Wildness est\u00e1n fabricadas con materiales de alta calidad que permiten una \u00f3ptima permeabilidad al ox\u00edgeno, garantizando que sus ojos permanezcan c\u00f3modos y sanos durante todo el d\u00eda. Con nuestro modelo DTC (Directo al Consumidor), eliminamos a los intermediarios y le ofrecemos estas lentes de primera calidad directamente a usted a un precio asequible.<\/div>\n<div><\/div>\n<div>Cuando lleva lentes de contacto de color azul BQEYE Wildness, no s\u00f3lo est\u00e1 cambiando el color de sus ojos, sino que est\u00e1 adoptando una nueva faceta de su personalidad. Los tonos azules evocan una sensaci\u00f3n de tranquilidad, confianza y belleza ind\u00f3mita, lo que le permite expresarse de una manera que realmente refleja su salvaje interior. Tanto si asiste a un evento especial, como si participa en una sesi\u00f3n de fotos o simplemente quiere marcar la diferencia en su d\u00eda a d\u00eda, estas lentes son el accesorio perfecto.<\/div>\n<div><\/div>\n<div>BQEYE se compromete a proporcionarle las lentes de contacto de color de la m\u00e1s alta calidad en el mercado. Cada par de Lentes de Contacto de Color Azul Salvaje se somete a rigurosas pruebas y controles de calidad para garantizar una apariencia impecable y un ajuste c\u00f3modo. Con un cuidado y mantenimiento adecuados, podr\u00e1s disfrutar de los impresionantes efectos de estas lentillas durante un largo periodo de tiempo, lo que las convierte en una inversi\u00f3n que merece la pena en tu arsenal de moda ocular.<\/div>\n<div><\/div>\n<div>Sum\u00e9rgete en las hipnotizantes profundidades de tus propios ojos con las lentes de contacto de color azul BQEYE Wildness. Deja que tus ojos se conviertan en el punto focal de tu mirada, cautivando a los que te rodean con su intenso y misterioso encanto. Tanto si tienes los ojos claros como oscuros, estas lentes crear\u00e1n un llamativo contraste que atraer\u00e1 todas las miradas.<\/div>\n<div><\/div>\n<div>No te conformes con lo ordinario cuando puedes abrazar lo extraordinario con las lentes de contacto de color azul BQEYE Wildness. Pida las suyas hoy y entre en un mundo donde sus ojos se convierten en la encarnaci\u00f3n de la belleza ind\u00f3mita y la confianza. D\u00e9 rienda suelta a su lado salvaje y deje que BQEYE le ayude a redefinir su mirada.<\/div>\n<div><\/div>\n<div>#BlueContactLentes #WildnessDesign #MesmerizingDepths #EyeFashion #UntamedBeauty<\/div>\n<div><\/div>\n<div><\/div>","protected":false},"excerpt":{"rendered":"<p>Dive into Mesmerizing Depths with BQEYE Wildness Blue Colored Contact Lenses Prepare to immerse yourself in a world of captivating blue hues with BQEYE Wildness Blue Colored Contact Lenses. These lenses are designed to transform your eyes into a stunning shade of blue, reminiscent of the deep, mysterious waters of the ocean. Whether you&#8217;re looking [&#8230;]\n","protected":false},"featured_media":1612,"comment_status":"open","ping_status":"closed","template":"","meta":[],"product_brand":[],"product_cat":[358,91,75,96,95,98],"product_tag":[360],"class_list":{"0":"post-1607","1":"product","2":"type-product","3":"status-publish","4":"has-post-thumbnail","6":"product_cat-wildness","7":"product_cat-14-2-mm","8":"product_cat-blue-contact-lenses","9":"product_cat-non-prescription","10":"product_cat-prescription","11":"product_cat-yearly-disposable","12":"product_tag-blue-colored-contact-lenses","14":"first","15":"instock","16":"sale","17":"shipping-taxable","18":"purchasable","19":"product-type-variable","20":"has-default-attributes"},"_links":{"self":[{"href":"https:\/\/bqeye.com\/es\/wp-json\/wp\/v2\/product\/1607","targetHints":{"allow":["GET"]}}],"collection":[{"href":"https:\/\/bqeye.com\/es\/wp-json\/wp\/v2\/product"}],"about":[{"href":"https:\/\/bqeye.com\/es\/wp-json\/wp\/v2\/types\/product"}],"replies":[{"embeddable":true,"href":"https:\/\/bqeye.com\/es\/wp-json\/wp\/v2\/comments?post=1607"}],"wp:featuredmedia":[{"embeddable":true,"href":"https:\/\/bqeye.com\/es\/wp-json\/wp\/v2\/media\/1612"}],"wp:attachment":[{"href":"https:\/\/bqeye.com\/es\/wp-json\/wp\/v2\/media?parent=1607"}],"wp:term":[{"taxonomy":"product_brand","embeddable":true,"href":"https:\/\/bqeye.com\/es\/wp-json\/wp\/v2\/product_brand?post=1607"},{"taxonomy":"product_cat","embeddable":true,"href":"https:\/\/bqeye.com\/es\/wp-json\/wp\/v2\/product_cat?post=1607"},{"taxonomy":"product_tag","embeddable":true,"href":"https:\/\/bqeye.com\/es\/wp-json\/wp\/v2\/product_tag?post=1607"}],"curies":[{"name":"wp","href":"https:\/\/api.w.org\/{rel}","templated":true}]}}