{"id":1622,"date":"2024-04-19T02:23:54","date_gmt":"2024-04-19T02:23:54","guid":{"rendered":"https:\/\/bqeye.com\/?post_type=product&#038;p=1622"},"modified":"2024-05-03T05:03:14","modified_gmt":"2024-05-03T05:03:14","slug":"wildness-brown-colored-contact-lenses","status":"publish","type":"product","link":"https:\/\/bqeye.com\/es\/wildness-brown-colored-contact-lenses\/","title":{"rendered":"Lentes de contacto de color marr\u00f3n salvaje"},"content":{"rendered":"<h3>Da rienda suelta a tu lado salvaje con las lentes de contacto de color marr\u00f3n BQEYE Wildness<\/h3>\n<div><\/div>\n<div>Descubra el poder cautivador de las lentes de contacto de color marr\u00f3n BQEYE Wildness. Estas lentillas est\u00e1n dise\u00f1adas para transformar tus ojos en un fascinante tono marr\u00f3n, que recuerda a la rica e ind\u00f3mita belleza de la tierra. Tanto si quieres realzar el color natural de tus ojos como si quieres ir a la moda, estas lentillas son la elecci\u00f3n perfecta.<\/div>\n<div><\/div>\n<div>Las lentes de contacto de color marr\u00f3n Wildness presentan una mezcla \u00fanica de tonos marrones, creando un efecto multidimensional que imita la profundidad y calidez de un paisaje salvaje e ind\u00f3mito. El intrincado patr\u00f3n y la pigmentaci\u00f3n de estas lentes garantizan un aspecto asombrosamente realista, haciendo que parezca que has nacido con este cautivador color de ojos.<\/div>\n<div><\/div>\n<div>En BQEYE, entendemos que la comodidad es tan importante como el estilo. Por eso nuestras lentes de contacto de color marr\u00f3n salvaje est\u00e1n fabricadas con materiales de alta calidad que dan prioridad a la permeabilidad al ox\u00edgeno, permitiendo que sus ojos respiren y se mantengan c\u00f3modos durante todo el d\u00eda. Con nuestro modelo DTC (Directo al Consumidor), eliminamos a los intermediarios y te ofrecemos estas lentes de primera calidad directamente a un precio asequible.<\/div>\n<div><\/div>\n<div>Cuando lleva lentes de contacto de color marr\u00f3n BQEYE Wildness, no s\u00f3lo est\u00e1 cambiando el color de sus ojos, sino que est\u00e1 adoptando una nueva faceta de su personalidad. Los tonos marrones evocan una sensaci\u00f3n de calidez, confianza y encanto indomable, permiti\u00e9ndole expresarse de una manera que refleja verdaderamente su salvaje interior. Tanto si asiste a un evento especial como si participa en una sesi\u00f3n de fotos o simplemente quiere marcar la diferencia en su vida diaria, estas lentes son el accesorio perfecto.<\/div>\n<div><\/div>\n<div>BQEYE se compromete a proporcionarle las lentes de contacto de color de la m\u00e1s alta calidad en el mercado. Cada par de Lentes de Contacto de Color Marr\u00f3n Salvaje se somete a rigurosas pruebas y controles de calidad para garantizar una apariencia impecable y un ajuste c\u00f3modo. Con un cuidado y mantenimiento adecuados, podr\u00e1s disfrutar de los impresionantes efectos de estas lentillas durante un largo periodo de tiempo, lo que las convierte en una inversi\u00f3n que merece la pena en tu arsenal de moda ocular.<\/div>\n<div><\/div>\n<div>D\u00e9 rienda suelta a su lado salvaje y experimente el poder transformador de las lentes de contacto de color marr\u00f3n BQEYE Wildness. Deja que tus ojos se conviertan en el punto focal de tu mirada, cautivando a los que te rodean con su intenso y misterioso encanto. Tanto si tienes los ojos claros como oscuros, estas lentes crear\u00e1n un llamativo contraste que exigir\u00e1 atenci\u00f3n.<\/div>\n<div><\/div>\n<div>No te conformes con lo ordinario cuando puedes abrazar lo extraordinario con las lentes de contacto de color marr\u00f3n BQEYE Wildness. Pida las suyas hoy y entre en un mundo donde sus ojos se convierten en la encarnaci\u00f3n de la belleza ind\u00f3mita y la confianza. D\u00e9 rienda suelta a su lado salvaje y deje que BQEYE le ayude a redefinir su mirada.<\/div>\n<div><\/div>\n<div>#BrownContactLenses #WildnessDesign #UnleashYourWildSide #EyeFashion #UntamedAllure<\/div>\n<div><\/div>","protected":false},"excerpt":{"rendered":"<p>Unleash Your Wild Side with BQEYE Wildness Brown Colored Contact Lenses Discover the captivating power of BQEYE Wildness Brown Colored Contact Lenses. These lenses are designed to transform your eyes into a mesmerizing shade of brown, reminiscent of the rich, untamed beauty of the earth. Whether you&#8217;re looking to enhance your natural eye color or [&#8230;]\n","protected":false},"featured_media":1627,"comment_status":"open","ping_status":"closed","template":"","meta":[],"product_brand":[],"product_cat":[358,91,80,96,95,98],"product_tag":[362],"class_list":{"0":"post-1622","1":"product","2":"type-product","3":"status-publish","4":"has-post-thumbnail","6":"product_cat-wildness","7":"product_cat-14-2-mm","8":"product_cat-brown-contact-lenses","9":"product_cat-non-prescription","10":"product_cat-prescription","11":"product_cat-yearly-disposable","12":"product_tag-brown-colored-contact-lenses","14":"first","15":"instock","16":"sale","17":"shipping-taxable","18":"purchasable","19":"product-type-variable","20":"has-default-attributes"},"_links":{"self":[{"href":"https:\/\/bqeye.com\/es\/wp-json\/wp\/v2\/product\/1622","targetHints":{"allow":["GET"]}}],"collection":[{"href":"https:\/\/bqeye.com\/es\/wp-json\/wp\/v2\/product"}],"about":[{"href":"https:\/\/bqeye.com\/es\/wp-json\/wp\/v2\/types\/product"}],"replies":[{"embeddable":true,"href":"https:\/\/bqeye.com\/es\/wp-json\/wp\/v2\/comments?post=1622"}],"wp:featuredmedia":[{"embeddable":true,"href":"https:\/\/bqeye.com\/es\/wp-json\/wp\/v2\/media\/1627"}],"wp:attachment":[{"href":"https:\/\/bqeye.com\/es\/wp-json\/wp\/v2\/media?parent=1622"}],"wp:term":[{"taxonomy":"product_brand","embeddable":true,"href":"https:\/\/bqeye.com\/es\/wp-json\/wp\/v2\/product_brand?post=1622"},{"taxonomy":"product_cat","embeddable":true,"href":"https:\/\/bqeye.com\/es\/wp-json\/wp\/v2\/product_cat?post=1622"},{"taxonomy":"product_tag","embeddable":true,"href":"https:\/\/bqeye.com\/es\/wp-json\/wp\/v2\/product_tag?post=1622"}],"curies":[{"name":"wp","href":"https:\/\/api.w.org\/{rel}","templated":true}]}}