{"id":1652,"date":"2024-04-19T08:03:36","date_gmt":"2024-04-19T08:03:36","guid":{"rendered":"https:\/\/bqeye.com\/?post_type=product&#038;p=1652"},"modified":"2024-04-19T08:07:14","modified_gmt":"2024-04-19T08:07:14","slug":"lucent-green-colored-contacts","status":"publish","type":"product","link":"https:\/\/bqeye.com\/es\/lucent-green-colored-contacts\/","title":{"rendered":"Lucent Green Lentillas de colores"},"content":{"rendered":"<h3>Disfruta del encanto de las lentillas de color BQEYE Lucent Green<\/h3>\n<div><\/div>\n<div>Ad\u00e9ntrate en un reino de cautivadores tonos verdes con las lentillas de colores BQEYE Lucent Green. Estas lentillas est\u00e1n dise\u00f1adas para transformar tus ojos en un impresionante tono verde, que recuerda a la exuberante y luminosa belleza de un bosque encantado. Estas lentillas son la elecci\u00f3n perfecta tanto si quieres ir a la moda como si simplemente quieres realzar el color natural de tus ojos.<\/div>\n<div><\/div>\n<div>Las lentillas de color Lucent Green presentan una mezcla \u00fanica de tonos verdes, creando un efecto multidimensional que imita la profundidad y viveza de una esmeralda fascinante. El intrincado patr\u00f3n y la pigmentaci\u00f3n de estas lentillas garantizan un aspecto asombrosamente realista, haciendo que parezca que has nacido con este encantador color de ojos.<\/div>\n<div><\/div>\n<div>En BQEYE, sabemos que la comodidad es tan importante como el estilo. Por eso nuestras lentillas de colores Lucent Green est\u00e1n fabricadas con materiales de alta calidad que dan prioridad a la permeabilidad al ox\u00edgeno, lo que permite que tus ojos respiren y se mantengan c\u00f3modos durante todo el d\u00eda. Con nuestro modelo DTC (Directo al Consumidor), eliminamos a los intermediarios y te ofrecemos estas lentillas de primera calidad directamente a un precio asequible.<\/div>\n<div><\/div>\n<div>Cuando usas las lentillas de color BQEYE Lucent Green, no s\u00f3lo cambias el color de tus ojos, sino que adoptas una nueva faceta de tu personalidad. Los tonos verdes evocan una sensaci\u00f3n de misterio, vitalidad y encanto luminoso, permiti\u00e9ndote expresarte de una forma que refleja realmente tu resplandor interior. Tanto si asiste a un evento tem\u00e1tico, como si participa en una sesi\u00f3n de fotos o simplemente quiere marcar la diferencia en su vida cotidiana, estas lentes son el accesorio perfecto.<\/div>\n<div><\/div>\n<div>BQEYE se compromete a proporcionarle las lentes de contacto de color de mayor calidad del mercado. Cada par de Lucent Green Colored Contacts se somete a rigurosas pruebas y controles de calidad para garantizar una apariencia impecable y un ajuste c\u00f3modo. Con un cuidado y mantenimiento adecuados, podr\u00e1s disfrutar de los impresionantes efectos de estas lentillas durante un periodo prolongado, lo que las convierte en una inversi\u00f3n que merece la pena en tu arsenal de moda ocular.<\/div>\n<div><\/div>\n<div>Abraza el encanto de tus propios ojos con las lentillas de color BQEYE Lucent Green. Deja que tus ojos se conviertan en el punto focal de tu mirada, cautivando a los que te rodean con su belleza intensa y luminosa. Tanto si tienes los ojos claros como oscuros, estas lentillas crear\u00e1n un llamativo contraste que exigir\u00e1 atenci\u00f3n.<\/div>\n<div><\/div>\n<div>No te conformes con lo ordinario cuando puedes dar rienda suelta a lo extraordinario con las lentillas de colores BQEYE Lucent Green. Pide las tuyas hoy mismo y entra en un mundo en el que tus ojos se convertir\u00e1n en la encarnaci\u00f3n de la belleza luminosa y la confianza. Deja que brille tu resplandor interior y que BQEYE sea tu aliado para redefinir tu mirada.<\/div>\n<div><\/div>\n<div>#GreenColoredContacts #LucentDesign #EnchantingAllure #EyeFashion #LuminousBeauty<\/div>\n<div><\/div>","protected":false},"excerpt":{"rendered":"<p>Embrace the Enchanting Allure of BQEYE Lucent Green Colored Contacts Step into a realm of captivating green hues with BQEYE Lucent Green Colored Contacts. These lenses are designed to transform your eyes into a stunning shade of green, reminiscent of the lush, luminous beauty of an enchanted forest. Whether you&#8217;re looking to make a bold [&#8230;]\n","protected":false},"featured_media":1655,"comment_status":"open","ping_status":"closed","template":"","meta":[],"product_brand":[],"product_cat":[363,91,77,96,95,98],"product_tag":[366],"class_list":{"0":"post-1652","1":"product","2":"type-product","3":"status-publish","4":"has-post-thumbnail","6":"product_cat-lucent-series-colored-contact-lenses","7":"product_cat-14-2-mm","8":"product_cat-green-contact-lenses","9":"product_cat-non-prescription","10":"product_cat-prescription","11":"product_cat-yearly-disposable","12":"product_tag-green-colored-contacts","14":"first","15":"instock","16":"sale","17":"shipping-taxable","18":"purchasable","19":"product-type-variable","20":"has-default-attributes"},"_links":{"self":[{"href":"https:\/\/bqeye.com\/es\/wp-json\/wp\/v2\/product\/1652","targetHints":{"allow":["GET"]}}],"collection":[{"href":"https:\/\/bqeye.com\/es\/wp-json\/wp\/v2\/product"}],"about":[{"href":"https:\/\/bqeye.com\/es\/wp-json\/wp\/v2\/types\/product"}],"replies":[{"embeddable":true,"href":"https:\/\/bqeye.com\/es\/wp-json\/wp\/v2\/comments?post=1652"}],"wp:featuredmedia":[{"embeddable":true,"href":"https:\/\/bqeye.com\/es\/wp-json\/wp\/v2\/media\/1655"}],"wp:attachment":[{"href":"https:\/\/bqeye.com\/es\/wp-json\/wp\/v2\/media?parent=1652"}],"wp:term":[{"taxonomy":"product_brand","embeddable":true,"href":"https:\/\/bqeye.com\/es\/wp-json\/wp\/v2\/product_brand?post=1652"},{"taxonomy":"product_cat","embeddable":true,"href":"https:\/\/bqeye.com\/es\/wp-json\/wp\/v2\/product_cat?post=1652"},{"taxonomy":"product_tag","embeddable":true,"href":"https:\/\/bqeye.com\/es\/wp-json\/wp\/v2\/product_tag?post=1652"}],"curies":[{"name":"wp","href":"https:\/\/api.w.org\/{rel}","templated":true}]}}