{"id":1922,"date":"2025-01-04T22:03:40","date_gmt":"2025-01-04T14:03:40","guid":{"rendered":"https:\/\/bqeye.com\/?post_type=product&#038;p=1922"},"modified":"2025-01-04T22:05:01","modified_gmt":"2025-01-04T14:05:01","slug":"provence-violet-blue-contact-lenses","status":"publish","type":"product","link":"https:\/\/bqeye.com\/es\/provence-violet-blue-contact-lenses\/","title":{"rendered":"Lentes de contacto Provence Violeta Azul"},"content":{"rendered":"<h1 class=\"md-end-block md-heading\"><span class=\"md-plain md-expand\">Lentes de contacto Provence Violet Blue | Colecci\u00f3n Lavender Fields \ud83d\udc9c<\/span><\/h1>\n<h2 class=\"md-end-block md-heading\"><span class=\"md-plain\">Inspiraci\u00f3n provenzal<\/span><\/h2>\n<p class=\"md-end-block md-p\"><span class=\"md-plain\">Nuestras lentes de contacto azul violeta capturan las encantadoras tonalidades de los campos de lavanda de la Provenza en el crep\u00fasculo. Cada par refleja la m\u00edstica mezcla entre el cielo mediterr\u00e1neo y la lavanda en flor, desde las ondulantes colinas de Luberon hasta las vastas mesetas de Valensole. Estas lentes encarnan ese momento m\u00e1gico en el que la luz del atardecer baila sobre interminables hileras de flores de lavanda.<\/span><\/p>\n<h2 class=\"md-end-block md-heading\"><span class=\"md-plain\">Influencer Reviews \u2b50\ufe0f<\/span><\/h2>\n<p class=\"md-end-block md-p\"><span class=\"md-plain\">@ProvenceLife (1,6 millones de seguidores)<\/span> <span class=\"md-plain\">\"\u00a1Como llevar una puesta de sol provenzal! #LavenderEyes\"<\/span><\/p>\n<p class=\"md-end-block md-p\"><span class=\"md-plain\">@LavenderStyle (1,3 millones de seguidores)<\/span> <span class=\"md-plain\">\"Pura magia provenzal \ud83d\udc9c\"<\/span><\/p>\n<p class=\"md-end-block md-p\"><span class=\"md-plain\">@ProvenceMood (960K seguidores)<\/span> <span class=\"md-plain\">\"\u00a1El verdadero color de los sue\u00f1os de lavanda!\"<\/span><\/p>\n<h2 class=\"md-end-block md-heading\"><span class=\"md-plain\">Opiniones de clientes \ud83d\udc9d<\/span><\/h2>\n<p class=\"md-end-block md-p\"><span class=\"md-plain\">Claire M. \u2b50\ufe0f\u2b50\ufe0f\u2b50\ufe0f\u2b50\ufe0f\u2b50\ufe0f<\/span> <span class=\"md-plain\">\"Perfecto crep\u00fasculo provenzal\".<\/span><\/p>\n<p class=\"md-end-block md-p\"><span class=\"md-plain\">Pierre L. \u2b50\ufe0f\u2b50\ufe0f\u2b50\ufe0f\u2b50\ufe0f\u2b50\ufe0f<\/span> <span class=\"md-plain\">\"Como Valensole en mis ojos.\"<\/span><\/p>\n<p class=\"md-end-block md-p\"><span class=\"md-plain\">Am\u00e9lie S. \u2b50\ufe0f\u2b50\ufe0f\u2b50\ufe0f\u2b50\ufe0f\u2b50\ufe0f<\/span> <span class=\"md-plain\">\"Captura la magia de las tardes de verano\".<\/span><\/p>\n<h2 class=\"md-end-block md-heading\"><span class=\"md-plain\">Ocasiones y maquillaje \ud83d\udc84<\/span><\/h2>\n<h3 class=\"md-end-block md-heading\"><span class=\"md-plain\">Perfecto para<\/span><\/h3>\n<ul class=\"ul-list\" data-mark=\"-\">\n<li class=\"md-list-item\">\n<p class=\"md-end-block md-p\"><span class=\"md-plain\">Bodas en la Provenza<\/span><\/p>\n<\/li>\n<li class=\"md-list-item\">\n<p class=\"md-end-block md-p\"><span class=\"md-plain\">Veladas de verano<\/span><\/p>\n<\/li>\n<li class=\"md-list-item\">\n<p class=\"md-end-block md-p\"><span class=\"md-plain\">Fiestas de la lavanda<\/span><\/p>\n<\/li>\n<li class=\"md-list-item\">\n<p class=\"md-end-block md-p\"><span class=\"md-plain\">Fiestas en el jard\u00edn<\/span><\/p>\n<\/li>\n<li class=\"md-list-item\">\n<p class=\"md-end-block md-p\"><span class=\"md-plain\">Sesiones de fotos art\u00edsticas<\/span><\/p>\n<\/li>\n<\/ul>\n<h3 class=\"md-end-block md-heading\"><span class=\"md-plain\">Maquillaje Armon\u00eda<\/span><\/h3>\n<ul class=\"ul-list\" data-mark=\"-\">\n<li class=\"md-list-item\">\n<p class=\"md-end-block md-p\"><span class=\"md-plain\">Sombras de lavanda<\/span><\/p>\n<\/li>\n<li class=\"md-list-item\">\n<p class=\"md-end-block md-p\"><span class=\"md-plain\">Lo m\u00e1s destacado del atardecer<\/span><\/p>\n<\/li>\n<li class=\"md-list-item\">\n<p class=\"md-end-block md-p\"><span class=\"md-plain\">M\u00e1scara de pesta\u00f1as ciruela<\/span><\/p>\n<\/li>\n<li class=\"md-list-item\">\n<p class=\"md-end-block md-p\"><span class=\"md-plain\">Liner azul noche<\/span><\/p>\n<\/li>\n<li class=\"md-list-item\">\n<p class=\"md-end-block md-p\"><span class=\"md-plain\">Labios de rosa de Provenza<\/span><\/p>\n<\/li>\n<\/ul>\n<h2 class=\"md-end-block md-heading\"><span class=\"md-plain\">Gu\u00eda de estilo \ud83d\udc57<\/span><\/h2>\n<h3 class=\"md-end-block md-heading\"><span class=\"md-plain\">Combinaciones de Provenza<\/span><\/h3>\n<ul class=\"ul-list\" data-mark=\"-\">\n<li class=\"md-list-item\">\n<p class=\"md-end-block md-p\"><span class=\"md-plain\">Azul lavanda<\/span><\/p>\n<\/li>\n<li class=\"md-list-item\">\n<p class=\"md-end-block md-p\"><span class=\"md-plain\">Violeta crep\u00fasculo<\/span><\/p>\n<\/li>\n<li class=\"md-list-item\">\n<p class=\"md-end-block md-p\"><span class=\"md-plain\">Azul mediterr\u00e1neo<\/span><\/p>\n<\/li>\n<li class=\"md-list-item\">\n<p class=\"md-end-block md-p\"><span class=\"md-plain\">Provenza malva<\/span><\/p>\n<\/li>\n<li class=\"md-list-item\">\n<p class=\"md-end-block md-p\"><span class=\"md-plain\">Caliza blanca<\/span><\/p>\n<\/li>\n<\/ul>\n<h3 class=\"md-end-block md-heading\"><span class=\"md-plain\">Accesorios<\/span><\/h3>\n<ul class=\"ul-list\" data-mark=\"-\">\n<li class=\"md-list-item\">\n<p class=\"md-end-block md-p\"><span class=\"md-plain\">Joyas de lavanda seca<\/span><\/p>\n<\/li>\n<li class=\"md-list-item\">\n<p class=\"md-end-block md-p\"><span class=\"md-plain\">Amatista<\/span><\/p>\n<\/li>\n<li class=\"md-list-item\">\n<p class=\"md-end-block md-p\"><span class=\"md-plain\">Zafiros morados<\/span><\/p>\n<\/li>\n<li class=\"md-list-item\">\n<p class=\"md-end-block md-p\"><span class=\"md-plain\">Perlas provenzales<\/span><\/p>\n<\/li>\n<li class=\"md-list-item\">\n<p class=\"md-end-block md-p\"><span class=\"md-plain\">Seda lavanda<\/span><\/p>\n<\/li>\n<\/ul>\n<h2 class=\"md-end-block md-heading\"><span class=\"md-plain\">Seguridad y confort<\/span><\/h2>\n<p class=\"md-end-block md-p\"><span class=\"md-plain\">Nuestras lentes Provence azul violeta est\u00e1n certificadas por la CE y la FDA, lo que garantiza su comodidad bajo el sol provenzal.<\/span><\/p>\n<h2 class=\"md-end-block md-heading\"><span class=\"md-plain\">\u00a1Vive la magia provenzal! \ud83d\udc9c<\/span><\/h2>\n<p class=\"md-end-block md-p\"><span class=\"md-plain\">Transforma tu mirada con los encantadores colores de los campos de lavanda. Estas lentes de contacto azul violeta llevan a tus ojos pura esencia de la Provenza.<\/span><\/p>\n<p class=\"md-end-block md-p\"><span class=\"md-plain\">\ud83d\udc49 \u00a1PIDE AHORA para lucir los colores de la Provenza!<\/span><\/p>\n<p class=\"md-end-block md-p md-focus\"><span class=\"md-plain md-expand\">#LavenderLentes #ProvenceStyle #VioletBlue #LavenderBeauty #ProvenceEyes #TwilightEyes #ProvenceLook<\/span><\/p>","protected":false},"excerpt":{"rendered":"<p>Provence Violet Blue Contact Lenses | Lavender Fields Collection \ud83d\udc9c Proven\u00e7al Inspiration Our violet blue contact lenses capture the enchanting hues of Provence&#8217;s lavender fields at twilight. Each pair mirrors the mystical blend where Mediterranean skies meet blooming lavender &#8211; from the rolling hills of Luberon to the vast plateaus of Valensole. These lenses embody [&#8230;]\n","protected":false},"featured_media":1925,"comment_status":"open","ping_status":"closed","template":"","meta":[],"product_brand":[],"product_cat":[82,91,75,188,98],"product_tag":[],"class_list":{"0":"post-1922","1":"product","2":"type-product","3":"status-publish","4":"has-post-thumbnail","6":"product_cat-purple-contact-lenses","7":"product_cat-14-2-mm","8":"product_cat-blue-contact-lenses","9":"product_cat-dream-contacts","10":"product_cat-yearly-disposable","12":"first","13":"instock","14":"sale","15":"shipping-taxable","16":"purchasable","17":"product-type-variable","18":"has-default-attributes"},"_links":{"self":[{"href":"https:\/\/bqeye.com\/es\/wp-json\/wp\/v2\/product\/1922","targetHints":{"allow":["GET"]}}],"collection":[{"href":"https:\/\/bqeye.com\/es\/wp-json\/wp\/v2\/product"}],"about":[{"href":"https:\/\/bqeye.com\/es\/wp-json\/wp\/v2\/types\/product"}],"replies":[{"embeddable":true,"href":"https:\/\/bqeye.com\/es\/wp-json\/wp\/v2\/comments?post=1922"}],"wp:featuredmedia":[{"embeddable":true,"href":"https:\/\/bqeye.com\/es\/wp-json\/wp\/v2\/media\/1925"}],"wp:attachment":[{"href":"https:\/\/bqeye.com\/es\/wp-json\/wp\/v2\/media?parent=1922"}],"wp:term":[{"taxonomy":"product_brand","embeddable":true,"href":"https:\/\/bqeye.com\/es\/wp-json\/wp\/v2\/product_brand?post=1922"},{"taxonomy":"product_cat","embeddable":true,"href":"https:\/\/bqeye.com\/es\/wp-json\/wp\/v2\/product_cat?post=1922"},{"taxonomy":"product_tag","embeddable":true,"href":"https:\/\/bqeye.com\/es\/wp-json\/wp\/v2\/product_tag?post=1922"}],"curies":[{"name":"wp","href":"https:\/\/api.w.org\/{rel}","templated":true}]}}