{"id":1945,"date":"2025-01-06T16:18:48","date_gmt":"2025-01-06T08:18:48","guid":{"rendered":"https:\/\/bqeye.com\/?post_type=product&#038;p=1945"},"modified":"2025-01-06T16:20:17","modified_gmt":"2025-01-06T08:20:17","slug":"dreamy-windsor-hazel-contact-lenses","status":"publish","type":"product","link":"https:\/\/bqeye.com\/es\/dreamy-windsor-hazel-contact-lenses\/","title":{"rendered":"Lentes de contacto Dreamy Windsor Hazel"},"content":{"rendered":"<h1 class=\"md-end-block md-heading\"><span class=\"md-plain md-expand\">Lentes de contacto Windsor Hazel de ensue\u00f1o | Realce de ojos inspirado en la realeza \ud83d\udc51<\/span><\/h1>\n<h2 class=\"md-end-block md-heading\"><span class=\"md-plain\">Inspiraci\u00f3n en el dise\u00f1o real<\/span><\/h2>\n<p class=\"md-end-block md-p\"><span class=\"md-plain\">Nuestras lentes de contacto Dreamy Windsor Hazel capturan la elegancia atemporal de la realeza brit\u00e1nica. Inspiradas en los encantadores terrenos del Castillo de Windsor y sus hist\u00f3ricos robles, estas lentes combinan ricos tonos avellana que recuerdan el oto\u00f1o en los Jardines Reales. Cada lente presenta un sofisticado motivo que refleja la belleza natural de la campi\u00f1a inglesa, desde la luz dorada del sol que se filtra por las antiguas ventanas del castillo hasta los tonos c\u00e1lidos de los majestuosos \u00e1rboles del Windsor Great Park. Los tonos avellana multidimensionales crean una mirada aristocr\u00e1tica que es a la vez noble y naturalmente seductora.<\/span><\/p>\n<h2 class=\"md-end-block md-heading\"><span class=\"md-plain\">Opiniones de expertos en belleza de famosos<\/span><\/h2>\n<p class=\"md-end-block md-p\"><span class=\"md-plain\">@RoyalBeautyInsider (2,4 millones de seguidores)<\/span> <span class=\"md-plain\">\"\u00a1Estas lentillas color avellana te dan esa mirada perfecta inspirada en la realeza! \u00a1Absolutamente impresionantes! \ud83d\udc51\"<\/span><\/p>\n<p class=\"md-end-block md-p\"><span class=\"md-plain\">@BritishGlamour (2,1 millones de seguidores)<\/span> <span class=\"md-plain\">\"Las lentes de contacto color avellana m\u00e1s elegantes que he usado nunca. \u00a1Pura sofisticaci\u00f3n! \u2728\"<\/span><\/p>\n<p class=\"md-end-block md-p\"><span class=\"md-plain\">@LondonBeautyQueen (1,8 millones de seguidores)<\/span> <span class=\"md-plain\">\"Estas lentes captan a la perfecci\u00f3n la esencia de la elegancia brit\u00e1nica\".<\/span><\/p>\n<h2 class=\"md-end-block md-heading\"><span class=\"md-plain\">Opiniones de los clientes<\/span><\/h2>\n<p class=\"md-end-block md-p\"><span class=\"md-plain\">Elizabeth W. \u2b50\ufe0f\u2b50\ufe0f\u2b50\ufe0f\u2b50\ufe0f\u2b50\ufe0f<\/span> <span class=\"md-plain\">\"\u00a1Por fin he encontrado mi color de ojos perfecto inspirado en la realeza!\"<\/span><\/p>\n<p class=\"md-end-block md-p\"><span class=\"md-plain\">Victoria S. \u2b50\ufe0f\u2b50\ufe0f\u2b50\ufe0f\u2b50\ufe0f\u2b50\ufe0f<\/span> <span class=\"md-plain\">\"Parecen tan naturales, como si hubiera nacido con ojos avellana\".<\/span><\/p>\n<p class=\"md-end-block md-p\"><span class=\"md-plain\">Catherine M. \u2b50\ufe0f\u2b50\ufe0f\u2b50\ufe0f\u2b50\ufe0f\u2b50\ufe0f<\/span> <span class=\"md-plain\">\"\u00a1Las lentes m\u00e1s c\u00f3modas para mis fiestas en el jard\u00edn!\"<\/span><\/p>\n<h2 class=\"md-end-block md-heading\"><span class=\"md-plain\">Ocasiones perfectas y maquillaje<\/span><\/h2>\n<h3 class=\"md-end-block md-heading\"><span class=\"md-plain\">Eventos<\/span><\/h3>\n<ul class=\"ul-list\" data-mark=\"-\">\n<li class=\"md-list-item\">\n<p class=\"md-end-block md-p\"><span class=\"md-plain\">Fiestas en el jard\u00edn<\/span><\/p>\n<\/li>\n<li class=\"md-list-item\">\n<p class=\"md-end-block md-p\"><span class=\"md-plain\">Tarde de t\u00e9<\/span><\/p>\n<\/li>\n<li class=\"md-list-item\">\n<p class=\"md-end-block md-p\"><span class=\"md-plain\">Celebraciones de boda<\/span><\/p>\n<\/li>\n<li class=\"md-list-item\">\n<p class=\"md-end-block md-p\"><span class=\"md-plain\">Inauguraci\u00f3n de galer\u00edas<\/span><\/p>\n<\/li>\n<li class=\"md-list-item\">\n<p class=\"md-end-block md-p\"><span class=\"md-plain\">Eventos ecuestres<\/span><\/p>\n<\/li>\n<li class=\"md-list-item\">\n<p class=\"md-end-block md-p\"><span class=\"md-plain\">Exposiciones Reales<\/span><\/p>\n<\/li>\n<li class=\"md-list-item\">\n<p class=\"md-end-block md-p\"><span class=\"md-plain\">Reuniones en clubes de campo<\/span><\/p>\n<\/li>\n<li class=\"md-list-item\">\n<p class=\"md-end-block md-p\"><span class=\"md-plain\">Alta cocina<\/span><\/p>\n<\/li>\n<\/ul>\n<h3 class=\"md-end-block md-heading\"><span class=\"md-plain\">Recomendaciones de maquillaje<\/span><\/h3>\n<ul class=\"ul-list\" data-mark=\"-\">\n<li class=\"md-list-item\">\n<p class=\"md-end-block md-p\"><span class=\"md-plain\">Ojos ahumados en marr\u00f3n suave<\/span><\/p>\n<\/li>\n<li class=\"md-list-item\">\n<p class=\"md-end-block md-p\"><span class=\"md-plain\">Iluminador Pearl<\/span><\/p>\n<\/li>\n<li class=\"md-list-item\">\n<p class=\"md-end-block md-p\"><span class=\"md-plain\">Colorete rosado<\/span><\/p>\n<\/li>\n<li class=\"md-list-item\">\n<p class=\"md-end-block md-p\"><span class=\"md-plain\">Definici\u00f3n de cejas naturales<\/span><\/p>\n<\/li>\n<li class=\"md-list-item\">\n<p class=\"md-end-block md-p\"><span class=\"md-plain\">Labios de rosa inglesa<\/span><\/p>\n<\/li>\n<li class=\"md-list-item\">\n<p class=\"md-end-block md-p\"><span class=\"md-plain\">Contorno Bronce Dorado<\/span><\/p>\n<\/li>\n<li class=\"md-list-item\">\n<p class=\"md-end-block md-p\"><span class=\"md-plain\">Fundaci\u00f3n Dewy<\/span><\/p>\n<\/li>\n<\/ul>\n<h2 class=\"md-end-block md-heading\"><span class=\"md-plain\">Gu\u00eda de estilo<\/span><\/h2>\n<h3 class=\"md-end-block md-heading\"><span class=\"md-plain\">Colores complementarios<\/span><\/h3>\n<ul class=\"ul-list\" data-mark=\"-\">\n<li class=\"md-list-item\">\n<p class=\"md-end-block md-p\"><span class=\"md-plain\">Marina Real<\/span><\/p>\n<\/li>\n<li class=\"md-list-item\">\n<p class=\"md-end-block md-p\"><span class=\"md-plain\">Verde esmeralda<\/span><\/p>\n<\/li>\n<li class=\"md-list-item\">\n<p class=\"md-end-block md-p\"><span class=\"md-plain\">Borgo\u00f1a<\/span><\/p>\n<\/li>\n<li class=\"md-list-item\">\n<p class=\"md-end-block md-p\"><span class=\"md-plain\">Crema<\/span><\/p>\n<\/li>\n<li class=\"md-list-item\">\n<p class=\"md-end-block md-p\"><span class=\"md-plain\">Oro suave<\/span><\/p>\n<\/li>\n<li class=\"md-list-item\">\n<p class=\"md-end-block md-p\"><span class=\"md-plain\">Verde oscuro<\/span><\/p>\n<\/li>\n<li class=\"md-list-item\">\n<p class=\"md-end-block md-p\"><span class=\"md-plain\">Beige cl\u00e1sico<\/span><\/p>\n<\/li>\n<li class=\"md-list-item\">\n<p class=\"md-end-block md-p\"><span class=\"md-plain\">Bronceado brit\u00e1nico<\/span><\/p>\n<\/li>\n<\/ul>\n<h3 class=\"md-end-block md-heading\"><span class=\"md-plain\">Accesorios perfectos<\/span><\/h3>\n<ul class=\"ul-list\" data-mark=\"-\">\n<li class=\"md-list-item\">\n<p class=\"md-end-block md-p\"><span class=\"md-plain\">Collares de perlas<\/span><\/p>\n<\/li>\n<li class=\"md-list-item\">\n<p class=\"md-end-block md-p\"><span class=\"md-plain\">Relojes Gold Heritage<\/span><\/p>\n<\/li>\n<li class=\"md-list-item\">\n<p class=\"md-end-block md-p\"><span class=\"md-plain\">Pa\u00f1uelos de seda<\/span><\/p>\n<\/li>\n<li class=\"md-list-item\">\n<p class=\"md-end-block md-p\"><span class=\"md-plain\">Bolsos de piel<\/span><\/p>\n<\/li>\n<li class=\"md-list-item\">\n<p class=\"md-end-block md-p\"><span class=\"md-plain\">Tachuelas de diamante<\/span><\/p>\n<\/li>\n<li class=\"md-list-item\">\n<p class=\"md-end-block md-p\"><span class=\"md-plain\">Broches cl\u00e1sicos<\/span><\/p>\n<\/li>\n<li class=\"md-list-item\">\n<p class=\"md-end-block md-p\"><span class=\"md-plain\">Pulseras de oro fino<\/span><\/p>\n<\/li>\n<\/ul>\n<h2 class=\"md-end-block md-heading\"><span class=\"md-plain\">Certificaci\u00f3n<\/span><\/h2>\n<p class=\"md-end-block md-p\"><span class=\"md-plain\">Certificado CE y FDA para su tranquilidad<\/span><\/p>\n<h2 class=\"md-end-block md-heading\"><span class=\"md-plain\">Confort<\/span><\/h2>\n<p class=\"md-end-block md-p\"><span class=\"md-plain\">Dise\u00f1ada para ofrecer comodidad durante todo el d\u00eda en tus aventuras inspiradas en la realeza.<\/span><\/p>\n<h2 class=\"md-end-block md-heading\"><span class=\"md-plain\">\u00a1Experimenta la elegancia real! \u2728<\/span><\/h2>\n<p class=\"md-end-block md-p\"><span class=\"md-plain\">Transforma tu mirada con nuestras lentes de contacto Dreamy Windsor Hazel. Deja que tus ojos cuenten una historia de sofisticaci\u00f3n brit\u00e1nica atemporal.<\/span><\/p>\n<p class=\"md-end-block md-p md-focus\"><span class=\"md-plain md-expand\">#WindsorHazelLentesDeContacto #RoyalBeauty #BritishElegance #HazelEyes #LuxuryLenses #RoyalStyle #BritishGlam #EyeEnhancement #WindsorStyle #BritishBeauty<\/span><\/p>","protected":false},"excerpt":{"rendered":"<p>Dreamy Windsor Hazel Contact Lenses | Royal-Inspired Eye Enhancement \ud83d\udc51 Royal Design Inspiration Our Dreamy Windsor Hazel Contact Lenses capture the timeless elegance of British royalty. Inspired by the enchanting grounds of Windsor Castle and its historic oak trees, these lenses blend rich hazel tones reminiscent of autumn in the Royal Gardens. Each lens features [&#8230;]\n","protected":false},"featured_media":1947,"comment_status":"open","ping_status":"closed","template":"","meta":[],"product_brand":[],"product_cat":[84,92,188,98],"product_tag":[],"class_list":{"0":"post-1945","1":"product","2":"type-product","3":"status-publish","4":"has-post-thumbnail","6":"product_cat-hazel-contact-lenses","7":"product_cat-14-5-mm","8":"product_cat-dream-contacts","9":"product_cat-yearly-disposable","11":"first","12":"instock","13":"sale","14":"shipping-taxable","15":"purchasable","16":"product-type-variable","17":"has-default-attributes"},"_links":{"self":[{"href":"https:\/\/bqeye.com\/es\/wp-json\/wp\/v2\/product\/1945","targetHints":{"allow":["GET"]}}],"collection":[{"href":"https:\/\/bqeye.com\/es\/wp-json\/wp\/v2\/product"}],"about":[{"href":"https:\/\/bqeye.com\/es\/wp-json\/wp\/v2\/types\/product"}],"replies":[{"embeddable":true,"href":"https:\/\/bqeye.com\/es\/wp-json\/wp\/v2\/comments?post=1945"}],"wp:featuredmedia":[{"embeddable":true,"href":"https:\/\/bqeye.com\/es\/wp-json\/wp\/v2\/media\/1947"}],"wp:attachment":[{"href":"https:\/\/bqeye.com\/es\/wp-json\/wp\/v2\/media?parent=1945"}],"wp:term":[{"taxonomy":"product_brand","embeddable":true,"href":"https:\/\/bqeye.com\/es\/wp-json\/wp\/v2\/product_brand?post=1945"},{"taxonomy":"product_cat","embeddable":true,"href":"https:\/\/bqeye.com\/es\/wp-json\/wp\/v2\/product_cat?post=1945"},{"taxonomy":"product_tag","embeddable":true,"href":"https:\/\/bqeye.com\/es\/wp-json\/wp\/v2\/product_tag?post=1945"}],"curies":[{"name":"wp","href":"https:\/\/api.w.org\/{rel}","templated":true}]}}