{"id":1960,"date":"2025-01-07T10:04:24","date_gmt":"2025-01-07T02:04:24","guid":{"rendered":"https:\/\/bqeye.com\/?post_type=product&#038;p=1960"},"modified":"2025-01-07T10:05:34","modified_gmt":"2025-01-07T02:05:34","slug":"dreamy-westminster-pink-contact-lenses","status":"publish","type":"product","link":"https:\/\/bqeye.com\/es\/dreamy-westminster-pink-contact-lenses\/","title":{"rendered":"Lentes de contacto Dreamy Westminster Pink"},"content":{"rendered":"<h1 class=\"md-end-block md-heading\"><span class=\"md-plain md-expand\">Lentes de contacto rosa Westminster de ensue\u00f1o | Royal City Elegance \ud83d\udc51<\/span><\/h1>\n<h2 class=\"md-end-block md-heading\"><span class=\"md-plain\">Patrimonio del dise\u00f1o de Westminster<\/span><\/h2>\n<p class=\"md-end-block md-p\"><span class=\"md-plain\">Nuestras lentillas Westminster Pink capturan la esencia rom\u00e1ntica del coraz\u00f3n hist\u00f3rico de Londres. Inspiradas en los reflejos rosados del T\u00e1mesis al atardecer y en el c\u00e1lido resplandor de la piedra del Parlamento, estas lentillas combinan sutiles tonos rosados con reflejos dorados de la piedra de Westminster. Cada lente refleja la majestuosidad del patrimonio brit\u00e1nico, desde la bruma del amanecer alrededor del Big Ben hasta la luz rosada del atardecer en la Abad\u00eda de Westminster.<\/span><\/p>\n<h2 class=\"md-end-block md-heading\"><span class=\"md-plain\">Rese\u00f1as sobre el estilo londinense<\/span><\/h2>\n<p class=\"md-end-block md-p\"><span class=\"md-plain\">@WestminsterChic (2,4 millones de seguidores)<\/span> <span class=\"md-plain\">\"\u00a1Estas lentes encierran pura magia parlamentaria! El color cambia como la puesta de sol en el T\u00e1mesis y, en las sombras de los arcos g\u00f3ticos, captan ese misterioso resplandor rosado de las vidrieras. \u00a1Absolutamente majestuosas! \ud83c\udf39\"<\/span><\/p>\n<p class=\"md-end-block md-p\"><span class=\"md-plain\">@LondonGrace (2,1 millones de seguidores)<\/span> <span class=\"md-plain\">\"\u00a1Es como llevar el alma de Westminster en los ojos! Perfectos en todas las estaciones: reflejan los cerezos en flor de la primavera, la luz del atardecer de verano sobre la piedra de Portland y esas m\u00e1gicas tardes de invierno en las que toda la ciudad se ti\u00f1e de rosa. Sencillamente divinos. \u2728\"<\/span><\/p>\n<p class=\"md-end-block md-p\"><span class=\"md-plain\">@ParliamentStyle (1,9 millones de seguidores)<\/span> <span class=\"md-plain\">\"\u00a1Pura elegancia Westminster! Estas lentes cuentan historias de ceremonias reales, salones hist\u00f3ricos y el intemporal encanto brit\u00e1nico. Cambian como la luz de Londres: a veces suaves como la bruma matinal, otras brillantes como la hora dorada en el T\u00e1mesis. \u00a1Impresionantes! \ud83c\udfad\"<\/span><\/p>\n<h2 class=\"md-end-block md-heading\"><span class=\"md-plain\">Opiniones de los clientes<\/span><\/h2>\n<p class=\"md-end-block md-p\"><span class=\"md-plain\">Victoria R. \u2b50\ufe0f\u2b50\ufe0f\u2b50\ufe0f\u2b50\ufe0f\u2b50\ufe0f<\/span> <span class=\"md-plain\">\"Perfectas para las visitas parlamentarias y a las abad\u00edas. Me los puse para el canto de v\u00edsperas en la Abad\u00eda de Westminster y todo el mundo dijo que mis ojos combinaban perfectamente con el roset\u00f3n. Son especialmente m\u00e1gicos durante los paseos al atardecer por el T\u00e1mesis\".<\/span><\/p>\n<p class=\"md-end-block md-p\"><span class=\"md-plain\">Elizabeth W. \u2b50\ufe0f\u2b50\ufe0f\u2b50\ufe0f\u2b50\ufe0f\u2b50\ufe0f<\/span> <span class=\"md-plain\">\"Estos objetivos encarnan la grandeza de Westminster. Tanto si voy a la iglesia de Santa Margarita como si disfruto del t\u00e9 de la tarde con vistas a Parliament Square, captan esa luz especial de Londres que hace que Westminster sea \u00fanico.\"<\/span><\/p>\n<p class=\"md-end-block md-p\"><span class=\"md-plain\">Charlotte B. \u2b50\ufe0f\u2b50\ufe0f\u2b50\ufe0f\u2b50\ufe0f\u2b50\ufe0f<\/span> <span class=\"md-plain\">\"\u00a1Como llevar el patrimonio de Londres! Perfectos para ocasiones de estado, conciertos en catedrales y la temporada de fiestas en jardines. Captan la luz exactamente igual que las Casas del Parlamento en la hora dorada\".<\/span><\/p>\n<h2 class=\"md-end-block md-heading\"><span class=\"md-plain\">Ocasiones perfectas y maquillaje<\/span><\/h2>\n<h3 class=\"md-end-block md-heading\"><span class=\"md-plain\">Eventos<\/span><\/h3>\n<ul class=\"ul-list\" data-mark=\"-\">\n<li class=\"md-list-item\">\n<p class=\"md-end-block md-p\"><span class=\"md-plain\">Servicios de la Catedral<\/span><\/p>\n<\/li>\n<li class=\"md-list-item\">\n<p class=\"md-end-block md-p\"><span class=\"md-plain\">Visitas parlamentarias<\/span><\/p>\n<\/li>\n<li class=\"md-list-item\">\n<p class=\"md-end-block md-p\"><span class=\"md-plain\">Cruceros fluviales<\/span><\/p>\n<\/li>\n<li class=\"md-list-item\">\n<p class=\"md-end-block md-p\"><span class=\"md-plain\">Ceremonias reales<\/span><\/p>\n<\/li>\n<li class=\"md-list-item\">\n<p class=\"md-end-block md-p\"><span class=\"md-plain\">Fiestas en el jard\u00edn<\/span><\/p>\n<\/li>\n<li class=\"md-list-item\">\n<p class=\"md-end-block md-p\"><span class=\"md-plain\">Paseos hist\u00f3ricos<\/span><\/p>\n<\/li>\n<li class=\"md-list-item\">\n<p class=\"md-end-block md-p\"><span class=\"md-plain\">Visitas a galer\u00edas<\/span><\/p>\n<\/li>\n<li class=\"md-list-item\">\n<p class=\"md-end-block md-p\"><span class=\"md-plain\">Conciertos nocturnos<\/span><\/p>\n<\/li>\n<\/ul>\n<h3 class=\"md-end-block md-heading\"><span class=\"md-plain\">Recomendaciones de maquillaje<\/span><\/h3>\n<ul class=\"ul-list\" data-mark=\"-\">\n<li class=\"md-list-item\">\n<p class=\"md-end-block md-p\"><span class=\"md-plain\">Resplandor de Westminster<\/span><\/p>\n<\/li>\n<li class=\"md-list-item\">\n<p class=\"md-end-block md-p\"><span class=\"md-plain\">Brillo Perla del T\u00e1mesis<\/span><\/p>\n<\/li>\n<li class=\"md-list-item\">\n<p class=\"md-end-block md-p\"><span class=\"md-plain\">Tinte para cristales Rose<\/span><\/p>\n<\/li>\n<li class=\"md-list-item\">\n<p class=\"md-end-block md-p\"><span class=\"md-plain\">Sombra g\u00f3tica<\/span><\/p>\n<\/li>\n<li class=\"md-list-item\">\n<p class=\"md-end-block md-p\"><span class=\"md-plain\">Cejas reales<\/span><\/p>\n<\/li>\n<li class=\"md-list-item\">\n<p class=\"md-end-block md-p\"><span class=\"md-plain\">Liner de piedra de Londres<\/span><\/p>\n<\/li>\n<li class=\"md-list-item\">\n<p class=\"md-end-block md-p\"><span class=\"md-plain\">Patrimonio destacado<\/span><\/p>\n<\/li>\n<\/ul>\n<h2 class=\"md-end-block md-heading\"><span class=\"md-plain\">Gu\u00eda de estilo<\/span><\/h2>\n<h3 class=\"md-end-block md-heading\"><span class=\"md-plain\">Colores complementarios<\/span><\/h3>\n<ul class=\"ul-list\" data-mark=\"-\">\n<li class=\"md-list-item\">\n<p class=\"md-end-block md-p\"><span class=\"md-plain\">Westminster rosa<\/span><\/p>\n<\/li>\n<li class=\"md-list-item\">\n<p class=\"md-end-block md-p\"><span class=\"md-plain\">Piedra de Portland<\/span><\/p>\n<\/li>\n<li class=\"md-list-item\">\n<p class=\"md-end-block md-p\"><span class=\"md-plain\">Rosa del T\u00e1mesis<\/span><\/p>\n<\/li>\n<li class=\"md-list-item\">\n<p class=\"md-end-block md-p\"><span class=\"md-plain\">Abad\u00eda de Oro<\/span><\/p>\n<\/li>\n<li class=\"md-list-item\">\n<p class=\"md-end-block md-p\"><span class=\"md-plain\">Parlamento Gris<\/span><\/p>\n<\/li>\n<li class=\"md-list-item\">\n<p class=\"md-end-block md-p\"><span class=\"md-plain\">Niebla de Londres<\/span><\/p>\n<\/li>\n<li class=\"md-list-item\">\n<p class=\"md-end-block md-p\"><span class=\"md-plain\">Rosa g\u00f3tica<\/span><\/p>\n<\/li>\n<li class=\"md-list-item\">\n<p class=\"md-end-block md-p\"><span class=\"md-plain\">Colorete real<\/span><\/p>\n<\/li>\n<\/ul>\n<h3 class=\"md-end-block md-heading\"><span class=\"md-plain\">Accesorios perfectos<\/span><\/h3>\n<ul class=\"ul-list\" data-mark=\"-\">\n<li class=\"md-list-item\">\n<p class=\"md-end-block md-p\"><span class=\"md-plain\">Perlas del patrimonio<\/span><\/p>\n<\/li>\n<li class=\"md-list-item\">\n<p class=\"md-end-block md-p\"><span class=\"md-plain\">Encaje g\u00f3tico<\/span><\/p>\n<\/li>\n<li class=\"md-list-item\">\n<p class=\"md-end-block md-p\"><span class=\"md-plain\">Broches reales<\/span><\/p>\n<\/li>\n<li class=\"md-list-item\">\n<p class=\"md-end-block md-p\"><span class=\"md-plain\">Cristales del T\u00e1mesis<\/span><\/p>\n<\/li>\n<li class=\"md-list-item\">\n<p class=\"md-end-block md-p\"><span class=\"md-plain\">Piedra de Londres<\/span><\/p>\n<\/li>\n<li class=\"md-list-item\">\n<p class=\"md-end-block md-p\"><span class=\"md-plain\">Sedas de catedral<\/span><\/p>\n<\/li>\n<li class=\"md-list-item\">\n<p class=\"md-end-block md-p\"><span class=\"md-plain\">Westminster Oro<\/span><\/p>\n<\/li>\n<\/ul>\n<h2 class=\"md-end-block md-heading\"><span class=\"md-plain\">Certificaci\u00f3n<\/span><\/h2>\n<p class=\"md-end-block md-p\"><span class=\"md-plain\">Certificado CE y FDA para elegancia parlamentaria<\/span><\/p>\n<h2 class=\"md-end-block md-heading\"><span class=\"md-plain\">Confort<\/span><\/h2>\n<p class=\"md-end-block md-p\"><span class=\"md-plain\">Dise\u00f1ado para la grandeza ceremonial y los sue\u00f1os hist\u00f3ricos<\/span><\/p>\n<h2 class=\"md-end-block md-heading\"><span class=\"md-plain\">\u00a1Vive la magia de Westminster! \u2728<\/span><\/h2>\n<p class=\"md-end-block md-p\"><span class=\"md-plain\">Transforma tu mirada con nuestras lentes de contacto Dreamy Westminster Pink. Deja que tus ojos reflejen la majestuosidad atemporal del coraz\u00f3n hist\u00f3rico de Gran Breta\u00f1a.<\/span><\/p>\n<p class=\"md-end-block md-p md-focus\"><span class=\"md-plain md-expand\">#WestminsterLenses #LondonBeauty #PinkEyes #HeritageStyle #RoyalGrace #DreamyLook #ContactLenses #LondonGlam #CathedralChic #ParliamentMagic<\/span><\/p>","protected":false},"excerpt":{"rendered":"<p>Dreamy Westminster Pink Contact Lenses | Royal City Elegance \ud83d\udc51 Westminster Design Heritage Our Westminster Pink Contact Lenses capture the romantic essence of London&#8217;s historic heart. Inspired by the rose-tinted reflections in the Thames at sunset and the warm stone glow of Parliament, these lenses blend subtle pink hues with golden Westminster stone highlights. Each [&#8230;]\n","protected":false},"featured_media":1962,"comment_status":"open","ping_status":"closed","template":"","meta":[],"product_brand":[],"product_cat":[74,92,188,98],"product_tag":[],"class_list":{"0":"post-1960","1":"product","2":"type-product","3":"status-publish","4":"has-post-thumbnail","6":"product_cat-pink-contact-lenses","7":"product_cat-14-5-mm","8":"product_cat-dream-contacts","9":"product_cat-yearly-disposable","11":"first","12":"instock","13":"sale","14":"shipping-taxable","15":"purchasable","16":"product-type-variable","17":"has-default-attributes"},"_links":{"self":[{"href":"https:\/\/bqeye.com\/es\/wp-json\/wp\/v2\/product\/1960","targetHints":{"allow":["GET"]}}],"collection":[{"href":"https:\/\/bqeye.com\/es\/wp-json\/wp\/v2\/product"}],"about":[{"href":"https:\/\/bqeye.com\/es\/wp-json\/wp\/v2\/types\/product"}],"replies":[{"embeddable":true,"href":"https:\/\/bqeye.com\/es\/wp-json\/wp\/v2\/comments?post=1960"}],"wp:featuredmedia":[{"embeddable":true,"href":"https:\/\/bqeye.com\/es\/wp-json\/wp\/v2\/media\/1962"}],"wp:attachment":[{"href":"https:\/\/bqeye.com\/es\/wp-json\/wp\/v2\/media?parent=1960"}],"wp:term":[{"taxonomy":"product_brand","embeddable":true,"href":"https:\/\/bqeye.com\/es\/wp-json\/wp\/v2\/product_brand?post=1960"},{"taxonomy":"product_cat","embeddable":true,"href":"https:\/\/bqeye.com\/es\/wp-json\/wp\/v2\/product_cat?post=1960"},{"taxonomy":"product_tag","embeddable":true,"href":"https:\/\/bqeye.com\/es\/wp-json\/wp\/v2\/product_tag?post=1960"}],"curies":[{"name":"wp","href":"https:\/\/api.w.org\/{rel}","templated":true}]}}