{"id":1966,"date":"2025-01-07T13:50:33","date_gmt":"2025-01-07T05:50:33","guid":{"rendered":"https:\/\/bqeye.com\/?post_type=product&#038;p=1966"},"modified":"2025-01-07T13:51:56","modified_gmt":"2025-01-07T05:51:56","slug":"dreaming-stonehenge-blue-green-contact-lenses","status":"publish","type":"product","link":"https:\/\/bqeye.com\/es\/dreaming-stonehenge-blue-green-contact-lenses\/","title":{"rendered":"Lentes de contacto azul-verde Dreaming Stonehenge"},"content":{"rendered":"<h1 class=\"md-end-block md-heading\"><span class=\"md-plain md-expand\">\u2728 Lentes de contacto azul-verde Dreaming Stonehenge: \u00a1Tu mirada m\u00edstica te espera!<\/span><\/h1>\n<h2 class=\"md-end-block md-heading\"><span class=\"md-plain\">\ud83d\udcab Inspiraci\u00f3n en el dise\u00f1o<\/span><\/h2>\n<p class=\"md-end-block md-p\"><span class=\"md-plain\">Estas encantadoras lentes de contacto azul-verde se inspiran en el m\u00edstico Stonehenge al amanecer. Capturan el momento et\u00e9reo en que la niebla matutina se arremolina alrededor de las piedras milenarias. El dise\u00f1o presenta una fascinante mezcla de tonos azules m\u00edsticos y verdes sagrados. El intrincado dise\u00f1o refleja los misteriosos c\u00edrculos de Stonehenge, con sutiles variaciones que cambian como las sombras proyectadas por las piedras al amanecer. Los delicados elementos que captan la luz evocan los primeros rayos de sol que atraviesan la niebla matutina, creando una mirada de otro mundo que cambia con cada mirada, al igual que el aspecto siempre cambiante del antiguo monumento a lo largo del d\u00eda.<\/span><\/p>\n<h2 class=\"md-end-block md-heading\"><span class=\"md-plain\">\ud83c\udf1f Rese\u00f1as de influencers<\/span><\/h2>\n<p class=\"md-end-block md-p\"><span class=\"md-plain\">@MysticBeauty (3,2 millones de seguidores):<\/span> <span class=\"md-plain\">\"Estos objetivos son m\u00e1gicos para mis sesiones fotogr\u00e1ficas al amanecer en lugares antiguos. \u00a1La forma en que captan la luz de la ma\u00f1ana es absolutamente hechizante! \ud83c\udf05\"<\/span><\/p>\n<p class=\"md-end-block md-p\"><span class=\"md-plain\">@DruidicGlow (2,8 millones de seguidores):<\/span> <span class=\"md-plain\">\"\u00a1Perfectos para las celebraciones del solsticio y las ceremonias de luna llena! \u00a1Hacen que mis reuniones espirituales sean a\u00fan m\u00e1s m\u00e1gicas! \u2728\"<\/span><\/p>\n<p class=\"md-end-block md-p\"><span class=\"md-plain\">@WiltshireWanderer (2,4 millones de seguidores):<\/span> <span class=\"md-plain\">\"Tanto si estoy explorando c\u00edrculos de piedras como asistiendo a festivales medievales, \u00a1estas lentillas a\u00f1aden ese toque m\u00edstico perfecto! \ud83c\udf3f\"<\/span><\/p>\n<h2 class=\"md-end-block md-heading\"><span class=\"md-plain\">\ud83d\udc40 Experiencias de los clientes<\/span><\/h2>\n<p class=\"md-end-block md-p\"><span class=\"md-plain\">Emily S. \u2b50\ufe0f\u2b50\ufe0f\u2b50\ufe0f\u2b50\ufe0f\u2b50\ufe0f<\/span> <span class=\"md-plain\">\"\u00a1Incre\u00edblemente c\u00f3modo durante largas caminatas por el campo y visitas a sitios antiguos! El efecto m\u00edstico es absolutamente impresionante\".<\/span><\/p>\n<p class=\"md-end-block md-p\"><span class=\"md-plain\">William H. \u2b50\ufe0f\u2b50\ufe0f\u2b50\ufe0f\u2b50\ufe0f\u2b50\ufe0f<\/span> <span class=\"md-plain\">\"Estas lentillas transforman mi look diario en algo m\u00e1gico, \u00a1perfectas tanto para fiestas paganas como para reuniones informales!\".<\/span><\/p>\n<p class=\"md-end-block md-p\"><span class=\"md-plain\">Sarah M. \u2b50\ufe0f\u2b50\ufe0f\u2b50\ufe0f\u2b50\ufe0f\u2b50\ufe0f<\/span> <span class=\"md-plain\">\"Los ojos m\u00edsticos m\u00e1s naturales que he tenido nunca: \u00a1todo el mundo en mi sociedad de historia local est\u00e1 encantado! \ud83c\udf1f\"<\/span><\/p>\n<h2 class=\"md-end-block md-heading\"><span class=\"md-plain\">\ud83c\udfad Ocasiones perfectas<\/span><\/h2>\n<h3 class=\"md-end-block md-heading\"><span class=\"md-plain\">Magia diaria<\/span><\/h3>\n<ul class=\"ul-list\" data-mark=\"-\">\n<li class=\"md-list-item\">\n<p class=\"md-end-block md-p\"><span class=\"md-plain\">Sesiones matinales de meditaci\u00f3n<\/span><\/p>\n<\/li>\n<li class=\"md-list-item\">\n<p class=\"md-end-block md-p\"><span class=\"md-plain\">Paseos por la naturaleza<\/span><\/p>\n<\/li>\n<li class=\"md-list-item\">\n<p class=\"md-end-block md-p\"><span class=\"md-plain\">Visitas a lugares hist\u00f3ricos<\/span><\/p>\n<\/li>\n<li class=\"md-list-item\">\n<p class=\"md-end-block md-p\"><span class=\"md-plain\">Navegar por una librer\u00eda m\u00edstica<\/span><\/p>\n<\/li>\n<\/ul>\n<h3 class=\"md-end-block md-heading\"><span class=\"md-plain\">Eventos especiales<\/span><\/h3>\n<ul class=\"ul-list\" data-mark=\"-\">\n<li class=\"md-list-item\">\n<p class=\"md-end-block md-p\"><span class=\"md-plain\">Celebraciones del solsticio<\/span><\/p>\n<\/li>\n<li class=\"md-list-item\">\n<p class=\"md-end-block md-p\"><span class=\"md-plain\">Fiestas medievales<\/span><\/p>\n<\/li>\n<li class=\"md-list-item\">\n<p class=\"md-end-block md-p\"><span class=\"md-plain\">Reuniones paganas<\/span><\/p>\n<\/li>\n<li class=\"md-list-item\">\n<p class=\"md-end-block md-p\"><span class=\"md-plain\">Recreaciones hist\u00f3ricas<\/span><\/p>\n<\/li>\n<\/ul>\n<h3 class=\"md-end-block md-heading\"><span class=\"md-plain\">Mejora del maquillaje<\/span><\/h3>\n<ul class=\"ul-list\" data-mark=\"-\">\n<li class=\"md-list-item\">\n<p class=\"md-end-block md-p\"><span class=\"md-plain\">Brillo brumoso de la ma\u00f1ana<\/span><\/p>\n<\/li>\n<li class=\"md-list-item\">\n<p class=\"md-end-block md-p\"><span class=\"md-plain\">Brillo bronce antiguo<\/span><\/p>\n<\/li>\n<li class=\"md-list-item\">\n<p class=\"md-end-block md-p\"><span class=\"md-plain\">Destello de hada del bosque<\/span><\/p>\n<\/li>\n<li class=\"md-list-item\">\n<p class=\"md-end-block md-p\"><span class=\"md-plain\">Ojos ahumados m\u00edsticos<\/span><\/p>\n<\/li>\n<\/ul>\n<h2 class=\"md-end-block md-heading\"><span class=\"md-plain\">\ud83d\udc57 Gu\u00eda de estilo<\/span><\/h2>\n<h3 class=\"md-end-block md-heading\"><span class=\"md-plain\">\"La mirada de Stonehenge\"<\/span><\/h3>\n<ul class=\"ul-list\" data-mark=\"-\">\n<li class=\"md-list-item\">\n<p class=\"md-end-block md-p\"><span class=\"md-plain\">Blancos dru\u00eddicos<\/span><\/p>\n<\/li>\n<li class=\"md-list-item\">\n<p class=\"md-end-block md-p\"><span class=\"md-plain\">Verdes m\u00edsticos<\/span><\/p>\n<\/li>\n<li class=\"md-list-item\">\n<p class=\"md-end-block md-p\"><span class=\"md-plain\">Grises piedra antiguos<\/span><\/p>\n<\/li>\n<li class=\"md-list-item\">\n<p class=\"md-end-block md-p\"><span class=\"md-plain\">Azules sagrados<\/span><\/p>\n<\/li>\n<\/ul>\n<h3 class=\"md-end-block md-heading\"><span class=\"md-plain\">Accesorios m\u00e1gicos<\/span><\/h3>\n<ul class=\"ul-list\" data-mark=\"-\">\n<li class=\"md-list-item\">\n<p class=\"md-end-block md-p\"><span class=\"md-plain\">Joyas celtas<\/span><\/p>\n<\/li>\n<li class=\"md-list-item\">\n<p class=\"md-end-block md-p\"><span class=\"md-plain\">Cristales naturales<\/span><\/p>\n<\/li>\n<li class=\"md-list-item\">\n<p class=\"md-end-block md-p\"><span class=\"md-plain\">Talismanes de bronce<\/span><\/p>\n<\/li>\n<li class=\"md-list-item\">\n<p class=\"md-end-block md-p\"><span class=\"md-plain\">Bufandas fluidas<\/span><\/p>\n<\/li>\n<\/ul>\n<h3 class=\"md-end-block md-heading\"><span class=\"md-plain\">Estilismo de temporada<\/span><\/h3>\n<ul class=\"ul-list\" data-mark=\"-\">\n<li class=\"md-list-item\">\n<p class=\"md-end-block md-p\"><span class=\"md-plain\">Primavera: Brumosos amaneceres pastel<\/span><\/p>\n<\/li>\n<li class=\"md-list-item\">\n<p class=\"md-end-block md-p\"><span class=\"md-plain\">Verano: Brillos de solsticio<\/span><\/p>\n<\/li>\n<li class=\"md-list-item\">\n<p class=\"md-end-block md-p\"><span class=\"md-plain\">Oto\u00f1o: Tonos tierra m\u00edsticos<\/span><\/p>\n<\/li>\n<li class=\"md-list-item\">\n<p class=\"md-end-block md-p\"><span class=\"md-plain\">Invierno: La tristeza de la noche sagrada<\/span><\/p>\n<\/li>\n<\/ul>\n<h2 class=\"md-end-block md-heading\"><span class=\"md-plain\">\u2728 Seguridad y confort<\/span><\/h2>\n<p class=\"md-end-block md-p\"><span class=\"md-plain\">Con certificaci\u00f3n CE y FDA para un confort tan duradero como las propias piedras milenarias.<\/span><\/p>\n<h2 class=\"md-end-block md-heading\"><span class=\"md-plain\">\ud83d\udcab \u00a1Vive la magia!<\/span><\/h2>\n<p class=\"md-end-block md-p\"><span class=\"md-plain\">\u00a1Transforma tu mirada con el poder m\u00edstico de Stonehenge!<\/span><\/p>\n<p class=\"md-end-block md-p md-focus\"><span class=\"md-plain md-expand\">#StonehengeGlow #MysticalEyes #AncientBeauty #DruidicStyle #ContactLenses #SacredBeauty #BritishMystic<\/span><\/p>","protected":false},"excerpt":{"rendered":"<p>\u2728 Dreaming Stonehenge Blue-Green Contact Lenses: Your Mystical Gaze Awaits! \ud83d\udcab Design Inspiration These enchanting blue-green contact lenses draw their mystical inspiration from Stonehenge at dawn. Capturing the ethereal moment when morning mist swirls around the ancient stones, the design features a mesmerizing blend of mystical blue and sacred green hues. The intricate pattern mirrors [&#8230;]\n","protected":false},"featured_media":1968,"comment_status":"open","ping_status":"closed","template":"","meta":[],"product_brand":[],"product_cat":[75,92,188,77,98],"product_tag":[],"class_list":{"0":"post-1966","1":"product","2":"type-product","3":"status-publish","4":"has-post-thumbnail","6":"product_cat-blue-contact-lenses","7":"product_cat-14-5-mm","8":"product_cat-dream-contacts","9":"product_cat-green-contact-lenses","10":"product_cat-yearly-disposable","12":"first","13":"instock","14":"sale","15":"shipping-taxable","16":"purchasable","17":"product-type-variable","18":"has-default-attributes"},"_links":{"self":[{"href":"https:\/\/bqeye.com\/es\/wp-json\/wp\/v2\/product\/1966","targetHints":{"allow":["GET"]}}],"collection":[{"href":"https:\/\/bqeye.com\/es\/wp-json\/wp\/v2\/product"}],"about":[{"href":"https:\/\/bqeye.com\/es\/wp-json\/wp\/v2\/types\/product"}],"replies":[{"embeddable":true,"href":"https:\/\/bqeye.com\/es\/wp-json\/wp\/v2\/comments?post=1966"}],"wp:featuredmedia":[{"embeddable":true,"href":"https:\/\/bqeye.com\/es\/wp-json\/wp\/v2\/media\/1968"}],"wp:attachment":[{"href":"https:\/\/bqeye.com\/es\/wp-json\/wp\/v2\/media?parent=1966"}],"wp:term":[{"taxonomy":"product_brand","embeddable":true,"href":"https:\/\/bqeye.com\/es\/wp-json\/wp\/v2\/product_brand?post=1966"},{"taxonomy":"product_cat","embeddable":true,"href":"https:\/\/bqeye.com\/es\/wp-json\/wp\/v2\/product_cat?post=1966"},{"taxonomy":"product_tag","embeddable":true,"href":"https:\/\/bqeye.com\/es\/wp-json\/wp\/v2\/product_tag?post=1966"}],"curies":[{"name":"wp","href":"https:\/\/api.w.org\/{rel}","templated":true}]}}