{"id":2026,"date":"2025-01-08T20:28:47","date_gmt":"2025-01-08T12:28:47","guid":{"rendered":"https:\/\/bqeye.com\/?post_type=product&#038;p=2026"},"modified":"2025-01-08T20:29:43","modified_gmt":"2025-01-08T12:29:43","slug":"camden-jade-contact-lenses","status":"publish","type":"product","link":"https:\/\/bqeye.com\/es\/camden-jade-contact-lenses\/","title":{"rendered":"Lentes de contacto Camden Jade"},"content":{"rendered":"<h1 class=\"md-end-block md-heading\"><span class=\"md-plain md-expand\">Lentes de contacto Camden Jade: El chic urbano se une a la belleza natural \ud83c\udf3f<\/span><\/h1>\n<h2 class=\"md-end-block md-heading\"><span class=\"md-plain\">Inspiraci\u00f3n de dise\u00f1o e historia del color<\/span><\/h2>\n<p class=\"md-end-block md-p\"><span class=\"md-plain\">Estos <\/span><span class=\"md-pair-s\"><strong><span class=\"md-plain\">Lentes de contacto Camden Jade<\/span><\/strong><\/span><span class=\"md-plain\"> combinan la sofisticaci\u00f3n urbana de Londres con el encanto atemporal de la piedra de jade. Con un dise\u00f1o \u00fanico inspirado en el esp\u00edritu ecl\u00e9ctico del mercado de Camden, cada lente combina profundos tonos jade con sutiles matices esmeralda. El dise\u00f1o crea un equilibrio perfecto entre lo llamativo y lo sofisticado, ideal para el creador de tendencias moderno.<\/span><\/p>\n<h2 class=\"md-end-block md-heading\"><span class=\"md-plain\">Rese\u00f1as de influencers<\/span><\/h2>\n<p class=\"md-end-block md-p\"><span class=\"md-plain\">@LondonStyle (1,9 millones de seguidores): \"Estos <\/span><span class=\"md-pair-s\"><strong><span class=\"md-plain\">Las lentes de contacto Camden Jade son perfectas para las sesiones de street style<\/span><\/strong><\/span><span class=\"md-plain\"> - \u00a1captan ese borde ic\u00f3nico de Londres! \ud83d\udc9a\"<\/span><\/p>\n<p class=\"md-end-block md-p\"><span class=\"md-plain\">@UrbanGlow (1,3 millones de seguidores): \"El <\/span><span class=\"md-pair-s\"><strong><span class=\"md-plain\">Las lentes de contacto Camden Jade aportan car\u00e1cter a mis looks editoriales<\/span><\/strong><\/span><span class=\"md-plain\"> - \u00a1absolutamente impresionante! \u2728\"<\/span><\/p>\n<p class=\"md-end-block md-p\"><span class=\"md-plain\">@CityChic (880K seguidores): \"Durante la semana de la moda, estos <\/span><span class=\"md-pair-s\"><strong><span class=\"md-plain\">Las lentes Camden Jade llaman la atenci\u00f3n<\/span><\/strong><\/span><span class=\"md-plain\"> - \u00a1pura actitud londinense! \ud83c\udf1f\"<\/span><\/p>\n<h2 class=\"md-end-block md-heading\"><span class=\"md-plain\">Experiencias reales de los clientes<\/span><\/h2>\n<p class=\"md-end-block md-p\"><span class=\"md-plain\">\"Estos <\/span><span class=\"md-pair-s\"><strong><span class=\"md-plain\">Las lentes de contacto Camden Jade sientan de maravilla durante las reuniones creativas<\/span><\/strong><\/span><span class=\"md-plain\">, \u00a1perfecto para mis eventos en galer\u00edas de arte! \ud83c\udfa8\"<\/span><\/p>\n<p class=\"md-end-block md-p\"><span class=\"md-plain\">\"La <\/span><span class=\"md-pair-s\"><strong><span class=\"md-plain\">Las lentes de contacto Camden Jade aportan un toque especial a mi fotograf\u00eda callejera<\/span><\/strong><\/span><span class=\"md-plain\"> - \u00a1totalmente transformador! \ud83d\udcf8\"<\/span><\/p>\n<p class=\"md-end-block md-p\"><span class=\"md-plain\">\"Me encanta c\u00f3mo estos <\/span><span class=\"md-pair-s\"><strong><span class=\"md-plain\">Las lentes de jade de Camden marcan la pauta en los locales de m\u00fasica<\/span><\/strong><\/span><span class=\"md-plain\"> - \u00a1tan t\u00edpicamente londinense! \ud83c\udfb8\"<\/span><\/p>\n<h2 class=\"md-end-block md-heading\"><span class=\"md-plain\">Ocasiones perfectas<\/span><\/h2>\n<h3 class=\"md-end-block md-heading\"><span class=\"md-plain\">Aventuras urbanas<\/span><\/h3>\n<ul class=\"ul-list\" data-mark=\"-\">\n<li class=\"md-list-item\">\n<p class=\"md-end-block md-p\"><span class=\"md-plain\">Inauguraciones de galer\u00edas<\/span><\/p>\n<\/li>\n<li class=\"md-list-item\">\n<p class=\"md-end-block md-p\"><span class=\"md-plain\">Festivales de m\u00fasica<\/span><\/p>\n<\/li>\n<li class=\"md-list-item\">\n<p class=\"md-end-block md-p\"><span class=\"md-plain\">Mercadillos<\/span><\/p>\n<\/li>\n<\/ul>\n<h3 class=\"md-end-block md-heading\"><span class=\"md-plain\">Ajustes profesionales<\/span><\/h3>\n<ul class=\"ul-list\" data-mark=\"-\">\n<li class=\"md-list-item\">\n<p class=\"md-end-block md-p\"><span class=\"md-plain\">Reuniones creativas<\/span><\/p>\n<\/li>\n<li class=\"md-list-item\">\n<p class=\"md-end-block md-p\"><span class=\"md-plain\">Eventos de moda<\/span><\/p>\n<\/li>\n<li class=\"md-list-item\">\n<p class=\"md-end-block md-p\"><span class=\"md-plain\">Apariciones en los medios de comunicaci\u00f3n<\/span><\/p>\n<\/li>\n<\/ul>\n<h2 class=\"md-end-block md-heading\"><span class=\"md-plain\">Gu\u00eda de combinaciones de maquillaje<\/span><\/h2>\n<h3 class=\"md-end-block md-heading\"><span class=\"md-plain\">Look urbano de d\u00eda<\/span><\/h3>\n<ul class=\"ul-list\" data-mark=\"-\">\n<li class=\"md-list-item\">\n<p class=\"md-end-block md-p\"><span class=\"md-plain\">Piel h\u00fameda<\/span><\/p>\n<\/li>\n<li class=\"md-list-item\">\n<p class=\"md-end-block md-p\"><span class=\"md-plain\">Detalles met\u00e1licos<\/span><\/p>\n<\/li>\n<li class=\"md-list-item\">\n<p class=\"md-end-block md-p\"><span class=\"md-plain\">Cejas atrevidas<\/span><\/p>\n<\/li>\n<\/ul>\n<h3 class=\"md-end-block md-heading\"><span class=\"md-plain\">Escena nocturna<\/span><\/h3>\n<ul class=\"ul-list\" data-mark=\"-\">\n<li class=\"md-list-item\">\n<p class=\"md-end-block md-p\"><span class=\"md-plain\">Forro gr\u00e1fico<\/span><\/p>\n<\/li>\n<li class=\"md-list-item\">\n<p class=\"md-end-block md-p\"><span class=\"md-plain\">Reflejos brillantes<\/span><\/p>\n<\/li>\n<li class=\"md-list-item\">\n<p class=\"md-end-block md-p\"><span class=\"md-plain\">Labios atrevidos<\/span><\/p>\n<\/li>\n<\/ul>\n<h2 class=\"md-end-block md-heading\"><span class=\"md-plain\">Coordinaci\u00f3n de estilo<\/span><\/h2>\n<h3 class=\"md-end-block md-heading\"><span class=\"md-plain\">Colores de la ropa<\/span><\/h3>\n<ul class=\"ul-list\" data-mark=\"-\">\n<li class=\"md-list-item\">\n<p class=\"md-end-block md-p\"><span class=\"md-plain\">Negro vintage<\/span><\/p>\n<\/li>\n<li class=\"md-list-item\">\n<p class=\"md-end-block md-p\"><span class=\"md-plain\">Gris industrial<\/span><\/p>\n<\/li>\n<li class=\"md-list-item\">\n<p class=\"md-end-block md-p\"><span class=\"md-plain\">Jade profundo<\/span><\/p>\n<\/li>\n<li class=\"md-list-item\">\n<p class=\"md-end-block md-p\"><span class=\"md-plain\">Plata metalizada<\/span><\/p>\n<\/li>\n<\/ul>\n<h3 class=\"md-end-block md-heading\"><span class=\"md-plain\">Accesorios<\/span><\/h3>\n<ul class=\"ul-list\" data-mark=\"-\">\n<li class=\"md-list-item\">\n<p class=\"md-end-block md-p\"><span class=\"md-plain\">Metales mixtos<\/span><\/p>\n<\/li>\n<li class=\"md-list-item\">\n<p class=\"md-end-block md-p\"><span class=\"md-plain\">Cristales en bruto<\/span><\/p>\n<\/li>\n<li class=\"md-list-item\">\n<p class=\"md-end-block md-p\"><span class=\"md-plain\">Detalles en piel<\/span><\/p>\n<\/li>\n<\/ul>\n<h3 class=\"md-end-block md-heading\"><span class=\"md-plain\">Consejos de estilo estacionales<\/span><\/h3>\n<ul class=\"ul-list\" data-mark=\"-\">\n<li class=\"md-list-item\">\n<p class=\"md-end-block md-p\"><span class=\"md-plain\">Primavera\/Verano: Comb\u00ednalo con ropa de calle<\/span><\/p>\n<\/li>\n<li class=\"md-list-item\">\n<p class=\"md-end-block md-p\"><span class=\"md-plain\">Oto\u00f1o\/invierno: Capas con piezas vintage<\/span><\/p>\n<\/li>\n<\/ul>\n<h2 class=\"md-end-block md-heading\"><span class=\"md-plain\">Confort y seguridad<\/span><\/h2>\n<p class=\"md-end-block md-p\"><span class=\"md-plain\">En <\/span><span class=\"md-pair-s\"><strong><span class=\"md-plain\">Lentes de contacto Camden Jade<\/span><\/strong><\/span><span class=\"md-plain\"> cuentan con materiales certificados por la CE y la FDA, dise\u00f1ados para ofrecer comodidad durante las largas aventuras por la ciudad. Su avanzada tecnolog\u00eda antihumedad garantiza un frescor duradero durante tus exploraciones urbanas.<\/span><\/p>\n<p class=\"md-end-block md-p md-focus\"><span class=\"md-plain\">\u2728 Expresa tu estilo \u00fanico con <\/span><span class=\"md-pair-s\"><strong><span class=\"md-plain\">Lentes de contacto Camden Jade<\/span><\/strong><\/span><span class=\"md-plain md-expand\"> - Donde la vanguardia londinense se encuentra con el encanto natural.<\/span><\/p>","protected":false},"excerpt":{"rendered":"<p>Camden Jade Contact Lenses: Urban Chic Meets Natural Beauty \ud83c\udf3f Design Inspiration &amp; Color Story These Camden Jade Contact Lenses blend London&#8217;s urban sophistication with the timeless allure of jade stone. Featuring a unique pattern inspired by the eclectic spirit of Camden Market, each lens combines deep jade tones with subtle emerald undertones. The design [&#8230;]\n","protected":false},"featured_media":2028,"comment_status":"open","ping_status":"closed","template":"","meta":[],"product_brand":[],"product_cat":[77,91,188,98],"product_tag":[],"class_list":{"0":"post-2026","1":"product","2":"type-product","3":"status-publish","4":"has-post-thumbnail","6":"product_cat-green-contact-lenses","7":"product_cat-14-2-mm","8":"product_cat-dream-contacts","9":"product_cat-yearly-disposable","11":"first","12":"instock","13":"sale","14":"shipping-taxable","15":"purchasable","16":"product-type-variable","17":"has-default-attributes"},"_links":{"self":[{"href":"https:\/\/bqeye.com\/es\/wp-json\/wp\/v2\/product\/2026","targetHints":{"allow":["GET"]}}],"collection":[{"href":"https:\/\/bqeye.com\/es\/wp-json\/wp\/v2\/product"}],"about":[{"href":"https:\/\/bqeye.com\/es\/wp-json\/wp\/v2\/types\/product"}],"replies":[{"embeddable":true,"href":"https:\/\/bqeye.com\/es\/wp-json\/wp\/v2\/comments?post=2026"}],"wp:featuredmedia":[{"embeddable":true,"href":"https:\/\/bqeye.com\/es\/wp-json\/wp\/v2\/media\/2028"}],"wp:attachment":[{"href":"https:\/\/bqeye.com\/es\/wp-json\/wp\/v2\/media?parent=2026"}],"wp:term":[{"taxonomy":"product_brand","embeddable":true,"href":"https:\/\/bqeye.com\/es\/wp-json\/wp\/v2\/product_brand?post=2026"},{"taxonomy":"product_cat","embeddable":true,"href":"https:\/\/bqeye.com\/es\/wp-json\/wp\/v2\/product_cat?post=2026"},{"taxonomy":"product_tag","embeddable":true,"href":"https:\/\/bqeye.com\/es\/wp-json\/wp\/v2\/product_tag?post=2026"}],"curies":[{"name":"wp","href":"https:\/\/api.w.org\/{rel}","templated":true}]}}