{"id":2038,"date":"2025-01-08T21:20:25","date_gmt":"2025-01-08T13:20:25","guid":{"rendered":"https:\/\/bqeye.com\/?post_type=product&#038;p=2038"},"modified":"2025-01-08T21:21:39","modified_gmt":"2025-01-08T13:21:39","slug":"milky-coffee-amber-contact-lenses","status":"publish","type":"product","link":"https:\/\/bqeye.com\/es\/milky-coffee-amber-contact-lenses\/","title":{"rendered":"Lentes de contacto caf\u00e9 con leche \u00e1mbar"},"content":{"rendered":"<h1 class=\"md-end-block md-heading\"><span class=\"md-plain md-expand\">Lentes de contacto de color \u00e1mbar caf\u00e9 con leche: Mejora de la mirada encantadora \u2727<\/span><\/h1>\n<h2 class=\"md-end-block md-heading\"><span class=\"md-plain\">Inspiraci\u00f3n en el dise\u00f1o y simbolismo del color<\/span><\/h2>\n<p class=\"md-end-block md-p\"><span class=\"md-plain\">En <\/span><span class=\"md-pair-s\"><strong><span class=\"md-plain\">Lentes de contacto caf\u00e9 con leche \u00e1mbar<\/span><\/strong><\/span><span class=\"md-plain\"> se inspiran en el arte de la cultura del caf\u00e9 de alta gama y en la calidez de los atardeceres \u00e1mbar. El dise\u00f1o captura el fascinante momento en que el rico espresso se encuentra con la cremosa leche, creando perfectos remolinos de arte cafetero. Esta sofisticada mezcla representa la armon\u00eda entre fuerza y suavidad.<\/span><\/p>\n<p class=\"md-end-block md-p\"><span class=\"md-plain\">El anillo exterior de color marr\u00f3n intenso evoca la intensidad de los granos de caf\u00e9 reci\u00e9n tostados, mientras que los tonos \u00e1mbar del interior reflejan el c\u00e1lido abrazo de la hora dorada. Esta dualidad crea una profundidad cautivadora que agranda los ojos de forma natural. Las intrincadas transiciones de color reflejan las capas que se encuentran en el arte del caf\u00e9 con leche perfectamente elaborado, donde cada anillo cuenta su propia historia.<\/span><\/p>\n<p class=\"md-end-block md-p\"><span class=\"md-plain\">Estas lentes encarnan el equilibrio perfecto entre impacto dram\u00e1tico y belleza natural. El anillo exterior inspirado en el caf\u00e9 no s\u00f3lo crea un efecto de agrandamiento, sino que tambi\u00e9n a\u00f1ade una misteriosa profundidad a la mirada. Mientras tanto, los matices \u00e1mbar aportan calidez y dimensi\u00f3n, haciendo que los ojos parezcan m\u00e1s vivos y expresivos.<\/span><\/p>\n<p class=\"md-end-block md-p\"><span class=\"md-plain\">La filosof\u00eda del dise\u00f1o celebra el poder transformador de la cultura del caf\u00e9: c\u00f3mo algo tan simple como el caf\u00e9 y la leche pueden crear una belleza extraordinaria. Este concepto se traduce en un embellecimiento de los ojos lujoso y natural.<\/span><\/p>\n<h2 class=\"md-end-block md-heading\"><span class=\"md-plain\">Rese\u00f1as de influencers<\/span><\/h2>\n<p class=\"md-end-block md-p\"><span class=\"md-plain\">@CoffeeBeautyQueen (1,2 millones de seguidores): \"\u00a1Estas lentillas son mi arma secreta para la creaci\u00f3n de contenidos! El efecto ampliado es muy natural y los tonos \u00e1mbar-caf\u00e9 hacen que mis ojos destaquen con cualquier iluminaci\u00f3n. Perfectas para mis v\u00eddeos de rese\u00f1as de cafeter\u00edas\". \u2615\ufe0f\u2728\"<\/span><\/p>\n<p class=\"md-end-block md-p\"><span class=\"md-plain\">@StyleSiren (890K seguidores): \"El anillo exterior oscuro me da ese efecto perfecto de agrandar los ojos que siempre he querido. Me los puse en la Semana de la Moda y todo el mundo me preguntaba por mis ojos hipnotizadores. \ud83d\udc40\"<\/span><\/p>\n<p class=\"md-end-block md-p\"><span class=\"md-plain\">@BeautyInsider (750K seguidores): \"\u00a1Por fin he encontrado mis lentillas del santo grial! Los tonos caf\u00e9 con leche combinan perfectamente con mi color de ojos natural, mientras que el anillo exterior hace que mis ojos parezcan mucho m\u00e1s grandes. Ahora las uso en todos mis tutoriales de belleza\". \ud83d\udcab\"<\/span><\/p>\n<h2 class=\"md-end-block md-heading\"><span class=\"md-plain\">Experiencias de los usuarios<\/span><\/h2>\n<p class=\"md-end-block md-p\"><span class=\"md-plain\">\"El efecto agrandado es impresionante a la vez que natural. Mis compa\u00f1eros no paran de elogiarme los ojos durante las reuniones, \u00a1sin darse cuenta de que llevo lentillas! \ud83d\ude0a\".<\/span><\/p>\n<p class=\"md-end-block md-p\"><span class=\"md-plain\">\"Me encantan, hacen que mis ojos parezcan mucho m\u00e1s grandes sin ser obvios. Perfectas para el d\u00eda a d\u00eda, especialmente durante mis turnos de camarera, cuando necesito un aspecto fresco y natural. \u2728\"<\/span><\/p>\n<p class=\"md-end-block md-p\"><span class=\"md-plain\">\"Estas lentillas han transformado mi mirada por completo. El anillo exterior oscuro hace que mis ojos destaquen, mientras que los tonos \u00e1mbar a\u00f1aden una calidez preciosa. \u00a1Imprescindibles para mis sesiones de fotos! \ud83d\udc95\"<\/span><\/p>\n<h2 class=\"md-end-block md-heading\"><span class=\"md-plain\">Ocasiones perfectas<\/span><\/h2>\n<h3 class=\"md-end-block md-heading\"><span class=\"md-plain\">Ropa diaria<\/span><\/h3>\n<ul class=\"ul-list\" data-mark=\"-\">\n<li class=\"md-list-item\">\n<p class=\"md-end-block md-p\"><span class=\"md-plain\">Citas en cafeter\u00edas<\/span><\/p>\n<\/li>\n<li class=\"md-list-item\">\n<p class=\"md-end-block md-p\"><span class=\"md-plain\">Reuniones de trabajo<\/span><\/p>\n<\/li>\n<li class=\"md-list-item\">\n<p class=\"md-end-block md-p\"><span class=\"md-plain\">Viajes de compras<\/span><\/p>\n<\/li>\n<li class=\"md-list-item\">\n<p class=\"md-end-block md-p\"><span class=\"md-plain\">Salidas informales<\/span><\/p>\n<\/li>\n<\/ul>\n<h3 class=\"md-end-block md-heading\"><span class=\"md-plain\">Eventos especiales<\/span><\/h3>\n<ul class=\"ul-list\" data-mark=\"-\">\n<li class=\"md-list-item\">\n<p class=\"md-end-block md-p\"><span class=\"md-plain\">Sesiones fotogr\u00e1ficas<\/span><\/p>\n<\/li>\n<li class=\"md-list-item\">\n<p class=\"md-end-block md-p\"><span class=\"md-plain\">Reuniones sociales<\/span><\/p>\n<\/li>\n<li class=\"md-list-item\">\n<p class=\"md-end-block md-p\"><span class=\"md-plain\">Presentaciones profesionales<\/span><\/p>\n<\/li>\n<li class=\"md-list-item\">\n<p class=\"md-end-block md-p\"><span class=\"md-plain\">Actos nocturnos<\/span><\/p>\n<\/li>\n<\/ul>\n<h2 class=\"md-end-block md-heading\"><span class=\"md-plain\">Gu\u00eda de estilo<\/span><\/h2>\n<h3 class=\"md-end-block md-heading\"><span class=\"md-plain\">Emparejamiento de maquillaje<\/span><\/h3>\n<ul class=\"ul-list\" data-mark=\"-\">\n<li class=\"md-list-item\">\n<p class=\"md-end-block md-p\"><span class=\"md-plain\">Look natural: Sombras marrones suaves<\/span><\/p>\n<\/li>\n<li class=\"md-list-item\">\n<p class=\"md-end-block md-p\"><span class=\"md-plain\">Estilo dram\u00e1tico: smokey eye dorado<\/span><\/p>\n<\/li>\n<li class=\"md-list-item\">\n<p class=\"md-end-block md-p\"><span class=\"md-plain\">Casual chic: Tonos neutros c\u00e1lidos<\/span><\/p>\n<\/li>\n<\/ul>\n<h3 class=\"md-end-block md-heading\"><span class=\"md-plain\">Coordinaci\u00f3n de moda<\/span><\/h3>\n<ul class=\"ul-list\" data-mark=\"-\">\n<li class=\"md-list-item\">\n<p class=\"md-end-block md-p\"><span class=\"md-plain\">Tonos tierra<\/span><\/p>\n<\/li>\n<li class=\"md-list-item\">\n<p class=\"md-end-block md-p\"><span class=\"md-plain\">Neutros c\u00e1lidos<\/span><\/p>\n<\/li>\n<li class=\"md-list-item\">\n<p class=\"md-end-block md-p\"><span class=\"md-plain\">Colores inspirados en el caf\u00e9<\/span><\/p>\n<\/li>\n<li class=\"md-list-item\">\n<p class=\"md-end-block md-p\"><span class=\"md-plain\">Detalles en \u00e1mbar y oro<\/span><\/p>\n<\/li>\n<\/ul>\n<h3 class=\"md-end-block md-heading\"><span class=\"md-plain\">Consejos de estilo estacionales<\/span><\/h3>\n<ul class=\"ul-list\" data-mark=\"-\">\n<li class=\"md-list-item\">\n<p class=\"md-end-block md-p\"><span class=\"md-plain\">Primavera\/Verano: Tejidos ligeros y vaporosos<\/span><\/p>\n<\/li>\n<li class=\"md-list-item\">\n<p class=\"md-end-block md-p\"><span class=\"md-plain\">Oto\u00f1o\/invierno: Texturas ricas y c\u00e1lidas<\/span><\/p>\n<\/li>\n<\/ul>\n<p class=\"md-end-block md-p md-focus\"><span class=\"md-plain\">\u2727 Transforma tu mirada con <\/span><span class=\"md-pair-s\"><strong><span class=\"md-plain\">Lentes de contacto caf\u00e9 con leche \u00e1mbar<\/span><\/strong><\/span><span class=\"md-plain md-expand\"> - \u00a1Donde la elegancia inspirada en el caf\u00e9 se une al realce natural de los ojos! \u2727<\/span><\/p>","protected":false},"excerpt":{"rendered":"<p>Milky Coffee Amber Contact Lenses: Enchanting Gaze Enhancement \u2727 Design Inspiration &amp; Color Symbolism The Milky Coffee Amber Contact Lenses draw their inspiration from the artistry of high-end coffee culture and the warmth of amber sunsets. The design captures the mesmerizing moment when rich espresso meets creamy milk, creating perfect coffee art swirls. This sophisticated [&#8230;]\n","protected":false},"featured_media":2040,"comment_status":"open","ping_status":"closed","template":"","meta":[],"product_brand":[],"product_cat":[80,92,188,158,98],"product_tag":[],"class_list":{"0":"post-2038","1":"product","2":"type-product","3":"status-publish","4":"has-post-thumbnail","6":"product_cat-brown-contact-lenses","7":"product_cat-14-5-mm","8":"product_cat-dream-contacts","9":"product_cat-enlarge-contacts","10":"product_cat-yearly-disposable","12":"first","13":"instock","14":"sale","15":"shipping-taxable","16":"purchasable","17":"product-type-variable","18":"has-default-attributes"},"_links":{"self":[{"href":"https:\/\/bqeye.com\/es\/wp-json\/wp\/v2\/product\/2038","targetHints":{"allow":["GET"]}}],"collection":[{"href":"https:\/\/bqeye.com\/es\/wp-json\/wp\/v2\/product"}],"about":[{"href":"https:\/\/bqeye.com\/es\/wp-json\/wp\/v2\/types\/product"}],"replies":[{"embeddable":true,"href":"https:\/\/bqeye.com\/es\/wp-json\/wp\/v2\/comments?post=2038"}],"wp:featuredmedia":[{"embeddable":true,"href":"https:\/\/bqeye.com\/es\/wp-json\/wp\/v2\/media\/2040"}],"wp:attachment":[{"href":"https:\/\/bqeye.com\/es\/wp-json\/wp\/v2\/media?parent=2038"}],"wp:term":[{"taxonomy":"product_brand","embeddable":true,"href":"https:\/\/bqeye.com\/es\/wp-json\/wp\/v2\/product_brand?post=2038"},{"taxonomy":"product_cat","embeddable":true,"href":"https:\/\/bqeye.com\/es\/wp-json\/wp\/v2\/product_cat?post=2038"},{"taxonomy":"product_tag","embeddable":true,"href":"https:\/\/bqeye.com\/es\/wp-json\/wp\/v2\/product_tag?post=2038"}],"curies":[{"name":"wp","href":"https:\/\/api.w.org\/{rel}","templated":true}]}}