{"id":2098,"date":"2025-01-09T22:16:47","date_gmt":"2025-01-09T14:16:47","guid":{"rendered":"https:\/\/bqeye.com\/?post_type=product&#038;p=2098"},"modified":"2025-01-09T22:19:47","modified_gmt":"2025-01-09T14:19:47","slug":"fiji-glacier-blue-contact-lenses","status":"publish","type":"product","link":"https:\/\/bqeye.com\/es\/fiji-glacier-blue-contact-lenses\/","title":{"rendered":"Lentes de contacto Fiji Glacier Blue"},"content":{"rendered":"<h1 class=\"md-end-block md-heading\"><span class=\"md-plain md-expand\">Lentes de contacto Fiji Glacier Blue: Ocean Depths Fusion<\/span><\/h1>\n<h2 class=\"md-end-block md-heading\"><span class=\"md-plain\">Inspiraci\u00f3n de dise\u00f1o e historia del color<\/span><\/h2>\n<p class=\"md-end-block md-p\"><span class=\"md-plain\">Estas lentes de contacto Fiji Glacier Blue se inspiran en los fen\u00f3menos m\u00e1s asombrosos de la naturaleza. El dise\u00f1o captura la fascinante fusi\u00f3n de las lagunas cristalinas de Fiyi y los pr\u00edstinos glaciares \u00e1rticos. La exclusiva tecnolog\u00eda de gradiente de tres capas combina la calidez tropical con la claridad \u00e1rtica, creando una profundidad de color sin precedentes. El profundo azul laguna del anillo exterior realza la definici\u00f3n de los ojos, mientras que la zona central de glaciar cristalino crea una transparencia pura, y el n\u00facleo interior turquesa a\u00f1ade una dimensi\u00f3n vibrante. Este innovador dise\u00f1o no s\u00f3lo hace que los ojos parezcan m\u00e1s grandes y cautivadores, sino que tambi\u00e9n crea fascinantes cambios de color bajo diferentes condiciones de iluminaci\u00f3n, como si capturara los milagros azules m\u00e1s bellos de la naturaleza dentro de su mirada.<\/span><\/p>\n<h2 class=\"md-end-block md-heading\"><span class=\"md-plain\">Influencer Notas<\/span><\/h2>\n<ul class=\"ul-list\" data-mark=\"*\">\n<li class=\"md-list-item\">\n<p class=\"md-end-block md-p\"><span class=\"md-plain\">@OceanQueen (890K seguidores): \"\u00a1Estos Fiji Glacier Blues son absolutamente impresionantes! Durante las sesiones de fotos al aire libre, mis ojos captan todo el oc\u00e9ano: \u00a1las fotos son incre\u00edbles y parecen completamente naturales! \ud83d\udc40\"<\/span><\/p>\n<\/li>\n<li class=\"md-list-item\">\n<p class=\"md-end-block md-p\"><span class=\"md-plain\">@TropicalGlow (925.000 seguidores): \"Como influencer de belleza, he probado innumerables lentillas, \u00a1pero Fiji Glacier Blue es mi favorita absoluta! Perfectas tanto para grandes eventos como para crear contenido a diario. \u00a1Estas lentillas fueron mi arma secreta en la gala de verano! \ud83c\udf1f\"<\/span><\/p>\n<\/li>\n<li class=\"md-list-item\">\n<p class=\"md-end-block md-p\"><span class=\"md-plain\">@ArcticBeauty (885.000 seguidores): \"Llevando mis Fiji Glacier Blues en Universal Studios, \u00a1todo el mundo pens\u00f3 que mis ojos eran as\u00ed de impresionantes por naturaleza! Fotograf\u00edan maravillosamente en cualquier escenario - \u00a1un must-have para creadores de contenido! \ud83d\udc95\"<\/span><\/p>\n<\/li>\n<\/ul>\n<h2 class=\"md-end-block md-heading\"><span class=\"md-plain\">Experiencias de los usuarios<\/span><\/h2>\n<ul class=\"ul-list\" data-mark=\"*\">\n<li class=\"md-list-item\">\n<p class=\"md-end-block md-p\"><span class=\"md-plain\">\"En cuanto me puse las Fiji Glacier Blue, \u00a1me qued\u00e9 maravillada! Funcionan perfectamente tanto para reuniones de negocios como para citas informales, a\u00f1adiendo sofisticaci\u00f3n sin resultar abrumadores.\"<\/span><\/p>\n<\/li>\n<li class=\"md-list-item\">\n<p class=\"md-end-block md-p\"><span class=\"md-plain\">\"Llevo tres meses seguidos usando Fiji Glacier Blue: de compras o para quedar con amigos, \u00a1la gente siempre piensa que es mi color de ojos natural! \ud83d\ude04\"<\/span><\/p>\n<\/li>\n<li class=\"md-list-item\">\n<p class=\"md-end-block md-p\"><span class=\"md-plain\">\"Estas lentillas son perfectas para el uso diario. C\u00f3modas durante las largas horas de oficina, y me dan un aspecto m\u00e1s en\u00e9rgico durante las videollamadas. \ud83d\udc4d\"<\/span><\/p>\n<\/li>\n<\/ul>\n<h2 class=\"md-end-block md-heading\"><span class=\"md-plain\">Perfecto para<\/span><\/h2>\n<h3 class=\"md-end-block md-heading\"><span class=\"md-plain\">Ocasiones cotidianas<\/span><\/h3>\n<ul class=\"ul-list\" data-mark=\"*\">\n<li class=\"md-list-item\">\n<p class=\"md-end-block md-p\"><span class=\"md-plain\">Trabajo de oficina<\/span><\/p>\n<\/li>\n<li class=\"md-list-item\">\n<p class=\"md-end-block md-p\"><span class=\"md-plain\">Vida en el campus<\/span><\/p>\n<\/li>\n<li class=\"md-list-item\">\n<p class=\"md-end-block md-p\"><span class=\"md-plain\">Citas informales<\/span><\/p>\n<\/li>\n<li class=\"md-list-item\">\n<p class=\"md-end-block md-p\"><span class=\"md-plain\">Actividades al aire libre<\/span><\/p>\n<\/li>\n<\/ul>\n<h3 class=\"md-end-block md-heading\"><span class=\"md-plain\">Eventos especiales<\/span><\/h3>\n<ul class=\"ul-list\" data-mark=\"*\">\n<li class=\"md-list-item\">\n<p class=\"md-end-block md-p\"><span class=\"md-plain\">Bodas<\/span><\/p>\n<\/li>\n<li class=\"md-list-item\">\n<p class=\"md-end-block md-p\"><span class=\"md-plain\">Sesiones fotogr\u00e1ficas<\/span><\/p>\n<\/li>\n<li class=\"md-list-item\">\n<p class=\"md-end-block md-p\"><span class=\"md-plain\">Presentaciones<\/span><\/p>\n<\/li>\n<li class=\"md-list-item\">\n<p class=\"md-end-block md-p\"><span class=\"md-plain\">Reuniones sociales<\/span><\/p>\n<\/li>\n<\/ul>\n<h3 class=\"md-end-block md-heading\"><span class=\"md-plain\">Consejos de maquillaje<\/span><\/h3>\n<ul class=\"ul-list\" data-mark=\"*\">\n<li class=\"md-list-item\">\n<p class=\"md-end-block md-p\"><span class=\"md-plain\">Fundaci\u00f3n Dewy<\/span><\/p>\n<\/li>\n<li class=\"md-list-item\">\n<p class=\"md-end-block md-p\"><span class=\"md-plain\">Sombra de ojos perlada<\/span><\/p>\n<\/li>\n<li class=\"md-list-item\">\n<p class=\"md-end-block md-p\"><span class=\"md-plain\">Looks nude naturales<\/span><\/p>\n<\/li>\n<li class=\"md-list-item\">\n<p class=\"md-end-block md-p\"><span class=\"md-plain\">Maquillaje de ojos en tonos azules suaves<\/span><\/p>\n<\/li>\n<\/ul>\n<h2 class=\"md-end-block md-heading\"><span class=\"md-plain\">Gu\u00eda de estilo<\/span><\/h2>\n<h3 class=\"md-end-block md-heading\"><span class=\"md-plain\">Colores del atuendo<\/span><\/h3>\n<ul class=\"ul-list\" data-mark=\"*\">\n<li class=\"md-list-item\">\n<p class=\"md-end-block md-p\"><span class=\"md-plain\">Oc\u00e9ano azul<\/span><\/p>\n<\/li>\n<li class=\"md-list-item\">\n<p class=\"md-end-block md-p\"><span class=\"md-plain\">Blanco glaciar<\/span><\/p>\n<\/li>\n<li class=\"md-list-item\">\n<p class=\"md-end-block md-p\"><span class=\"md-plain\">Verde menta<\/span><\/p>\n<\/li>\n<li class=\"md-list-item\">\n<p class=\"md-end-block md-p\"><span class=\"md-plain\">Gris perla<\/span><\/p>\n<\/li>\n<li class=\"md-list-item\">\n<p class=\"md-end-block md-p\"><span class=\"md-plain\">Marfil<\/span><\/p>\n<\/li>\n<\/ul>\n<h3 class=\"md-end-block md-heading\"><span class=\"md-plain\">Accesorios<\/span><\/h3>\n<ul class=\"ul-list\" data-mark=\"*\">\n<li class=\"md-list-item\">\n<p class=\"md-end-block md-p\"><span class=\"md-plain\">Joyas de cristal<\/span><\/p>\n<\/li>\n<li class=\"md-list-item\">\n<p class=\"md-end-block md-p\"><span class=\"md-plain\">Piezas de plata<\/span><\/p>\n<\/li>\n<li class=\"md-list-item\">\n<p class=\"md-end-block md-p\"><span class=\"md-plain\">Detalles de perlas<\/span><\/p>\n<\/li>\n<li class=\"md-list-item\">\n<p class=\"md-end-block md-p\"><span class=\"md-plain\">Accesorios transparentes<\/span><\/p>\n<\/li>\n<\/ul>\n<h3 class=\"md-end-block md-heading\"><span class=\"md-plain\">Estilismo de temporada<\/span><\/h3>\n<ul class=\"ul-list\" data-mark=\"*\">\n<li class=\"md-list-item\">\n<p class=\"md-end-block md-p\"><span class=\"md-plain\">Primavera: Pasteles claros<\/span><\/p>\n<\/li>\n<li class=\"md-list-item\">\n<p class=\"md-end-block md-p\"><span class=\"md-plain\">Verano: Ropa de verano<\/span><\/p>\n<\/li>\n<li class=\"md-list-item\">\n<p class=\"md-end-block md-p\"><span class=\"md-plain\">Oto\u00f1o: Neutros c\u00e1lidos<\/span><\/p>\n<\/li>\n<li class=\"md-list-item\">\n<p class=\"md-end-block md-p\"><span class=\"md-plain\">Invierno: Piezas inspiradas en el hielo<\/span><\/p>\n<\/li>\n<\/ul>\n<h2 class=\"md-end-block md-heading\"><span class=\"md-plain\">Seguridad y confort<\/span><\/h2>\n<p class=\"md-end-block md-p\"><span class=\"md-plain\">Certificadas para la salud y seguridad ocular. La avanzada tecnolog\u00eda de hidrataci\u00f3n garantiza la comodidad durante un uso prolongado.<\/span><\/p>\n<p class=\"md-end-block md-p md-focus\"><span class=\"md-plain md-expand\">\u2727 Transforma tu mirada con las lentes de contacto Fiji Glacier Blue: donde la calidez tropical se une al brillo \u00e1rtico \u2727<\/span><\/p>","protected":false},"excerpt":{"rendered":"<p>Fiji Glacier Blue Contact Lenses: Ocean Depths Fusion Design Inspiration &amp; Color Story These Fiji Glacier Blue Contact Lenses draw inspiration from nature&#8217;s most stunning phenomena. The design captures the mesmerizing fusion of Fiji&#8217;s crystalline lagoons and pristine arctic glaciers. The unique three-layer gradient technology combines tropical warmth with arctic clarity, creating an unprecedented depth [&#8230;]\n","protected":false},"featured_media":2100,"comment_status":"open","ping_status":"closed","template":"","meta":[],"product_brand":[],"product_cat":[75,92,188,158,98],"product_tag":[],"class_list":{"0":"post-2098","1":"product","2":"type-product","3":"status-publish","4":"has-post-thumbnail","6":"product_cat-blue-contact-lenses","7":"product_cat-14-5-mm","8":"product_cat-dream-contacts","9":"product_cat-enlarge-contacts","10":"product_cat-yearly-disposable","12":"first","13":"instock","14":"sale","15":"shipping-taxable","16":"purchasable","17":"product-type-variable","18":"has-default-attributes"},"_links":{"self":[{"href":"https:\/\/bqeye.com\/es\/wp-json\/wp\/v2\/product\/2098","targetHints":{"allow":["GET"]}}],"collection":[{"href":"https:\/\/bqeye.com\/es\/wp-json\/wp\/v2\/product"}],"about":[{"href":"https:\/\/bqeye.com\/es\/wp-json\/wp\/v2\/types\/product"}],"replies":[{"embeddable":true,"href":"https:\/\/bqeye.com\/es\/wp-json\/wp\/v2\/comments?post=2098"}],"wp:featuredmedia":[{"embeddable":true,"href":"https:\/\/bqeye.com\/es\/wp-json\/wp\/v2\/media\/2100"}],"wp:attachment":[{"href":"https:\/\/bqeye.com\/es\/wp-json\/wp\/v2\/media?parent=2098"}],"wp:term":[{"taxonomy":"product_brand","embeddable":true,"href":"https:\/\/bqeye.com\/es\/wp-json\/wp\/v2\/product_brand?post=2098"},{"taxonomy":"product_cat","embeddable":true,"href":"https:\/\/bqeye.com\/es\/wp-json\/wp\/v2\/product_cat?post=2098"},{"taxonomy":"product_tag","embeddable":true,"href":"https:\/\/bqeye.com\/es\/wp-json\/wp\/v2\/product_tag?post=2098"}],"curies":[{"name":"wp","href":"https:\/\/api.w.org\/{rel}","templated":true}]}}