{"id":2165,"date":"2025-01-13T17:35:11","date_gmt":"2025-01-13T09:35:11","guid":{"rendered":"https:\/\/bqeye.com\/?post_type=product&#038;p=2165"},"modified":"2025-01-13T17:36:15","modified_gmt":"2025-01-13T09:36:15","slug":"mint-crystal-ocean-contact-lenses","status":"publish","type":"product","link":"https:\/\/bqeye.com\/es\/mint-crystal-ocean-contact-lenses\/","title":{"rendered":"Lentes de contacto Mint Crystal Ocean"},"content":{"rendered":"<h1 class=\"md-end-block md-heading\"><span class=\"md-plain md-expand\">\ud83c\udf0a \u00a115 razones por las que las lentillas Mint Crystal Ocean est\u00e1n rompiendo Internet RN!<\/span><\/h1>\n<h2 class=\"md-end-block md-heading\"><span class=\"md-plain\">\u2728 La inspo detr\u00e1s de las lentes virales Mint Crystal Ocean<\/span><\/h2>\n<p class=\"md-end-block md-p\"><span class=\"md-plain\">\u00a1DEJA DE HACER TODO LO QUE EST\u00c9S HACIENDO! Estas lentillas est\u00e1n literalmente inspiradas en ese momento m\u00e1gico en el que las olas cristalinas del oc\u00e9ano se encuentran con un refrescante helado de menta, \u00a1y estoy OBSESIONADA! Los dise\u00f1adores tomaron literalmente las vibraciones et\u00e9reas de las aguas cristalinas y las mezclaron con frescos matices de menta para crear algo que est\u00e1 \u00a1SIRVIENDO ENERG\u00cdA DE PRINCESAS MARINAS! <\/span><\/p>\n<h2 class=\"md-end-block md-heading\"><span class=\"md-plain\">\ud83e\udddc\u200d\u2640\ufe0f Por qu\u00e9 TikTok no puede dejar de hablar de ellos<\/span><\/h2>\n<ul class=\"ul-list\" data-mark=\"*\">\n<li class=\"md-list-item\">\n<p class=\"md-end-block md-p\"><span class=\"md-plain\">@CrystalQueen (3.2M): \"\u00a1Estas lentillas Mint Crystal Ocean transformaron mis ojos b\u00e1sicos en piedras preciosas literales!\". \u2728<\/span><\/p>\n<\/li>\n<li class=\"md-list-item\">\n<p class=\"md-end-block md-p\"><span class=\"md-plain\">@OceanVibesOnly (2.8M): \"La forma en que estas lentillas hacen que mis ojos parezcan cristales preciosos flotando en agua de menta... \u00a1NO PUEDO!\". \ud83d\udc8e<\/span><\/p>\n<\/li>\n<li class=\"md-list-item\">\n<p class=\"md-end-block md-p\"><span class=\"md-plain\">@MintBeauty (2.1M): \"\u00a1Estos est\u00e1n dando energ\u00eda protagonista y yo estoy aqu\u00ed para eso!\". \ud83c\udf0a<\/span><\/p>\n<\/li>\n<\/ul>\n<h2 class=\"md-end-block md-heading\"><span class=\"md-plain\">\ud83c\udf1f Los usuarios est\u00e1n literalmente temblando<\/span><\/h2>\n<ul class=\"ul-list\" data-mark=\"*\">\n<li class=\"md-list-item\">\n<p class=\"md-end-block md-p\"><span class=\"md-plain\">\"\u00a1Nunca me los quitar\u00e9! Mis ojos parecen cristales de menta en el oc\u00e9ano\". <\/span><\/p>\n<\/li>\n<li class=\"md-list-item\">\n<p class=\"md-end-block md-p\"><span class=\"md-plain\">\u00bf\"El nivel de comodidad\"? INCOMPARABLE. \u00bfEl aspecto? ASESINO\".<\/span><\/p>\n<\/li>\n<li class=\"md-list-item\">\n<p class=\"md-end-block md-p\"><span class=\"md-plain\">\"Estas lentillas hicieron que mi juego selfie pasara de b\u00e1sico a BENDITO\" <\/span><\/p>\n<\/li>\n<\/ul>\n<h2 class=\"md-end-block md-heading\"><span class=\"md-plain\">\ud83d\udc51 Cu\u00e1ndo servir estos looks<\/span><\/h2>\n<h3 class=\"md-end-block md-heading\"><span class=\"md-plain\">Momentos Slay diarios<\/span><\/h3>\n<ul class=\"ul-list\" data-mark=\"*\">\n<li class=\"md-list-item\">\n<p class=\"md-end-block md-p\"><span class=\"md-plain\">El caf\u00e9 corre pero que sea moda<\/span><\/p>\n<\/li>\n<li class=\"md-list-item\">\n<p class=\"md-end-block md-p\"><span class=\"md-plain\">Llamadas con zoom pero cristalizadas<\/span><\/p>\n<\/li>\n<li class=\"md-list-item\">\n<p class=\"md-end-block md-p\"><span class=\"md-plain\">De compras pero et\u00e9reo<\/span><\/p>\n<\/li>\n<\/ul>\n<h3 class=\"md-end-block md-heading\"><span class=\"md-plain\">Eventos especiales<\/span><\/h3>\n<ul class=\"ul-list\" data-mark=\"*\">\n<li class=\"md-list-item\">\n<p class=\"md-end-block md-p\"><span class=\"md-plain\">Sesiones fotogr\u00e1ficas en la playa<\/span><\/p>\n<\/li>\n<li class=\"md-list-item\">\n<p class=\"md-end-block md-p\"><span class=\"md-plain\">Bodas de verano<\/span><\/p>\n<\/li>\n<li class=\"md-list-item\">\n<p class=\"md-end-block md-p\"><span class=\"md-plain\">Temporada de festivales<\/span><\/p>\n<\/li>\n<\/ul>\n<h2 class=\"md-end-block md-heading\"><span class=\"md-plain\">\ud83d\udcab Gu\u00eda de estilo que ATE<\/span><\/h2>\n<h3 class=\"md-end-block md-heading\"><span class=\"md-plain\">Combinaciones de colores<\/span><\/h3>\n<ul class=\"ul-list\" data-mark=\"*\">\n<li class=\"md-list-item\">\n<p class=\"md-end-block md-p\"><span class=\"md-plain\">Blanco perla<\/span><\/p>\n<\/li>\n<li class=\"md-list-item\">\n<p class=\"md-end-block md-p\"><span class=\"md-plain\">Verde espuma de mar<\/span><\/p>\n<\/li>\n<li class=\"md-list-item\">\n<p class=\"md-end-block md-p\"><span class=\"md-plain\">Azul cristal<\/span><\/p>\n<\/li>\n<li class=\"md-list-item\">\n<p class=\"md-end-block md-p\"><span class=\"md-plain\">Menta pastel<\/span><\/p>\n<\/li>\n<\/ul>\n<h3 class=\"md-end-block md-heading\"><span class=\"md-plain\">Coincidencias est\u00e9ticas<\/span><\/h3>\n<ul class=\"ul-list\" data-mark=\"*\">\n<li class=\"md-list-item\">\n<p class=\"md-end-block md-p\"><span class=\"md-plain\">Abuela costera<\/span><\/p>\n<\/li>\n<li class=\"md-list-item\">\n<p class=\"md-end-block md-p\"><span class=\"md-plain\">N\u00facleo de sirena<\/span><\/p>\n<\/li>\n<li class=\"md-list-item\">\n<p class=\"md-end-block md-p\"><span class=\"md-plain\">Hada de cristal<\/span><\/p>\n<\/li>\n<li class=\"md-list-item\">\n<p class=\"md-end-block md-p\"><span class=\"md-plain\">Diosa de la menta<\/span><\/p>\n<\/li>\n<\/ul>\n<h2 class=\"md-end-block md-heading\"><span class=\"md-plain\">\ud83c\udfa8 Looks de maquillaje que SNAP<\/span><\/h2>\n<ul class=\"ul-list\" data-mark=\"*\">\n<li class=\"md-list-item\">\n<p class=\"md-end-block md-p\"><span class=\"md-plain\">Piel h\u00fameda<\/span><\/p>\n<\/li>\n<li class=\"md-list-item\">\n<p class=\"md-end-block md-p\"><span class=\"md-plain\">Tapas esmeriladas<\/span><\/p>\n<\/li>\n<li class=\"md-list-item\">\n<p class=\"md-end-block md-p\"><span class=\"md-plain\">Lo m\u00e1s destacado de Pearl<\/span><\/p>\n<\/li>\n<li class=\"md-list-item\">\n<p class=\"md-end-block md-p\"><span class=\"md-plain\">Detalles en menta<\/span><\/p>\n<\/li>\n<\/ul>\n<h2 class=\"md-end-block md-heading\"><span class=\"md-plain\">\ud83c\udf0a Outfit Inspo (PERIODT)<\/span><\/h2>\n<h3 class=\"md-end-block md-heading\"><span class=\"md-plain\">Servicio diurno<\/span><\/h3>\n<ul class=\"ul-list\" data-mark=\"*\">\n<li class=\"md-list-item\">\n<p class=\"md-end-block md-p\"><span class=\"md-plain\">Vestidos blancos vaporosos<\/span><\/p>\n<\/li>\n<li class=\"md-list-item\">\n<p class=\"md-end-block md-p\"><span class=\"md-plain\">Tops menta<\/span><\/p>\n<\/li>\n<li class=\"md-list-item\">\n<p class=\"md-end-block md-p\"><span class=\"md-plain\">Accesorios de cristal<\/span><\/p>\n<\/li>\n<li class=\"md-list-item\">\n<p class=\"md-end-block md-p\"><span class=\"md-plain\">Detalles de la perla<\/span><\/p>\n<\/li>\n<\/ul>\n<h3 class=\"md-end-block md-heading\"><span class=\"md-plain\">Ca\u00edda de la tarde<\/span><\/h3>\n<ul class=\"ul-list\" data-mark=\"*\">\n<li class=\"md-list-item\">\n<p class=\"md-end-block md-p\"><span class=\"md-plain\">Momentos de lentejuelas<\/span><\/p>\n<\/li>\n<li class=\"md-list-item\">\n<p class=\"md-end-block md-p\"><span class=\"md-plain\">Vestidos inspirados en el oc\u00e9ano<\/span><\/p>\n<\/li>\n<li class=\"md-list-item\">\n<p class=\"md-end-block md-p\"><span class=\"md-plain\">Adornos de cristal<\/span><\/p>\n<\/li>\n<li class=\"md-list-item\">\n<p class=\"md-end-block md-p\"><span class=\"md-plain\">Piezas de seda menta<\/span><\/p>\n<\/li>\n<\/ul>\n<h2 class=\"md-end-block md-heading\"><span class=\"md-plain\">\u2b50 El t\u00e9 de la comodidad<\/span><\/h2>\n<ul class=\"ul-list\" data-mark=\"*\">\n<li class=\"md-list-item\">\n<p class=\"md-end-block md-p\"><span class=\"md-plain\">Para llevar todo el d\u00eda<\/span><\/p>\n<\/li>\n<li class=\"md-list-item\">\n<p class=\"md-end-block md-p\"><span class=\"md-plain\">Visi\u00f3n cristalina<\/span><\/p>\n<\/li>\n<li class=\"md-list-item\">\n<p class=\"md-end-block md-p\"><span class=\"md-plain\">Confort refrescante<\/span><\/p>\n<\/li>\n<li class=\"md-list-item\">\n<p class=\"md-end-block md-p\"><span class=\"md-plain\">Cero irritaci\u00f3n<\/span><\/p>\n<\/li>\n<\/ul>\n<h2 class=\"md-end-block md-heading\"><span class=\"md-plain\">\ud83d\udc8e Por qu\u00e9 necesitas esto AHORA<\/span><\/h2>\n<ul class=\"ul-list\" data-mark=\"*\">\n<li class=\"md-list-item\">\n<p class=\"md-end-block md-p\"><span class=\"md-plain\">Tienen una tendencia M\u00c1S DIF\u00cdCIL que tu FYP<\/span><\/p>\n<\/li>\n<li class=\"md-list-item\">\n<p class=\"md-end-block md-p\"><span class=\"md-plain\">La comodidad es literalmente incomparable<\/span><\/p>\n<\/li>\n<li class=\"md-list-item\">\n<p class=\"md-end-block md-p\"><span class=\"md-plain\">Tus selfies nunca volver\u00e1n a ser b\u00e1sicos<\/span><\/p>\n<\/li>\n<li class=\"md-list-item\">\n<p class=\"md-end-block md-p\"><span class=\"md-plain\">Cada d\u00eda se convierte en energ\u00eda protagonista<\/span><\/p>\n<\/li>\n<\/ul>\n<h2 class=\"md-end-block md-heading\"><span class=\"md-plain\">\ud83d\udd25 Seguridad pero a la moda<\/span><\/h2>\n<ul class=\"ul-list\" data-mark=\"*\">\n<li class=\"md-list-item\">\n<p class=\"md-end-block md-p\"><span class=\"md-plain\">Seguridad certificada<\/span><\/p>\n<\/li>\n<li class=\"md-list-item\">\n<p class=\"md-end-block md-p\"><span class=\"md-plain\">Calidad cristalina<\/span><\/p>\n<\/li>\n<li class=\"md-list-item\">\n<p class=\"md-end-block md-p\"><span class=\"md-plain\">M\u00e1xima comodidad<\/span><\/p>\n<\/li>\n<li class=\"md-list-item\">\n<p class=\"md-end-block md-p\"><span class=\"md-plain\">Rutina de cuidado f\u00e1cil<\/span><\/p>\n<\/li>\n<\/ul>\n<p class=\"md-end-block md-p\"><span class=\"md-plain\">#MintCrystalOcean #ContactLenses #BeautyMustHaves #CrystalEyes #OceanVibes #MintMoment #BeautyTrends #EyesOnFleek<\/span><\/p>\n<p class=\"md-end-block md-p\"><span class=\"md-plain\">PERIODT. Estas lentes de contacto Mint Crystal Ocean son EL momento y \u00bfsobre qu\u00e9? \u00a1\u00a1\u00a1PERIOD!!! \ud83d\udc85\u2728<\/span><\/p>\n<p class=\"md-end-block md-p md-focus\"><span class=\"md-plain md-expand\">\u00bfListo para transformar tus ojos en aut\u00e9nticos cristales oce\u00e1nicos? Estas lentillas son tu se\u00f1al para subir el nivel de tus ojos. \u00a1NO HAY M\u00c1S REMEDIO QUE MATAR! \ud83c\udf0a\ud83d\udc51<\/span><\/p>","protected":false},"excerpt":{"rendered":"<p>\ud83c\udf0a 15 Reasons Why Mint Crystal Ocean Contacts Are Breaking The Internet RN! \u2728 The Inspo Behind The Viral Mint Crystal Ocean Lenses STOP EVERYTHING YOU&#8217;RE DOING! These contacts are literally inspired by that magical moment when crystal-clear ocean waves meet refreshing mint ice cream, and I&#8217;m OBSESSED! The designers literally took the ethereal vibes [&#8230;]\n","protected":false},"featured_media":2167,"comment_status":"open","ping_status":"closed","template":"","meta":[],"product_brand":[],"product_cat":[75,92,188,158,98],"product_tag":[],"class_list":{"0":"post-2165","1":"product","2":"type-product","3":"status-publish","4":"has-post-thumbnail","6":"product_cat-blue-contact-lenses","7":"product_cat-14-5-mm","8":"product_cat-dream-contacts","9":"product_cat-enlarge-contacts","10":"product_cat-yearly-disposable","12":"first","13":"instock","14":"sale","15":"shipping-taxable","16":"purchasable","17":"product-type-variable","18":"has-default-attributes"},"_links":{"self":[{"href":"https:\/\/bqeye.com\/es\/wp-json\/wp\/v2\/product\/2165","targetHints":{"allow":["GET"]}}],"collection":[{"href":"https:\/\/bqeye.com\/es\/wp-json\/wp\/v2\/product"}],"about":[{"href":"https:\/\/bqeye.com\/es\/wp-json\/wp\/v2\/types\/product"}],"replies":[{"embeddable":true,"href":"https:\/\/bqeye.com\/es\/wp-json\/wp\/v2\/comments?post=2165"}],"wp:featuredmedia":[{"embeddable":true,"href":"https:\/\/bqeye.com\/es\/wp-json\/wp\/v2\/media\/2167"}],"wp:attachment":[{"href":"https:\/\/bqeye.com\/es\/wp-json\/wp\/v2\/media?parent=2165"}],"wp:term":[{"taxonomy":"product_brand","embeddable":true,"href":"https:\/\/bqeye.com\/es\/wp-json\/wp\/v2\/product_brand?post=2165"},{"taxonomy":"product_cat","embeddable":true,"href":"https:\/\/bqeye.com\/es\/wp-json\/wp\/v2\/product_cat?post=2165"},{"taxonomy":"product_tag","embeddable":true,"href":"https:\/\/bqeye.com\/es\/wp-json\/wp\/v2\/product_tag?post=2165"}],"curies":[{"name":"wp","href":"https:\/\/api.w.org\/{rel}","templated":true}]}}