{"id":2171,"date":"2025-01-14T16:24:35","date_gmt":"2025-01-14T08:24:35","guid":{"rendered":"https:\/\/bqeye.com\/?post_type=product&#038;p=2171"},"modified":"2025-01-14T16:26:06","modified_gmt":"2025-01-14T08:26:06","slug":"latte-cloud-brown-contact-lenses","status":"publish","type":"product","link":"https:\/\/bqeye.com\/es\/latte-cloud-brown-contact-lenses\/","title":{"rendered":"Lentes de Contacto Marr\u00f3n Nube Latte"},"content":{"rendered":"<h1 class=\"md-end-block md-heading\"><span class=\"md-plain md-expand\">\u00a1\u2615 15 razones por las que las lentillas Latte Cloud Brown son la nueva obsesi\u00f3n para las pausas del caf\u00e9!<\/span><\/h1>\n<h2 class=\"md-end-block md-heading\"><span class=\"md-plain\">\u2728 \u00a1El dise\u00f1o m\u00e1s lujoso inspirado en el caf\u00e9!<\/span><\/h2>\n<p class=\"md-end-block md-p\"><span class=\"md-plain\">\u00a1DESPIERTA Y ARRASA! Estas lentillas Latte Cloud Brown son literalmente tu cremoso caf\u00e9 con leche favorito en forma de lentillas. Imagina ese remolino perfecto en el que la leche vaporizada se mezcla con un rico caf\u00e9 expreso: \u00a1eso es exactamente lo que capturan estas lentillas! El dise\u00f1o presenta un degradado de ensue\u00f1o que empieza con un centro cristalino y se funde en los bordes marrones m\u00e1s preciosos. Transmiten un aire de lujo y acogedor, \u00a1y VIVIMOS POR ELLO! \u2728<\/span><\/p>\n<h2 class=\"md-end-block md-heading\"><span class=\"md-plain\">\ud83e\udd0e Notas de amor a los influencers<\/span><\/h2>\n<ul class=\"ul-list\" data-mark=\"*\">\n<li class=\"md-list-item\">\n<p class=\"md-end-block md-p\"><span class=\"md-plain\">@CoffeeChic (3,1M): \"\u00a1Estas lentillas me dan ese brillo de 'acabo de pedir mi tercer caf\u00e9 con leche de avena'! #LatteEyes\"<\/span><\/p>\n<\/li>\n<li class=\"md-list-item\">\n<p class=\"md-end-block md-p\"><span class=\"md-plain\">@CafeStyle (2,7M): \"Las lentillas marrones m\u00e1s naturales de la historia: \u00a1como el sue\u00f1o de un amante del caf\u00e9 hecho realidad!\".<\/span><\/p>\n<\/li>\n<li class=\"md-list-item\">\n<p class=\"md-end-block md-p\"><span class=\"md-plain\">@CozyGlam (2.3M): \"\u00a1Perfecto para ese look de maquillaje 'no makeup'! Tan suave y de ensue\u00f1o!\".<\/span><\/p>\n<\/li>\n<\/ul>\n<h2 class=\"md-end-block md-heading\"><span class=\"md-plain\">\u2615 Rese\u00f1as de los verdaderos amantes del caf\u00e9<\/span><\/h2>\n<ul class=\"ul-list\" data-mark=\"*\">\n<li class=\"md-list-item\">\n<p class=\"md-end-block md-p\"><span class=\"md-plain\">\"\u00a1Como tener el perfecto remolino de caf\u00e9 con leche en tus ojos!\"<\/span><\/p>\n<\/li>\n<li class=\"md-list-item\">\n<p class=\"md-end-block md-p\"><span class=\"md-plain\">\"Hacen que mis ojos oscuros parezcan ba\u00f1ados por la luz de la hora dorada\".<\/span><\/p>\n<\/li>\n<li class=\"md-list-item\">\n<p class=\"md-end-block md-p\"><span class=\"md-plain\">\"\u00a1Por fin, lentillas marrones que parecen caras y naturales!\".<\/span><\/p>\n<\/li>\n<\/ul>\n<h2 class=\"md-end-block md-heading\"><span class=\"md-plain\">\ud83d\udc51 Momentos perfectos para vestir<\/span><\/h2>\n<h3 class=\"md-end-block md-heading\"><span class=\"md-plain\">Est\u00e9tica diaria<\/span><\/h3>\n<ul class=\"ul-list\" data-mark=\"*\">\n<li class=\"md-list-item\">\n<p class=\"md-end-block md-p\"><span class=\"md-plain\">Trabajo en cafeter\u00edas<\/span><\/p>\n<\/li>\n<li class=\"md-list-item\">\n<p class=\"md-end-block md-p\"><span class=\"md-plain\">Fechas del brunch<\/span><\/p>\n<\/li>\n<li class=\"md-list-item\">\n<p class=\"md-end-block md-p\"><span class=\"md-plain\">Visitas a la biblioteca<\/span><\/p>\n<\/li>\n<li class=\"md-list-item\">\n<p class=\"md-end-block md-p\"><span class=\"md-plain\">Paseos oto\u00f1ales<\/span><\/p>\n<\/li>\n<\/ul>\n<h3 class=\"md-end-block md-heading\"><span class=\"md-plain\">Eventos especiales<\/span><\/h3>\n<ul class=\"ul-list\" data-mark=\"*\">\n<li class=\"md-list-item\">\n<p class=\"md-end-block md-p\"><span class=\"md-plain\">Reuniones acogedoras<\/span><\/p>\n<\/li>\n<li class=\"md-list-item\">\n<p class=\"md-end-block md-p\"><span class=\"md-plain\">Sesiones fotogr\u00e1ficas de oto\u00f1o<\/span><\/p>\n<\/li>\n<li class=\"md-list-item\">\n<p class=\"md-end-block md-p\"><span class=\"md-plain\">Reuniones informales<\/span><\/p>\n<\/li>\n<li class=\"md-list-item\">\n<p class=\"md-end-block md-p\"><span class=\"md-plain\">Almuerzos de fin de semana<\/span><\/p>\n<\/li>\n<\/ul>\n<h2 class=\"md-end-block md-heading\"><span class=\"md-plain\">\ud83d\udc84 Emparejamientos de maquillaje<\/span><\/h2>\n<ul class=\"ul-list\" data-mark=\"*\">\n<li class=\"md-list-item\">\n<p class=\"md-end-block md-p\"><span class=\"md-plain\">Piel radiante y c\u00e1lida<\/span><\/p>\n<\/li>\n<li class=\"md-list-item\">\n<p class=\"md-end-block md-p\"><span class=\"md-plain\">Sombras marrones suaves<\/span><\/p>\n<\/li>\n<li class=\"md-list-item\">\n<p class=\"md-end-block md-p\"><span class=\"md-plain\">Labios nude brillantes<\/span><\/p>\n<\/li>\n<li class=\"md-list-item\">\n<p class=\"md-end-block md-p\"><span class=\"md-plain\">Lo m\u00e1s destacado del bronce<\/span><\/p>\n<\/li>\n<\/ul>\n<h2 class=\"md-end-block md-heading\"><span class=\"md-plain\">\ud83d\udc57 Gu\u00eda de estilo<\/span><\/h2>\n<h3 class=\"md-end-block md-heading\"><span class=\"md-plain\">Acogedor durante el d\u00eda<\/span><\/h3>\n<ul class=\"ul-list\" data-mark=\"*\">\n<li class=\"md-list-item\">\n<p class=\"md-end-block md-p\"><span class=\"md-plain\">Punto crema<\/span><\/p>\n<\/li>\n<li class=\"md-list-item\">\n<p class=\"md-end-block md-p\"><span class=\"md-plain\">B\u00e1sicos en tono caf\u00e9<\/span><\/p>\n<\/li>\n<li class=\"md-list-item\">\n<p class=\"md-end-block md-p\"><span class=\"md-plain\">Abrigos camel<\/span><\/p>\n<\/li>\n<li class=\"md-list-item\">\n<p class=\"md-end-block md-p\"><span class=\"md-plain\">Accesorios de oro<\/span><\/p>\n<\/li>\n<\/ul>\n<h3 class=\"md-end-block md-heading\"><span class=\"md-plain\">Calor vespertino<\/span><\/h3>\n<ul class=\"ul-list\" data-mark=\"*\">\n<li class=\"md-list-item\">\n<p class=\"md-end-block md-p\"><span class=\"md-plain\">Seda marr\u00f3n<\/span><\/p>\n<\/li>\n<li class=\"md-list-item\">\n<p class=\"md-end-block md-p\"><span class=\"md-plain\">Toques de cachemira<\/span><\/p>\n<\/li>\n<li class=\"md-list-item\">\n<p class=\"md-end-block md-p\"><span class=\"md-plain\">Neutros c\u00e1lidos<\/span><\/p>\n<\/li>\n<li class=\"md-list-item\">\n<p class=\"md-end-block md-p\"><span class=\"md-plain\">Detalles en bronce<\/span><\/p>\n<\/li>\n<\/ul>\n<h2 class=\"md-end-block md-heading\"><span class=\"md-plain\">\u2b50 Objetivos de comodidad<\/span><\/h2>\n<ul class=\"ul-list\" data-mark=\"*\">\n<li class=\"md-list-item\">\n<p class=\"md-end-block md-p\"><span class=\"md-plain\">Suave como las nubes<\/span><\/p>\n<\/li>\n<li class=\"md-list-item\">\n<p class=\"md-end-block md-p\"><span class=\"md-plain\">Hidrataci\u00f3n durante todo el d\u00eda<\/span><\/p>\n<\/li>\n<li class=\"md-list-item\">\n<p class=\"md-end-block md-p\"><span class=\"md-plain\">Claridad perfecta<\/span><\/p>\n<\/li>\n<li class=\"md-list-item\">\n<p class=\"md-end-block md-p\"><span class=\"md-plain\">Para llevar sin esfuerzo<\/span><\/p>\n<\/li>\n<\/ul>\n<h2 class=\"md-end-block md-heading\"><span class=\"md-plain\">\ud83d\udc8e Por qu\u00e9 son imprescindibles<\/span><\/h2>\n<ul class=\"ul-list\" data-mark=\"*\">\n<li class=\"md-list-item\">\n<p class=\"md-end-block md-p\"><span class=\"md-plain\">Elegancia cotidiana<\/span><\/p>\n<\/li>\n<li class=\"md-list-item\">\n<p class=\"md-end-block md-p\"><span class=\"md-plain\">Perfecto para selfies<\/span><\/p>\n<\/li>\n<li class=\"md-list-item\">\n<p class=\"md-end-block md-p\"><span class=\"md-plain\">Mejora natural<\/span><\/p>\n<\/li>\n<li class=\"md-list-item\">\n<p class=\"md-end-block md-p\"><span class=\"md-plain\">Encanto vers\u00e1til<\/span><\/p>\n<\/li>\n<\/ul>\n<h2 class=\"md-end-block md-heading\"><span class=\"md-plain\">Promesa de calidad<\/span><\/h2>\n<ul class=\"ul-list\" data-mark=\"*\">\n<li class=\"md-list-item\">\n<p class=\"md-end-block md-p\"><span class=\"md-plain\">Materiales de primera calidad<\/span><\/p>\n<\/li>\n<li class=\"md-list-item\">\n<p class=\"md-end-block md-p\"><span class=\"md-plain\">Seguridad certificada<\/span><\/p>\n<\/li>\n<li class=\"md-list-item\">\n<p class=\"md-end-block md-p\"><span class=\"md-plain\">F\u00e1cil mantenimiento<\/span><\/p>\n<\/li>\n<li class=\"md-list-item\">\n<p class=\"md-end-block md-p\"><span class=\"md-plain\">Larga duraci\u00f3n<\/span><\/p>\n<\/li>\n<\/ul>\n<p class=\"md-end-block md-p\"><span class=\"md-plain\">#LatteCloudBrown #ContactLenses #CoffeeVibes #BrownEyes #CozyBeauty<\/span><\/p>\n<p class=\"md-end-block md-p md-focus\"><span class=\"md-plain md-expand\">SIP FINAL: Estas lentillas Latte Cloud Brown no son s\u00f3lo lentillas, \u00a1son tu dosis diaria de magia ocular inspirada en el caf\u00e9! \u00bfLista para servirte esas vibraciones oculares c\u00e1lidas y acogedoras? \u00a1TU PAUSA PARA EL CAF\u00c9 EMPIEZA AHORA! \ud83e\udd0e\u2728<\/span><\/p>","protected":false},"excerpt":{"rendered":"<p>\u2615 15 Reasons Why Latte Cloud Brown Contact Lenses Are The New Coffee-Break Obsession! \u2728 The Most Luxurious Coffee-Inspired Design! WAKE UP AND SLAY! These Latte Cloud Brown Contact Lenses are literally your favorite creamy latte in lens form! Imagine that perfect swirl when steamed milk meets rich espresso &#8211; that&#8217;s exactly what these lenses [&#8230;]\n","protected":false},"featured_media":2173,"comment_status":"open","ping_status":"closed","template":"","meta":[],"product_brand":[],"product_cat":[80,92,188,158,98],"product_tag":[],"class_list":{"0":"post-2171","1":"product","2":"type-product","3":"status-publish","4":"has-post-thumbnail","6":"product_cat-brown-contact-lenses","7":"product_cat-14-5-mm","8":"product_cat-dream-contacts","9":"product_cat-enlarge-contacts","10":"product_cat-yearly-disposable","12":"first","13":"instock","14":"sale","15":"shipping-taxable","16":"purchasable","17":"product-type-variable","18":"has-default-attributes"},"_links":{"self":[{"href":"https:\/\/bqeye.com\/es\/wp-json\/wp\/v2\/product\/2171","targetHints":{"allow":["GET"]}}],"collection":[{"href":"https:\/\/bqeye.com\/es\/wp-json\/wp\/v2\/product"}],"about":[{"href":"https:\/\/bqeye.com\/es\/wp-json\/wp\/v2\/types\/product"}],"replies":[{"embeddable":true,"href":"https:\/\/bqeye.com\/es\/wp-json\/wp\/v2\/comments?post=2171"}],"wp:featuredmedia":[{"embeddable":true,"href":"https:\/\/bqeye.com\/es\/wp-json\/wp\/v2\/media\/2173"}],"wp:attachment":[{"href":"https:\/\/bqeye.com\/es\/wp-json\/wp\/v2\/media?parent=2171"}],"wp:term":[{"taxonomy":"product_brand","embeddable":true,"href":"https:\/\/bqeye.com\/es\/wp-json\/wp\/v2\/product_brand?post=2171"},{"taxonomy":"product_cat","embeddable":true,"href":"https:\/\/bqeye.com\/es\/wp-json\/wp\/v2\/product_cat?post=2171"},{"taxonomy":"product_tag","embeddable":true,"href":"https:\/\/bqeye.com\/es\/wp-json\/wp\/v2\/product_tag?post=2171"}],"curies":[{"name":"wp","href":"https:\/\/api.w.org\/{rel}","templated":true}]}}