{"id":2267,"date":"2025-01-17T11:21:06","date_gmt":"2025-01-17T03:21:06","guid":{"rendered":"https:\/\/bqeye.com\/?post_type=product&#038;p=2267"},"modified":"2025-01-17T11:23:23","modified_gmt":"2025-01-17T03:23:23","slug":"flirting-brown-contact-lenses","status":"publish","type":"product","link":"https:\/\/bqeye.com\/es\/flirting-brown-contact-lenses\/","title":{"rendered":"Lentes de contacto marr\u00f3n coqueto"},"content":{"rendered":"<h1 class=\"md-end-block md-heading\"><span class=\"md-plain md-expand\">Lentes de contacto marr\u00f3n coqueto: Colecci\u00f3n Warm Attraction \ud83e\udd0e<\/span><\/h1>\n<h2 class=\"md-end-block md-heading\"><span class=\"md-plain\">Inspiraci\u00f3n en el dise\u00f1o \u2728<\/span><\/h2>\n<p class=\"md-end-block md-p\"><span class=\"md-plain\">Estas lentes combinan intensos marrones miel con sutiles reflejos \u00e1mbar, creando una mirada atractiva que realza la calidez natural. El exclusivo dise\u00f1o en forma de estrella con delicadas motas doradas que irradian desde el centro a\u00f1ade profundidad y brillo a cada mirada.<\/span><\/p>\n<p class=\"md-end-block md-p\"><span class=\"md-plain\">Cada lente incorpora una paleta de marrones multitonal que va desde un intenso centro de chocolate a unos bordes de caramelo m\u00e1s suaves, creando un aspecto llamativo a la vez que natural.<\/span><\/p>\n<h2 class=\"md-end-block md-heading\"><span class=\"md-plain\">Rese\u00f1as del creador \ud83d\udcab<\/span><\/h2>\n<p class=\"md-end-block md-p\"><span class=\"md-plain\">@BeautyGuru (920K)<\/span> <span class=\"md-plain\">\"Estas lentillas dan los ojos marrones c\u00e1lidos m\u00e1s naturales que he visto nunca\". <\/span><\/p>\n<p class=\"md-end-block md-p\"><span class=\"md-plain\">@GlamourStyle (780K)<\/span> <span class=\"md-plain\">\"Perfecto para crear un look sutil y coqueto. Me encanta para salir por la noche\". <\/span><\/p>\n<p class=\"md-end-block md-p\"><span class=\"md-plain\">@NaturalBeauty (850K)<\/span> <span class=\"md-plain\">\"Realzan maravillosamente los ojos marrones y quedan incre\u00edblemente naturales en ojos claros\".<\/span><\/p>\n<h2 class=\"md-end-block md-heading\"><span class=\"md-plain\">Perfecto para \ud83c\udfaf<\/span><\/h2>\n<ul class=\"ul-list\" data-mark=\"*\">\n<li class=\"md-list-item\">\n<p class=\"md-end-block md-p\"><span class=\"md-plain\">Uso diario<\/span><\/p>\n<\/li>\n<li class=\"md-list-item\">\n<p class=\"md-end-block md-p\"><span class=\"md-plain\">Noches de cita<\/span><\/p>\n<\/li>\n<li class=\"md-list-item\">\n<p class=\"md-end-block md-p\"><span class=\"md-plain\">Actos sociales<\/span><\/p>\n<\/li>\n<li class=\"md-list-item\">\n<p class=\"md-end-block md-p\"><span class=\"md-plain\">Looks de maquillaje natural<\/span><\/p>\n<\/li>\n<li class=\"md-list-item\">\n<p class=\"md-end-block md-p\"><span class=\"md-plain\">Entornos profesionales<\/span><\/p>\n<\/li>\n<li class=\"md-list-item\">\n<p class=\"md-end-block md-p\"><span class=\"md-plain\">Ocasiones informales<\/span><\/p>\n<\/li>\n<\/ul>\n<h2 class=\"md-end-block md-heading\"><span class=\"md-plain\">Gu\u00eda de estilo \ud83d\udc57<\/span><\/h2>\n<p class=\"md-end-block md-p\"><span class=\"md-plain\">Combina muy bien con:<\/span><\/p>\n<ul class=\"ul-list\" data-mark=\"*\">\n<li class=\"md-list-item\">\n<p class=\"md-end-block md-p\"><span class=\"md-plain\">Trajes en tonos tierra<\/span><\/p>\n<\/li>\n<li class=\"md-list-item\">\n<p class=\"md-end-block md-p\"><span class=\"md-plain\">Joyas de oro<\/span><\/p>\n<\/li>\n<li class=\"md-list-item\">\n<p class=\"md-end-block md-p\"><span class=\"md-plain\">Maquillaje de bronce<\/span><\/p>\n<\/li>\n<li class=\"md-list-item\">\n<p class=\"md-end-block md-p\"><span class=\"md-plain\">Looks de tonos c\u00e1lidos<\/span><\/p>\n<\/li>\n<li class=\"md-list-item\">\n<p class=\"md-end-block md-p\"><span class=\"md-plain\">Peinados naturales<\/span><\/p>\n<\/li>\n<li class=\"md-list-item\">\n<p class=\"md-end-block md-p\"><span class=\"md-plain\">Paletas neutras<\/span><\/p>\n<\/li>\n<\/ul>\n<h2 class=\"md-end-block md-heading\"><span class=\"md-plain\">Caracter\u00edsticas de confort \u2705<\/span><\/h2>\n<ul class=\"ul-list\" data-mark=\"*\">\n<li class=\"md-list-item\">\n<p class=\"md-end-block md-p\"><span class=\"md-plain\">Mayor contenido de humedad<\/span><\/p>\n<\/li>\n<li class=\"md-list-item\">\n<p class=\"md-end-block md-p\"><span class=\"md-plain\">Material blando<\/span><\/p>\n<\/li>\n<li class=\"md-list-item\">\n<p class=\"md-end-block md-p\"><span class=\"md-plain\">Bordes lisos<\/span><\/p>\n<\/li>\n<li class=\"md-list-item\">\n<p class=\"md-end-block md-p\"><span class=\"md-plain\">Movimiento natural de los ojos<\/span><\/p>\n<\/li>\n<li class=\"md-list-item\">\n<p class=\"md-end-block md-p\"><span class=\"md-plain\">Calidad de visi\u00f3n HD<\/span><\/p>\n<\/li>\n<li class=\"md-list-item\">\n<p class=\"md-end-block md-p\"><span class=\"md-plain\">Confort duradero<\/span><\/p>\n<\/li>\n<\/ul>\n<h2 class=\"md-end-block md-heading\"><span class=\"md-plain\">Experiencias de los usuarios \ud83d\udde3\ufe0f<\/span><\/h2>\n<p class=\"md-end-block md-p\"><span class=\"md-plain\">\"Hacen que mis ojos parezcan tan c\u00e1lidos y acogedores\".<\/span><\/p>\n<p class=\"md-end-block md-p\"><span class=\"md-plain\">\"Me encanta c\u00f3mo realzan mi color natural de ojos\".<\/span><\/p>\n<p class=\"md-end-block md-p md-focus\"><span class=\"md-plain md-expand\">\"Equilibrio perfecto entre sutil y notable\".<\/span><\/p>\n<h2 class=\"md-end-block md-heading\"><span class=\"md-plain\">Normas de seguridad \ud83d\udee1\ufe0f<\/span><\/h2>\n<ul class=\"ul-list\" data-mark=\"*\">\n<li class=\"md-list-item\">\n<p class=\"md-end-block md-p\"><span class=\"md-plain\">Certificaci\u00f3n ISO<\/span><\/p>\n<\/li>\n<li class=\"md-list-item\">\n<p class=\"md-end-block md-p\"><span class=\"md-plain\">Aprobado por la FDA<\/span><\/p>\n<\/li>\n<li class=\"md-list-item\">\n<p class=\"md-end-block md-p\"><span class=\"md-plain\">Materiales de calidad<\/span><\/p>\n<\/li>\n<li class=\"md-list-item\">\n<p class=\"md-end-block md-p\"><span class=\"md-plain\">Requiere montaje profesional<\/span><\/p>\n<\/li>\n<li class=\"md-list-item\">\n<p class=\"md-end-block md-p\"><span class=\"md-plain\">Se recomiendan revisiones peri\u00f3dicas<\/span><\/p>\n<\/li>\n<li class=\"md-list-item\">\n<p class=\"md-end-block md-p\"><span class=\"md-plain\">Envasado est\u00e9ril<\/span><\/p>\n<\/li>\n<\/ul>\n<p class=\"md-end-block md-p\"><span class=\"md-plain\">\u00a1Transforma tu mirada con las lentes de contacto Flirting Brown! Experimenta la mezcla perfecta de belleza natural y sutil realce que aporta calidez y encanto a tu mirada.<\/span><\/p>\n<p class=\"md-end-block md-p\"><span class=\"md-pair-s\"><em><span class=\"md-plain\">Se recomienda un ajuste profesional para obtener resultados \u00f3ptimos.<\/span><\/em><\/span><\/p>\n<p class=\"md-end-block md-p\"><span class=\"md-plain md-expand\">#FlirtingBrown #NaturalBeauty #ContactLentes<\/span><\/p>","protected":false},"excerpt":{"rendered":"<p>Flirting Brown Contact Lenses: Warm Attraction Collection \ud83e\udd0e Design Inspiration \u2728 These lenses blend rich honey-browns with subtle amber highlights, creating an inviting gaze that enhances natural warmth. The unique pattern features a starburst design with delicate golden flecks radiating from the center, adding depth and sparkle to every glance. Each lens incorporates a multi-tonal [&#8230;]\n","protected":false},"featured_media":2270,"comment_status":"open","ping_status":"closed","template":"","meta":[],"product_brand":[],"product_cat":[80,91,188,158,98],"product_tag":[],"class_list":{"0":"post-2267","1":"product","2":"type-product","3":"status-publish","4":"has-post-thumbnail","6":"product_cat-brown-contact-lenses","7":"product_cat-14-2-mm","8":"product_cat-dream-contacts","9":"product_cat-enlarge-contacts","10":"product_cat-yearly-disposable","12":"first","13":"instock","14":"sale","15":"shipping-taxable","16":"purchasable","17":"product-type-variable","18":"has-default-attributes"},"_links":{"self":[{"href":"https:\/\/bqeye.com\/es\/wp-json\/wp\/v2\/product\/2267","targetHints":{"allow":["GET"]}}],"collection":[{"href":"https:\/\/bqeye.com\/es\/wp-json\/wp\/v2\/product"}],"about":[{"href":"https:\/\/bqeye.com\/es\/wp-json\/wp\/v2\/types\/product"}],"replies":[{"embeddable":true,"href":"https:\/\/bqeye.com\/es\/wp-json\/wp\/v2\/comments?post=2267"}],"wp:featuredmedia":[{"embeddable":true,"href":"https:\/\/bqeye.com\/es\/wp-json\/wp\/v2\/media\/2270"}],"wp:attachment":[{"href":"https:\/\/bqeye.com\/es\/wp-json\/wp\/v2\/media?parent=2267"}],"wp:term":[{"taxonomy":"product_brand","embeddable":true,"href":"https:\/\/bqeye.com\/es\/wp-json\/wp\/v2\/product_brand?post=2267"},{"taxonomy":"product_cat","embeddable":true,"href":"https:\/\/bqeye.com\/es\/wp-json\/wp\/v2\/product_cat?post=2267"},{"taxonomy":"product_tag","embeddable":true,"href":"https:\/\/bqeye.com\/es\/wp-json\/wp\/v2\/product_tag?post=2267"}],"curies":[{"name":"wp","href":"https:\/\/api.w.org\/{rel}","templated":true}]}}