{"id":2315,"date":"2025-02-08T16:38:05","date_gmt":"2025-02-08T08:38:05","guid":{"rendered":"https:\/\/bqeye.com\/?post_type=product&#038;p=2315"},"modified":"2025-02-08T16:42:20","modified_gmt":"2025-02-08T08:42:20","slug":"punk-pink-colored-contacts","status":"publish","type":"product","link":"https:\/\/bqeye.com\/es\/punk-pink-colored-contacts\/","title":{"rendered":"Lentillas de colores rosa punk"},"content":{"rendered":"<h1 class=\"md-end-block md-heading\"><span class=\"md-plain md-expand\">Lentillas de colores rosa punk: Enciende tu esp\u00edritu rebelde<\/span><\/h1>\n<h2 class=\"md-end-block md-heading\"><span class=\"md-plain\">Actitud y estilo Impacto<\/span><\/h2>\n<p class=\"md-end-block md-p\"><span class=\"md-plain\">Estas lentillas de color rosa punk encarnan la rebeld\u00eda m\u00e1s cruda con un toque de actitud atrevida. El tono equilibra a la perfecci\u00f3n un estilo agresivo con un atractivo llamativo, canalizando el esp\u00edritu intr\u00e9pido de la cultura punk y a\u00f1adiendo un toque moderno. Como una explosi\u00f3n s\u00f3nica de tu himno punk favorito, estas lentillas llaman la atenci\u00f3n y son una declaraci\u00f3n inolvidable.<\/span><\/p>\n<p class=\"md-end-block md-p\"><span class=\"md-plain\">La cuidada tonalidad rosa se inspira en la est\u00e9tica DIY de los carteles punk vintage, el brillo de las luces de los clubes underground y la energ\u00eda el\u00e9ctrica de las actuaciones en directo. No es un rosa m\u00e1s: es una actitud en forma de color.<\/span><\/p>\n<h2 class=\"md-end-block md-heading\"><span class=\"md-plain\">El influencer se lleva \ud83c\udfad<\/span><\/h2>\n<ul class=\"ul-list\" data-mark=\"-\">\n<li class=\"md-list-item\">\n<p class=\"md-end-block md-p\"><span class=\"md-plain\">@PunkRockPrincess (2,1 millones de seguidores): \"\u00a1Estas lentillas son pura rebeld\u00eda! \u00a1Perfectas para actuaciones en el escenario y v\u00eddeos musicales! \ud83d\udc97\"<\/span><\/p>\n<\/li>\n<li class=\"md-list-item\">\n<p class=\"md-end-block md-p\"><span class=\"md-plain\">@RiotGrrrl_Rachel (950K seguidores): \"\u00a1Encontr\u00e9 mi look de firma! \u00a1Estas lentillas rosas combinan perfectamente con mi mohawk! \ud83c\udfb8\"<\/span><\/p>\n<\/li>\n<li class=\"md-list-item\">\n<p class=\"md-end-block md-p\"><span class=\"md-plain\">@AlternativeQueen_Jade (880K seguidores): \"Las mejores lentillas de colores para los conciertos punk: \u00a1se mantienen perfectas incluso en el mosh pit! \u26a1\"<\/span><\/p>\n<\/li>\n<\/ul>\n<h2 class=\"md-end-block md-heading\"><span class=\"md-plain\">Historias reales de usuarios<\/span><\/h2>\n<p class=\"md-end-block md-p\"><span class=\"md-plain\">\"Estas lentillas transforman totalmente mi look: son como una actitud punk instant\u00e1nea para tus ojos\". - Spike, vocalista de banda<\/span><\/p>\n<p class=\"md-end-block md-p\"><span class=\"md-plain\">\"Me encanta c\u00f3mo complementan mi pelo rosa. El color es atrevido pero a la vez ponible\". - Ruby, modelo alternativa<\/span><\/p>\n<p class=\"md-end-block md-p\"><span class=\"md-plain\">\"Perfectos para mis actuaciones de punk rock: me ayudan mucho a conectar con el p\u00fablico\". - Storm, Guitarrista<\/span><\/p>\n<h2 class=\"md-end-block md-heading\"><span class=\"md-plain\">Confort y seguridad<\/span><\/h2>\n<p class=\"md-end-block md-p\"><span class=\"md-plain\">Fabricadas para la intensidad del estilo de vida punk, estas lentillas cuentan con:<\/span><\/p>\n<ul class=\"ul-list\" data-mark=\"-\">\n<li class=\"md-list-item\">\n<p class=\"md-end-block md-p\"><span class=\"md-plain\">Materiales de confort de alta calidad<\/span><\/p>\n<\/li>\n<li class=\"md-list-item\">\n<p class=\"md-end-block md-p\"><span class=\"md-plain\">Mayor capacidad de desgaste<\/span><\/p>\n<\/li>\n<li class=\"md-list-item\">\n<p class=\"md-end-block md-p\"><span class=\"md-plain\">Tecnolog\u00eda rica en humedad<\/span><\/p>\n<\/li>\n<li class=\"md-list-item\">\n<p class=\"md-end-block md-p\"><span class=\"md-plain\">Infusi\u00f3n de color estable<\/span><\/p>\n<\/li>\n<li class=\"md-list-item\">\n<p class=\"md-end-block md-p\"><span class=\"md-plain\">Dise\u00f1o de ajuste de precisi\u00f3n<\/span><\/p>\n<\/li>\n<\/ul>\n<p class=\"md-end-block md-p\"><span class=\"md-plain\">Cada par cumple estrictas normas de seguridad al tiempo que ofrece el m\u00e1ximo impacto visual. Su innovador dise\u00f1o garantiza la comodidad durante largos espect\u00e1culos, sesiones fotogr\u00e1ficas o el uso diario.<\/span><\/p>\n<h2 class=\"md-end-block md-heading\"><span class=\"md-plain\">Haga su declaraci\u00f3n<\/span><\/h2>\n<p class=\"md-end-block md-p\"><span class=\"md-plain\">\u00bfListo para dar rienda suelta al punk que llevas dentro? Estas lentillas de color rosa son tu boleto a la actitud instant\u00e1nea. Perfectas para:<\/span><\/p>\n<ul class=\"ul-list\" data-mark=\"-\">\n<li class=\"md-list-item\">\n<p class=\"md-end-block md-p\"><span class=\"md-plain\">Actuaciones en directo<\/span><\/p>\n<\/li>\n<li class=\"md-list-item\">\n<p class=\"md-end-block md-p\"><span class=\"md-plain\">Festivales de m\u00fasica<\/span><\/p>\n<\/li>\n<li class=\"md-list-item\">\n<p class=\"md-end-block md-p\"><span class=\"md-plain\">Sesiones de fotos alternativas<\/span><\/p>\n<\/li>\n<li class=\"md-list-item\">\n<p class=\"md-end-block md-p\"><span class=\"md-plain\">Rebeli\u00f3n cotidiana<\/span><\/p>\n<\/li>\n<li class=\"md-list-item\">\n<p class=\"md-end-block md-p\"><span class=\"md-plain\">Eventos punk rock<\/span><\/p>\n<\/li>\n<\/ul>\n<p class=\"md-end-block md-p\"><span class=\"md-plain\">Estas lentes ofrecen la mezcla perfecta de valor de impacto y estilo ponible.<\/span><\/p>\n<p class=\"md-end-block md-p\"><span class=\"md-plain\">\u00danete a la revoluci\u00f3n punk y descubre c\u00f3mo estas lentillas de color rosa pueden amplificar tu look alternativo. Tus ojos cuentan tu historia: \u00a1haz que sea fuerte e inolvidable! Con estas lentillas, no solo cambiar\u00e1s el color de tus ojos, sino que har\u00e1s una audaz declaraci\u00f3n sobre qui\u00e9n eres.<\/span><\/p>\n<p class=\"md-end-block md-p md-focus\"><span class=\"md-plain md-expand\">No esperes m\u00e1s para abrazar tu esp\u00edritu rebelde. Experimenta la fusi\u00f3n de actitud punk y comodidad moderna con estas revolucionarias lentillas de color rosa. \u00a1Tu pr\u00f3ximo look ic\u00f3nico te llama!<\/span><\/p>","protected":false},"excerpt":{"rendered":"<p>Punk Pink Colored Contacts: Ignite Your Rebel Spirit! Attitude &amp; Style Impact These punk pink colored contacts embody raw rebellion with a splash of bold attitude. The shade perfectly balances aggressive style with eye-catching allure, channeling the fearless spirit of punk culture while adding a modern twist. Like a sonic blast from your favorite punk [&#8230;]\n","protected":false},"featured_media":2318,"comment_status":"open","ping_status":"closed","template":"","meta":[],"product_brand":[],"product_cat":[381,92,74,98],"product_tag":[],"class_list":{"0":"post-2315","1":"product","2":"type-product","3":"status-publish","4":"has-post-thumbnail","6":"product_cat-punk-series-colored-contacts","7":"product_cat-14-5-mm","8":"product_cat-pink-contact-lenses","9":"product_cat-yearly-disposable","11":"first","12":"instock","13":"sale","14":"shipping-taxable","15":"purchasable","16":"product-type-variable","17":"has-default-attributes"},"_links":{"self":[{"href":"https:\/\/bqeye.com\/es\/wp-json\/wp\/v2\/product\/2315","targetHints":{"allow":["GET"]}}],"collection":[{"href":"https:\/\/bqeye.com\/es\/wp-json\/wp\/v2\/product"}],"about":[{"href":"https:\/\/bqeye.com\/es\/wp-json\/wp\/v2\/types\/product"}],"replies":[{"embeddable":true,"href":"https:\/\/bqeye.com\/es\/wp-json\/wp\/v2\/comments?post=2315"}],"wp:featuredmedia":[{"embeddable":true,"href":"https:\/\/bqeye.com\/es\/wp-json\/wp\/v2\/media\/2318"}],"wp:attachment":[{"href":"https:\/\/bqeye.com\/es\/wp-json\/wp\/v2\/media?parent=2315"}],"wp:term":[{"taxonomy":"product_brand","embeddable":true,"href":"https:\/\/bqeye.com\/es\/wp-json\/wp\/v2\/product_brand?post=2315"},{"taxonomy":"product_cat","embeddable":true,"href":"https:\/\/bqeye.com\/es\/wp-json\/wp\/v2\/product_cat?post=2315"},{"taxonomy":"product_tag","embeddable":true,"href":"https:\/\/bqeye.com\/es\/wp-json\/wp\/v2\/product_tag?post=2315"}],"curies":[{"name":"wp","href":"https:\/\/api.w.org\/{rel}","templated":true}]}}